{"id":9426,"date":"2024-04-09T06:42:18","date_gmt":"2024-04-09T06:42:18","guid":{"rendered":"https:\/\/herik.nl\/arbeiten-bei\/"},"modified":"2025-10-01T10:00:04","modified_gmt":"2025-10-01T10:00:04","slug":"arbeiten-bei","status":"publish","type":"page","link":"https:\/\/herik.nl\/de\/arbeiten-bei\/","title":{"rendered":"Arbeiten bei"},"content":{"rendered":"\n<section class=\"section-afbeelding-met-golfscheiding\">\n    \t\t<div data-elementor-type=\"section\" data-elementor-id=\"9435\" class=\"elementor elementor-9435 elementor-1442\" data-elementor-post-type=\"elementor_library\">\n\t\t\t<div class=\"elementor-element elementor-element-2c557bc e-con-full e-flex aw-Hintergrundnormal e-con e-parent\" data-id=\"2c557bc\" data-element_type=\"container\" data-e-type=\"container\" id=\"aw-hero-img\" data-settings=\"{&quot;background_background&quot;:&quot;classic&quot;}\">\n\t\t\t\t<div class=\"elementor-element elementor-element-7dc8102 elementor-widget elementor-widget-image\" data-id=\"7dc8102\" data-element_type=\"widget\" data-e-type=\"widget\" data-widget_type=\"image.default\">\n\t\t\t\t<div class=\"elementor-widget-container\">\n\t\t\t\t\t\t\t\t\t\t\t\t\t\t\t<img fetchpriority=\"high\" decoding=\"async\" width=\"3000\" height=\"1000\" src=\"https:\/\/herik.nl\/wp-content\/uploads\/2025\/08\/Julianakanaal-7-projectteam-VDH-e1755263490164.jpg\" class=\"attachment-full size-full wp-image-8888\" alt=\"\" srcset=\"https:\/\/herik.nl\/wp-content\/uploads\/2025\/08\/Julianakanaal-7-projectteam-VDH-e1755263490164.jpg 3000w, https:\/\/herik.nl\/wp-content\/uploads\/2025\/08\/Julianakanaal-7-projectteam-VDH-e1755263490164-300x100.jpg 300w, https:\/\/herik.nl\/wp-content\/uploads\/2025\/08\/Julianakanaal-7-projectteam-VDH-e1755263490164-1024x341.jpg 1024w, https:\/\/herik.nl\/wp-content\/uploads\/2025\/08\/Julianakanaal-7-projectteam-VDH-e1755263490164-768x256.jpg 768w, https:\/\/herik.nl\/wp-content\/uploads\/2025\/08\/Julianakanaal-7-projectteam-VDH-e1755263490164-1536x512.jpg 1536w, https:\/\/herik.nl\/wp-content\/uploads\/2025\/08\/Julianakanaal-7-projectteam-VDH-e1755263490164-2048x683.jpg 2048w, https:\/\/herik.nl\/wp-content\/uploads\/2025\/08\/Julianakanaal-7-projectteam-VDH-e1755263490164-574x191.jpg 574w, https:\/\/herik.nl\/wp-content\/uploads\/2025\/08\/Julianakanaal-7-projectteam-VDH-e1755263490164-1918x639.jpg 1918w\" sizes=\"(max-width: 3000px) 100vw, 3000px\" \/>\t\t\t\t\t\t\t\t\t\t\t\t\t\t\t<\/div>\n\t\t\t\t<\/div>\n\t\t\t\t<\/div>\n\t\t\t\t<\/div>\n\t\t<\/section>\n\n\n<section class=\"section-tekst-links-rechts-met-titel-en-knop\">\n    \t\t<div data-elementor-type=\"section\" data-elementor-id=\"9470\" class=\"elementor elementor-9470 elementor-401\" data-elementor-post-type=\"elementor_library\">\n\t\t\t<div class=\"elementor-element elementor-element-9664973 e-flex e-con-boxed aw-kleur-wei\u00df  e-con e-parent\" data-id=\"9664973\" data-element_type=\"container\" data-e-type=\"container\" data-settings=\"{&quot;background_background&quot;:&quot;classic&quot;}\">\n\t\t\t\t\t<div class=\"e-con-inner\">\n\t\t<div class=\"elementor-element elementor-element-8715406 e-con-full e-flex e-con e-child\" data-id=\"8715406\" data-element_type=\"container\" data-e-type=\"container\">\n\t\t\t\t<div class=\"elementor-element elementor-element-2c84e5b Titel Links elementor-widget elementor-widget-heading\" data-id=\"2c84e5b\" data-element_type=\"widget\" data-e-type=\"widget\" data-widget_type=\"heading.default\">\n\t\t\t\t<div class=\"elementor-widget-container\">\n\t\t\t\t\t<h1 class=\"elementor-heading-title elementor-size-default\">TRETEN SIE EIN IN UNSERE WELT UND BAUEN SIE MIT UNS<\/h1>\t\t\t\t<\/div>\n\t\t\t\t<\/div>\n\t\t\t\t<\/div>\n\t\t<div class=\"elementor-element elementor-element-c0f0756 e-con-full e-flex e-con e-child\" data-id=\"c0f0756\" data-element_type=\"container\" data-e-type=\"container\">\n\t\t\t\t<div class=\"elementor-element elementor-element-04b29e3 elementor-widget__width-initial elementor-widget-mobile__width-inherit elementor-widget elementor-widget-text-editor\" data-id=\"04b29e3\" data-element_type=\"widget\" data-e-type=\"widget\" data-widget_type=\"text-editor.default\">\n\t\t\t\t<div class=\"elementor-widget-container\">\n\t\t\t\t\t\t\t\t\t<p>Bei Van den Herik werden Sie t\u00e4glich zu bahnbrechenden Infrastrukturl\u00f6sungen beitragen. Hier arbeiten Sie in einem Umfeld, in dem pers\u00f6nliches Wachstum an erster Stelle steht und Sie als Individuum wirklich z\u00e4hlen. Unsere Unternehmenskultur ist famili\u00e4r und unsere Mentalit\u00e4t ist &#8218;unkompliziert&#8216;.  <\/p>\n\t\t\t\t\t\t\t\t<\/div>\n\t\t\t\t<\/div>\n\t\t\t\t<\/div>\n\t\t<div class=\"elementor-element elementor-element-36e48a0 e-con-full e-flex e-con e-child\" data-id=\"36e48a0\" data-element_type=\"container\" data-e-type=\"container\">\n\t\t\t\t<div class=\"elementor-element elementor-element-46c520d elementor-widget__width-initial elementor-widget elementor-widget-text-editor\" data-id=\"46c520d\" data-element_type=\"widget\" data-e-type=\"widget\" data-widget_type=\"text-editor.default\">\n\t\t\t\t<div class=\"elementor-widget-container\">\n\t\t\t\t\t\t\t\t\t<p>Kreativit\u00e4t und Innovation liegen in unserer DNA. Wo Standardl\u00f6sungen nicht ausreichen, treten wir mit innovativen Ideen hervor. Transparenz und kurze Kommunikationswege sind das Herzst\u00fcck unserer Arbeit, und wir erwarten das Gleiche von Ihnen.  <\/p>\n<p><strong class=\"\">K\u00f6nnen Sie sich mit diesen Werten identifizieren und f\u00fchlen Sie sich von unserem Ansatz angesprochen? Dann passen Sie perfekt zu Van den Herik. <\/strong><\/p>\n\t\t\t\t\t\t\t\t<\/div>\n\t\t\t\t<\/div>\n\t\t\t\t<\/div>\n\t\t\t\t\t<\/div>\n\t\t\t\t<\/div>\n\t\t\t\t<\/div>\n\t\t<\/section>\n\n\n<section class=\"section-titel-met-twee-knoppen-en-beschrijvingen\">\n    \t\t<div data-elementor-type=\"section\" data-elementor-id=\"9684\" class=\"elementor elementor-9684 elementor-3706\" data-elementor-post-type=\"elementor_library\">\n\t\t\t<div class=\"elementor-element elementor-element-8afbd12 e-flex e-con-boxed aw-Farbe-gr\u00fcn e-con e-parent\" data-id=\"8afbd12\" data-element_type=\"container\" data-e-type=\"container\" data-settings=\"{&quot;background_background&quot;:&quot;classic&quot;}\">\n\t\t\t\t\t<div class=\"e-con-inner\">\n\t\t<div class=\"elementor-element elementor-element-9c103fa e-flex e-con-boxed e-con e-child\" data-id=\"9c103fa\" data-element_type=\"container\" data-e-type=\"container\">\n\t\t\t\t\t<div class=\"e-con-inner\">\n\t\t\t\t<div class=\"elementor-element elementor-element-d98349a elementor-widget__width-initial elementor-widget elementor-widget-heading\" data-id=\"d98349a\" data-element_type=\"widget\" data-e-type=\"widget\" data-widget_type=\"heading.default\">\n\t\t\t\t<div class=\"elementor-widget-container\">\n\t\t\t\t\t<h2 class=\"elementor-heading-title elementor-size-default\">Helfen Sie mit, die Infrastruktur von morgen aufzubauen!<\/h2>\t\t\t\t<\/div>\n\t\t\t\t<\/div>\n\t\t\t\t\t<\/div>\n\t\t\t\t<\/div>\n\t\t<div class=\"elementor-element elementor-element-97d6d2b e-flex e-con-boxed e-con e-child\" data-id=\"97d6d2b\" data-element_type=\"container\" data-e-type=\"container\">\n\t\t\t\t\t<div class=\"e-con-inner\">\n\t\t<div class=\"elementor-element elementor-element-ab3129d e-flex e-con-boxed e-con e-child\" data-id=\"ab3129d\" data-element_type=\"container\" data-e-type=\"container\">\n\t\t\t\t\t<div class=\"e-con-inner\">\n\t\t\t\t<div class=\"elementor-element elementor-element-58e32ec elementor-align-center elementor-widget elementor-widget-button\" data-id=\"58e32ec\" data-element_type=\"widget\" data-e-type=\"widget\" data-widget_type=\"button.default\">\n\t\t\t\t<div class=\"elementor-widget-container\">\n\t\t\t\t\t\t\t\t\t<div class=\"elementor-button-wrapper\">\n\t\t\t\t\t<a class=\"elementor-button elementor-button-link elementor-size-sm\" href=\"https:\/\/herik.nl\/de\/arbeiten-bei-van-den-herik-starter\/\">\n\t\t\t\t\t\t<span class=\"elementor-button-content-wrapper\">\n\t\t\t\t\t\t\t\t\t<span class=\"elementor-button-text\">Als Student oder Berufsanf\u00e4nger<\/span>\n\t\t\t\t\t<\/span>\n\t\t\t\t\t<\/a>\n\t\t\t\t<\/div>\n\t\t\t\t\t\t\t\t<\/div>\n\t\t\t\t<\/div>\n\t\t\t\t<div class=\"elementor-element elementor-element-cae9c7b elementor-widget elementor-widget-heading\" data-id=\"cae9c7b\" data-element_type=\"widget\" data-e-type=\"widget\" data-widget_type=\"heading.default\">\n\t\t\t\t<div class=\"elementor-widget-container\">\n\t\t\t\t\t<h5 class=\"elementor-heading-title elementor-size-default\"><p>M\u00f6chten Sie Ihre wahren Talente und Leidenschaften entdecken? In einem Spitzenunternehmen wachsen und die (Wasser-)Landschaft der Zukunft mitgestalten? <\/p>\n<\/h5>\t\t\t\t<\/div>\n\t\t\t\t<\/div>\n\t\t\t\t<div class=\"elementor-element elementor-element-4caf84e elementor-widget elementor-widget-heading\" data-id=\"4caf84e\" data-element_type=\"widget\" data-e-type=\"widget\" data-widget_type=\"heading.default\">\n\t\t\t\t<div class=\"elementor-widget-container\">\n\t\t\t\t\t<h6 class=\"elementor-heading-title elementor-size-default\"><p>Dann sind Sie bei uns richtig!<\/p>\n<\/h6>\t\t\t\t<\/div>\n\t\t\t\t<\/div>\n\t\t\t\t\t<\/div>\n\t\t\t\t<\/div>\n\t\t<div class=\"elementor-element elementor-element-f1ad9b4 e-flex e-con-boxed e-con e-child\" data-id=\"f1ad9b4\" data-element_type=\"container\" data-e-type=\"container\">\n\t\t\t\t\t<div class=\"e-con-inner\">\n\t\t\t\t<div class=\"elementor-element elementor-element-7677436 elementor-align-center elementor-widget elementor-widget-button\" data-id=\"7677436\" data-element_type=\"widget\" data-e-type=\"widget\" data-widget_type=\"button.default\">\n\t\t\t\t<div class=\"elementor-widget-container\">\n\t\t\t\t\t\t\t\t\t<div class=\"elementor-button-wrapper\">\n\t\t\t\t\t<a class=\"elementor-button elementor-button-link elementor-size-sm\" href=\"https:\/\/herik.nl\/de\/arbeiten-bei-van-den-herik-professional\/\">\n\t\t\t\t\t\t<span class=\"elementor-button-content-wrapper\">\n\t\t\t\t\t\t\t\t\t<span class=\"elementor-button-text\">Als Profi<\/span>\n\t\t\t\t\t<\/span>\n\t\t\t\t\t<\/a>\n\t\t\t\t<\/div>\n\t\t\t\t\t\t\t\t<\/div>\n\t\t\t\t<\/div>\n\t\t\t\t<div class=\"elementor-element elementor-element-aa223b6 elementor-widget elementor-widget-heading\" data-id=\"aa223b6\" data-element_type=\"widget\" data-e-type=\"widget\" data-widget_type=\"heading.default\">\n\t\t\t\t<div class=\"elementor-widget-container\">\n\t\t\t\t\t<h5 class=\"elementor-heading-title elementor-size-default\"><p>Sind Sie auf der Suche nach einer neuen Stelle im Wasserbau oder wollen Sie den n\u00e4chsten Schritt in Ihrer Karriere machen?<\/p>\n<\/h5>\t\t\t\t<\/div>\n\t\t\t\t<\/div>\n\t\t\t\t<div class=\"elementor-element elementor-element-30e069f elementor-widget elementor-widget-heading\" data-id=\"30e069f\" data-element_type=\"widget\" data-e-type=\"widget\" data-widget_type=\"heading.default\">\n\t\t\t\t<div class=\"elementor-widget-container\">\n\t\t\t\t\t<h6 class=\"elementor-heading-title elementor-size-default\"><p>Wenn ja, haben wir Ihnen viel zu bieten!<\/p>\n<\/h6>\t\t\t\t<\/div>\n\t\t\t\t<\/div>\n\t\t\t\t\t<\/div>\n\t\t\t\t<\/div>\n\t\t\t\t\t<\/div>\n\t\t\t\t<\/div>\n\t\t\t\t\t<\/div>\n\t\t\t\t<\/div>\n\t\t<div class=\"elementor-element elementor-element-264083d e-flex e-con-boxed aw-Farbe-gr\u00fcn e-con e-parent\" data-id=\"264083d\" data-element_type=\"container\" data-e-type=\"container\" id=\"aw-twee-knoppen-divider\" data-settings=\"{&quot;background_background&quot;:&quot;classic&quot;}\">\n\t\t\t\t\t<div class=\"e-con-inner\">\n\t\t<div class=\"elementor-element elementor-element-48fb0f4 e-flex e-con-boxed e-con e-child\" data-id=\"48fb0f4\" data-element_type=\"container\" data-e-type=\"container\">\n\t\t\t\t\t<div class=\"e-con-inner\">\n\t\t<div class=\"elementor-element elementor-element-d5115be e-con-full e-flex e-con e-child\" data-id=\"d5115be\" data-element_type=\"container\" data-e-type=\"container\">\n\t\t\t\t<div class=\"elementor-element elementor-element-f7e56ed aw-quote elementor-widget elementor-widget-heading\" data-id=\"f7e56ed\" data-element_type=\"widget\" data-e-type=\"widget\" data-widget_type=\"heading.default\">\n\t\t\t\t<div class=\"elementor-widget-container\">\n\t\t\t\t\t<p class=\"elementor-heading-title elementor-size-default\"><p>&#8220;Ich arbeite jetzt seit etwa 2 Jahren bei Van den Herik und es macht mir wirklich sehr viel Spa\u00df! Dank all der netten und hilfsbereiten Kollegen habe ich meinen Einstieg wirklich als ein warmes Bad erlebt. Es ist toll zu sehen und zu sp\u00fcren, wie stolz alle auf die Arbeit und den Club sind, den wir machen!&#8220;`<br \/>\n<strong>Kristel van der Pol<\/strong> | <em>Marketing &amp; Communications<\/em><\/p>\n<\/p>\t\t\t\t<\/div>\n\t\t\t\t<\/div>\n\t\t\t\t<\/div>\n\t\t<div class=\"elementor-element elementor-element-d05aa8c e-con-full aw-img e-flex e-con e-child\" data-id=\"d05aa8c\" data-element_type=\"container\" data-e-type=\"container\">\n\t\t\t\t<div class=\"elementor-element elementor-element-d5cfa90 elementor-widget elementor-widget-image\" data-id=\"d5cfa90\" data-element_type=\"widget\" data-e-type=\"widget\" data-widget_type=\"image.default\">\n\t\t\t\t<div class=\"elementor-widget-container\">\n\t\t\t\t\t\t\t\t\t\t\t\t\t\t\t<img decoding=\"async\" width=\"400\" height=\"400\" src=\"https:\/\/herik.nl\/wp-content\/uploads\/2025\/05\/Portret-Kristel-van-der-Pol-400x400-1.jpg\" class=\"attachment-large size-large wp-image-8828\" alt=\"\" srcset=\"https:\/\/herik.nl\/wp-content\/uploads\/2025\/05\/Portret-Kristel-van-der-Pol-400x400-1.jpg 400w, https:\/\/herik.nl\/wp-content\/uploads\/2025\/05\/Portret-Kristel-van-der-Pol-400x400-1-300x300.jpg 300w, https:\/\/herik.nl\/wp-content\/uploads\/2025\/05\/Portret-Kristel-van-der-Pol-400x400-1-150x150.jpg 150w\" sizes=\"(max-width: 400px) 100vw, 400px\" \/>\t\t\t\t\t\t\t\t\t\t\t\t\t\t\t<\/div>\n\t\t\t\t<\/div>\n\t\t\t\t<\/div>\n\t\t\t\t\t<\/div>\n\t\t\t\t<\/div>\n\t\t\t\t\t<\/div>\n\t\t\t\t<\/div>\n\t\t\t\t<\/div>\n\t\t<\/section>","protected":false},"excerpt":{"rendered":"","protected":false},"author":1,"featured_media":0,"parent":0,"menu_order":50,"comment_status":"closed","ping_status":"closed","template":"","meta":{"_acf_changed":false,"footnotes":""},"class_list":["post-9426","page","type-page","status-publish","hentry"],"acf":[],"yoast_head":"<!-- This site is optimized with the Yoast SEO plugin v27.3 - https:\/\/yoast.com\/product\/yoast-seo-wordpress\/ -->\n<title>Arbeiten bei - van den Herik Sliedrecht<\/title>\n<meta name=\"robots\" content=\"index, follow, max-snippet:-1, max-image-preview:large, max-video-preview:-1\" \/>\n<link rel=\"canonical\" href=\"https:\/\/herik.nl\/de\/arbeiten-bei\/\" \/>\n<meta property=\"og:locale\" content=\"de_DE\" \/>\n<meta property=\"og:type\" content=\"article\" \/>\n<meta property=\"og:title\" content=\"Arbeiten bei - van den Herik Sliedrecht\" \/>\n<meta property=\"og:url\" content=\"https:\/\/herik.nl\/de\/arbeiten-bei\/\" \/>\n<meta property=\"og:site_name\" content=\"van den Herik Sliedrecht\" \/>\n<meta property=\"article:modified_time\" content=\"2025-10-01T10:00:04+00:00\" \/>\n<meta name=\"twitter:card\" content=\"summary_large_image\" \/>\n<meta name=\"twitter:label1\" content=\"Gesch\u00e4tzte Lesezeit\" \/>\n\t<meta name=\"twitter:data1\" content=\"2 Minuten\" \/>\n<script type=\"application\/ld+json\" class=\"yoast-schema-graph\">{\"@context\":\"https:\\\/\\\/schema.org\",\"@graph\":[{\"@type\":\"WebPage\",\"@id\":\"https:\\\/\\\/herik.nl\\\/de\\\/arbeiten-bei\\\/\",\"url\":\"https:\\\/\\\/herik.nl\\\/de\\\/arbeiten-bei\\\/\",\"name\":\"Arbeiten bei - van den Herik Sliedrecht\",\"isPartOf\":{\"@id\":\"https:\\\/\\\/herik.nl\\\/de\\\/#website\"},\"datePublished\":\"2024-04-09T06:42:18+00:00\",\"dateModified\":\"2025-10-01T10:00:04+00:00\",\"breadcrumb\":{\"@id\":\"https:\\\/\\\/herik.nl\\\/de\\\/arbeiten-bei\\\/#breadcrumb\"},\"inLanguage\":\"de\",\"potentialAction\":[{\"@type\":\"ReadAction\",\"target\":[\"https:\\\/\\\/herik.nl\\\/de\\\/arbeiten-bei\\\/\"]}]},{\"@type\":\"BreadcrumbList\",\"@id\":\"https:\\\/\\\/herik.nl\\\/de\\\/arbeiten-bei\\\/#breadcrumb\",\"itemListElement\":[{\"@type\":\"ListItem\",\"position\":1,\"name\":\"Home\",\"item\":\"https:\\\/\\\/herik.nl\\\/de\\\/\"},{\"@type\":\"ListItem\",\"position\":2,\"name\":\"Arbeiten bei\"}]},{\"@type\":\"WebSite\",\"@id\":\"https:\\\/\\\/herik.nl\\\/de\\\/#website\",\"url\":\"https:\\\/\\\/herik.nl\\\/de\\\/\",\"name\":\"van den Herik Sliedrecht\",\"description\":\"\",\"potentialAction\":[{\"@type\":\"SearchAction\",\"target\":{\"@type\":\"EntryPoint\",\"urlTemplate\":\"https:\\\/\\\/herik.nl\\\/de\\\/?s={search_term_string}\"},\"query-input\":{\"@type\":\"PropertyValueSpecification\",\"valueRequired\":true,\"valueName\":\"search_term_string\"}}],\"inLanguage\":\"de\"}]}<\/script>\n<!-- \/ Yoast SEO plugin. -->","yoast_head_json":{"title":"Arbeiten bei - van den Herik Sliedrecht","robots":{"index":"index","follow":"follow","max-snippet":"max-snippet:-1","max-image-preview":"max-image-preview:large","max-video-preview":"max-video-preview:-1"},"canonical":"https:\/\/herik.nl\/de\/arbeiten-bei\/","og_locale":"de_DE","og_type":"article","og_title":"Arbeiten bei - van den Herik Sliedrecht","og_url":"https:\/\/herik.nl\/de\/arbeiten-bei\/","og_site_name":"van den Herik Sliedrecht","article_modified_time":"2025-10-01T10:00:04+00:00","twitter_card":"summary_large_image","twitter_misc":{"Gesch\u00e4tzte Lesezeit":"2 Minuten"},"schema":{"@context":"https:\/\/schema.org","@graph":[{"@type":"WebPage","@id":"https:\/\/herik.nl\/de\/arbeiten-bei\/","url":"https:\/\/herik.nl\/de\/arbeiten-bei\/","name":"Arbeiten bei - van den Herik Sliedrecht","isPartOf":{"@id":"https:\/\/herik.nl\/de\/#website"},"datePublished":"2024-04-09T06:42:18+00:00","dateModified":"2025-10-01T10:00:04+00:00","breadcrumb":{"@id":"https:\/\/herik.nl\/de\/arbeiten-bei\/#breadcrumb"},"inLanguage":"de","potentialAction":[{"@type":"ReadAction","target":["https:\/\/herik.nl\/de\/arbeiten-bei\/"]}]},{"@type":"BreadcrumbList","@id":"https:\/\/herik.nl\/de\/arbeiten-bei\/#breadcrumb","itemListElement":[{"@type":"ListItem","position":1,"name":"Home","item":"https:\/\/herik.nl\/de\/"},{"@type":"ListItem","position":2,"name":"Arbeiten bei"}]},{"@type":"WebSite","@id":"https:\/\/herik.nl\/de\/#website","url":"https:\/\/herik.nl\/de\/","name":"van den Herik Sliedrecht","description":"","potentialAction":[{"@type":"SearchAction","target":{"@type":"EntryPoint","urlTemplate":"https:\/\/herik.nl\/de\/?s={search_term_string}"},"query-input":{"@type":"PropertyValueSpecification","valueRequired":true,"valueName":"search_term_string"}}],"inLanguage":"de"}]}},"_links":{"self":[{"href":"https:\/\/herik.nl\/de\/wp-json\/wp\/v2\/pages\/9426","targetHints":{"allow":["GET"]}}],"collection":[{"href":"https:\/\/herik.nl\/de\/wp-json\/wp\/v2\/pages"}],"about":[{"href":"https:\/\/herik.nl\/de\/wp-json\/wp\/v2\/types\/page"}],"author":[{"embeddable":true,"href":"https:\/\/herik.nl\/de\/wp-json\/wp\/v2\/users\/1"}],"replies":[{"embeddable":true,"href":"https:\/\/herik.nl\/de\/wp-json\/wp\/v2\/comments?post=9426"}],"version-history":[{"count":2,"href":"https:\/\/herik.nl\/de\/wp-json\/wp\/v2\/pages\/9426\/revisions"}],"predecessor-version":[{"id":9773,"href":"https:\/\/herik.nl\/de\/wp-json\/wp\/v2\/pages\/9426\/revisions\/9773"}],"wp:attachment":[{"href":"https:\/\/herik.nl\/de\/wp-json\/wp\/v2\/media?parent=9426"}],"curies":[{"name":"wp","href":"https:\/\/api.w.org\/{rel}","templated":true}]}}