{"id":9422,"date":"2024-04-09T06:41:20","date_gmt":"2024-04-09T06:41:20","guid":{"rendered":"https:\/\/herik.nl\/maerkte\/"},"modified":"2026-02-09T11:49:55","modified_gmt":"2026-02-09T11:49:55","slug":"maerkte","status":"publish","type":"page","link":"https:\/\/herik.nl\/de\/maerkte\/","title":{"rendered":"M\u00e4rkte"},"content":{"rendered":"\n<section class=\"section-afbeelding-met-golfscheiding\">\n    \t\t<div data-elementor-type=\"section\" data-elementor-id=\"9435\" class=\"elementor elementor-9435 elementor-1442\" data-elementor-post-type=\"elementor_library\">\n\t\t\t<div class=\"elementor-element elementor-element-2c557bc e-con-full e-flex aw-Hintergrundnormal e-con e-parent\" data-id=\"2c557bc\" data-element_type=\"container\" data-e-type=\"container\" id=\"aw-hero-img\" data-settings=\"{&quot;background_background&quot;:&quot;classic&quot;}\">\n\t\t\t\t<div class=\"elementor-element elementor-element-7dc8102 elementor-widget elementor-widget-image\" data-id=\"7dc8102\" data-element_type=\"widget\" data-e-type=\"widget\" data-widget_type=\"image.default\">\n\t\t\t\t<div class=\"elementor-widget-container\">\n\t\t\t\t\t\t\t\t\t\t\t\t\t\t\t<img fetchpriority=\"high\" decoding=\"async\" width=\"2560\" height=\"933\" src=\"https:\/\/herik.nl\/wp-content\/uploads\/2024\/12\/Van-den-Herik-Holands-Diep.jpg\" class=\"attachment-full size-full wp-image-8544\" alt=\"\" srcset=\"https:\/\/herik.nl\/wp-content\/uploads\/2024\/12\/Van-den-Herik-Holands-Diep.jpg 2560w, https:\/\/herik.nl\/wp-content\/uploads\/2024\/12\/Van-den-Herik-Holands-Diep-300x109.jpg 300w, https:\/\/herik.nl\/wp-content\/uploads\/2024\/12\/Van-den-Herik-Holands-Diep-1024x373.jpg 1024w, https:\/\/herik.nl\/wp-content\/uploads\/2024\/12\/Van-den-Herik-Holands-Diep-768x280.jpg 768w, https:\/\/herik.nl\/wp-content\/uploads\/2024\/12\/Van-den-Herik-Holands-Diep-1536x560.jpg 1536w, https:\/\/herik.nl\/wp-content\/uploads\/2024\/12\/Van-den-Herik-Holands-Diep-2048x746.jpg 2048w, https:\/\/herik.nl\/wp-content\/uploads\/2024\/12\/Van-den-Herik-Holands-Diep-574x209.jpg 574w, https:\/\/herik.nl\/wp-content\/uploads\/2024\/12\/Van-den-Herik-Holands-Diep-1918x699.jpg 1918w\" sizes=\"(max-width: 2560px) 100vw, 2560px\" \/>\t\t\t\t\t\t\t\t\t\t\t\t\t\t\t<\/div>\n\t\t\t\t<\/div>\n\t\t\t\t<\/div>\n\t\t\t\t<\/div>\n\t\t<\/section>\n\n<section class=\"section-tekst-accordeon-en-vormscheiding\">\n    \t\t<div data-elementor-type=\"section\" data-elementor-id=\"9465\" class=\"elementor elementor-9465 elementor-592\" data-elementor-post-type=\"elementor_library\">\n\t\t\t<div class=\"elementor-element elementor-element-1f4de1c e-flex e-con-boxed aw-Farbe-groen e-con e-parent\" data-id=\"1f4de1c\" data-element_type=\"container\" data-e-type=\"container\" data-settings=\"{&quot;background_background&quot;:&quot;classic&quot;}\">\n\t\t\t\t\t<div class=\"e-con-inner\">\n\t\t<div class=\"elementor-element elementor-element-22add0d e-flex e-con-boxed e-con e-child\" data-id=\"22add0d\" data-element_type=\"container\" data-e-type=\"container\" data-settings=\"{&quot;background_background&quot;:&quot;classic&quot;}\">\n\t\t\t\t\t<div class=\"e-con-inner\">\n\t\t<div class=\"elementor-element elementor-element-33fff05 e-con-full e-flex e-con e-child\" data-id=\"33fff05\" data-element_type=\"container\" data-e-type=\"container\">\n\t\t\t\t<div class=\"elementor-element elementor-element-e881a9b elementor-widget elementor-widget-heading\" data-id=\"e881a9b\" data-element_type=\"widget\" data-e-type=\"widget\" data-widget_type=\"heading.default\">\n\t\t\t\t<div class=\"elementor-widget-container\">\n\t\t\t\t\t<h1 class=\"elementor-heading-title elementor-size-default\">Aufbau einer lebenswerten, zug\u00e4nglichen und sicheren Gesellschaft<\/h1>\t\t\t\t<\/div>\n\t\t\t\t<\/div>\n\t\t\t\t<\/div>\n\t\t<div class=\"elementor-element elementor-element-c2fdf9c e-con-full e-flex e-con e-child\" data-id=\"c2fdf9c\" data-element_type=\"container\" data-e-type=\"container\">\n\t\t\t\t<div class=\"elementor-element elementor-element-39c3304 elementor-widget elementor-widget-text-editor\" data-id=\"39c3304\" data-element_type=\"widget\" data-e-type=\"widget\" data-widget_type=\"text-editor.default\">\n\t\t\t\t<div class=\"elementor-widget-container\">\n\t\t\t\t\t\t\t\t\t<p>Als Wasserbauingenieure arbeiten wir heute an den klimatischen und infrastrukturellen Herausforderungen von morgen. Wir wissen, worum es geht und arbeiten t\u00e4glich an L\u00f6sungen, die die Qualit\u00e4t unseres Lebensraums verbessern. Kreativit\u00e4t, Innovation und proaktive Zusammenarbeit mit Kunden, Lieferanten und der Umwelt sind die Basis f\u00fcr den Erfolg.<\/p>\n\t\t\t\t\t\t\t\t<\/div>\n\t\t\t\t<\/div>\n\t\t\t\t<div class=\"elementor-element elementor-element-51ba8da elementor-widget elementor-widget-text-editor\" data-id=\"51ba8da\" data-element_type=\"widget\" data-e-type=\"widget\" data-widget_type=\"text-editor.default\">\n\t\t\t\t<div class=\"elementor-widget-container\">\n\t\t\t\t\t\t\t\t\t<p>Von der ersten Idee bis zur vollst\u00e4ndigen Realisierung sind wir in den Prozess eingebunden. Unsere Spezialisten skizzieren verschiedene Szenarien, weisen auf Risiken hin und beraten \u00fcber alternative L\u00f6sungen. Wir bieten mehr als traditionelle Handwerkskunst und arbeiten immer auf der Grundlage eines soliden Plans, bei dem Qualit\u00e4t, Nachhaltigkeit und Prozesskostenkontrolle im Mittelpunkt stehen. Entdecken Sie hier mehr \u00fcber die M\u00e4rkte, in denen wir t\u00e4tig sind<\/p>\n\t\t\t\t\t\t\t\t<\/div>\n\t\t\t\t<\/div>\n\t\t\t\t<\/div>\n\t\t\t\t\t<\/div>\n\t\t\t\t<\/div>\n\t\t\t\t\t<\/div>\n\t\t\t\t<\/div>\n\t\t<div class=\"elementor-element elementor-element-3639bee e-flex e-con-boxed aw-Farbe-groen e-con e-parent\" data-id=\"3639bee\" data-element_type=\"container\" data-e-type=\"container\" data-settings=\"{&quot;background_background&quot;:&quot;classic&quot;}\">\n\t\t\t\t\t<div class=\"e-con-inner\">\n\t\t<div class=\"elementor-element elementor-element-ffb4b46 e-con-full e-flex e-con e-child\" data-id=\"ffb4b46\" data-element_type=\"container\" data-e-type=\"container\">\n\t\t\t\t<\/div>\n\t\t<div class=\"elementor-element elementor-element-671faf5 e-con-full e-flex e-con e-child\" data-id=\"671faf5\" data-element_type=\"container\" data-e-type=\"container\">\n\t\t\t\t<div class=\"elementor-element elementor-element-193bcb0 elementor-widget elementor-widget-shortcode\" data-id=\"193bcb0\" data-element_type=\"widget\" data-e-type=\"widget\" data-widget_type=\"shortcode.default\">\n\t\t\t\t<div class=\"elementor-widget-container\">\n\t\t\t\t\t\t\t<div class=\"elementor-shortcode\"><div class=\"accordion\"><a href=\"https:\/\/herik.nl\/de\/maerkte\/hochwasserschutz\/\"><div class=\"accordion-item\"><div class=\"accordion-item-title\">Hochwasserschutz<svg version=\"1.1\" id=\"icons_1_\" xmlns=\"https:\/\/herik.nl\/wp-content\/uploads\/2024\/04\/reshot-icon-arrow-right-QC8ZV9TSGD.svg\" x=\"0\" y=\"0\" viewBox=\"0 0 128 128\" style=\"enable-background:new 0 0 128 128\" xml:space=\"preserve\"><g id=\"row1_1_\"><g id=\"_x31__3_\"><path class=\"st2\" d=\"M64 0C28.7 0 0 28.7 0 64s28.7 64 64 64 64-28.7 64-64S99.3 0 64 0zm0 121.6C32.2 121.6 6.4 95.8 6.4 64S32.2 6.4 64 6.4s57.6 25.8 57.6 57.6-25.8 57.6-57.6 57.6zM49.2 38.4 73.6 64 49.2 89.6h13.5L86.4 64 62.7 38.4H49.2z\" id=\"_x32__2_\"\/><\/g><\/g><\/svg><\/div><\/div><\/a><a href=\"https:\/\/herik.nl\/de\/maerkte\/haefen\/\"><div class=\"accordion-item\"><div class=\"accordion-item-title\">H\u00e4fen<svg version=\"1.1\" id=\"icons_1_\" xmlns=\"https:\/\/herik.nl\/wp-content\/uploads\/2024\/04\/reshot-icon-arrow-right-QC8ZV9TSGD.svg\" x=\"0\" y=\"0\" viewBox=\"0 0 128 128\" style=\"enable-background:new 0 0 128 128\" xml:space=\"preserve\"><g id=\"row1_1_\"><g id=\"_x31__3_\"><path class=\"st2\" d=\"M64 0C28.7 0 0 28.7 0 64s28.7 64 64 64 64-28.7 64-64S99.3 0 64 0zm0 121.6C32.2 121.6 6.4 95.8 6.4 64S32.2 6.4 64 6.4s57.6 25.8 57.6 57.6-25.8 57.6-57.6 57.6zM49.2 38.4 73.6 64 49.2 89.6h13.5L86.4 64 62.7 38.4H49.2z\" id=\"_x32__2_\"\/><\/g><\/g><\/svg><\/div><\/div><\/a><a href=\"https:\/\/herik.nl\/de\/maerkte\/Renaturierung\/\"><div class=\"accordion-item\"><div class=\"accordion-item-title\">Renaturierung<svg version=\"1.1\" id=\"icons_1_\" xmlns=\"https:\/\/herik.nl\/wp-content\/uploads\/2024\/04\/reshot-icon-arrow-right-QC8ZV9TSGD.svg\" x=\"0\" y=\"0\" viewBox=\"0 0 128 128\" style=\"enable-background:new 0 0 128 128\" xml:space=\"preserve\"><g id=\"row1_1_\"><g id=\"_x31__3_\"><path class=\"st2\" d=\"M64 0C28.7 0 0 28.7 0 64s28.7 64 64 64 64-28.7 64-64S99.3 0 64 0zm0 121.6C32.2 121.6 6.4 95.8 6.4 64S32.2 6.4 64 6.4s57.6 25.8 57.6 57.6-25.8 57.6-57.6 57.6zM49.2 38.4 73.6 64 49.2 89.6h13.5L86.4 64 62.7 38.4H49.2z\" id=\"_x32__2_\"\/><\/g><\/g><\/svg><\/div><\/div><\/a><a href=\"https:\/\/herik.nl\/de\/maerkte\/wasserstrassen-und-nasse-infrastruktur\/\"><div class=\"accordion-item\"><div class=\"accordion-item-title\">Wasserstra\u00dfen und nasse Infrastruktur  <svg version=\"1.1\" id=\"icons_1_\" xmlns=\"https:\/\/herik.nl\/wp-content\/uploads\/2024\/04\/reshot-icon-arrow-right-QC8ZV9TSGD.svg\" x=\"0\" y=\"0\" viewBox=\"0 0 128 128\" style=\"enable-background:new 0 0 128 128\" xml:space=\"preserve\"><g id=\"row1_1_\"><g id=\"_x31__3_\"><path class=\"st2\" d=\"M64 0C28.7 0 0 28.7 0 64s28.7 64 64 64 64-28.7 64-64S99.3 0 64 0zm0 121.6C32.2 121.6 6.4 95.8 6.4 64S32.2 6.4 64 6.4s57.6 25.8 57.6 57.6-25.8 57.6-57.6 57.6zM49.2 38.4 73.6 64 49.2 89.6h13.5L86.4 64 62.7 38.4H49.2z\" id=\"_x32__2_\"\/><\/g><\/g><\/svg><\/div><\/div><\/a><a href=\"https:\/\/herik.nl\/de\/maerkte\/wartung-und-vermoegensverwaltung\/\"><div class=\"accordion-item\"><div class=\"accordion-item-title\">Wartung und Verm\u00f6gensverwaltung<svg version=\"1.1\" id=\"icons_1_\" xmlns=\"https:\/\/herik.nl\/wp-content\/uploads\/2024\/04\/reshot-icon-arrow-right-QC8ZV9TSGD.svg\" x=\"0\" y=\"0\" viewBox=\"0 0 128 128\" style=\"enable-background:new 0 0 128 128\" xml:space=\"preserve\"><g id=\"row1_1_\"><g id=\"_x31__3_\"><path class=\"st2\" d=\"M64 0C28.7 0 0 28.7 0 64s28.7 64 64 64 64-28.7 64-64S99.3 0 64 0zm0 121.6C32.2 121.6 6.4 95.8 6.4 64S32.2 6.4 64 6.4s57.6 25.8 57.6 57.6-25.8 57.6-57.6 57.6zM49.2 38.4 73.6 64 49.2 89.6h13.5L86.4 64 62.7 38.4H49.2z\" id=\"_x32__2_\"\/><\/g><\/g><\/svg><\/div><\/div><\/a><a href=\"https:\/\/herik.nl\/de\/maerkte\/wasserrueckhalt\/\"><div class=\"accordion-item\"><div class=\"accordion-item-title\">Wasserr\u00fcckhalt<svg version=\"1.1\" id=\"icons_1_\" xmlns=\"https:\/\/herik.nl\/wp-content\/uploads\/2024\/04\/reshot-icon-arrow-right-QC8ZV9TSGD.svg\" x=\"0\" y=\"0\" viewBox=\"0 0 128 128\" style=\"enable-background:new 0 0 128 128\" xml:space=\"preserve\"><g id=\"row1_1_\"><g id=\"_x31__3_\"><path class=\"st2\" d=\"M64 0C28.7 0 0 28.7 0 64s28.7 64 64 64 64-28.7 64-64S99.3 0 64 0zm0 121.6C32.2 121.6 6.4 95.8 6.4 64S32.2 6.4 64 6.4s57.6 25.8 57.6 57.6-25.8 57.6-57.6 57.6zM49.2 38.4 73.6 64 49.2 89.6h13.5L86.4 64 62.7 38.4H49.2z\" id=\"_x32__2_\"\/><\/g><\/g><\/svg><\/div><\/div><\/a><a href=\"https:\/\/herik.nl\/de\/maerkte\/Kampfmittelraumung\"><div class=\"accordion-item\"><div class=\"accordion-item-title\">Kampfmittelr\u00e4umung<svg version=\"1.1\" id=\"icons_1_\" xmlns=\"https:\/\/herik.nl\/wp-content\/uploads\/2024\/04\/reshot-icon-arrow-right-QC8ZV9TSGD.svg\" x=\"0\" y=\"0\" viewBox=\"0 0 128 128\" style=\"enable-background:new 0 0 128 128\" xml:space=\"preserve\"><g id=\"row1_1_\"><g id=\"_x31__3_\"><path class=\"st2\" d=\"M64 0C28.7 0 0 28.7 0 64s28.7 64 64 64 64-28.7 64-64S99.3 0 64 0zm0 121.6C32.2 121.6 6.4 95.8 6.4 64S32.2 6.4 64 6.4s57.6 25.8 57.6 57.6-25.8 57.6-57.6 57.6zM49.2 38.4 73.6 64 49.2 89.6h13.5L86.4 64 62.7 38.4H49.2z\" id=\"_x32__2_\"\/><\/g><\/g><\/svg><\/div><\/div><\/a><a href=\"https:\/\/herik.nl\/de\/maerkte\/sinkerbuendel-kabel-und-rohre\/\"><div class=\"accordion-item\"><div class=\"accordion-item-title\">Sinkerb\u00fcndel, Kabel und Rohre  <svg version=\"1.1\" id=\"icons_1_\" xmlns=\"https:\/\/herik.nl\/wp-content\/uploads\/2024\/04\/reshot-icon-arrow-right-QC8ZV9TSGD.svg\" x=\"0\" y=\"0\" viewBox=\"0 0 128 128\" style=\"enable-background:new 0 0 128 128\" xml:space=\"preserve\"><g id=\"row1_1_\"><g id=\"_x31__3_\"><path class=\"st2\" d=\"M64 0C28.7 0 0 28.7 0 64s28.7 64 64 64 64-28.7 64-64S99.3 0 64 0zm0 121.6C32.2 121.6 6.4 95.8 6.4 64S32.2 6.4 64 6.4s57.6 25.8 57.6 57.6-25.8 57.6-57.6 57.6zM49.2 38.4 73.6 64 49.2 89.6h13.5L86.4 64 62.7 38.4H49.2z\" id=\"_x32__2_\"\/><\/g><\/g><\/svg><\/div><\/div><\/a><\/div<\/div>\n\t\t\t\t\t\t<\/div>\n\t\t\t\t<\/div>\n\t\t\t\t<\/div>\n\t\t\t\t\t<\/div>\n\t\t\t\t<\/div>\n\t\t\t\t<\/div>\n\t\t<\/section>\n\n\n<section class=\"section-afbeelding-centraal-met-tekst\">\n    \t\t<div data-elementor-type=\"section\" data-elementor-id=\"9458\" class=\"elementor elementor-9458 elementor-638\" data-elementor-post-type=\"elementor_library\">\n\t\t\t<div class=\"elementor-element elementor-element-9da3d48 e-flex e-con-boxed aw-Farbe-gr\u00fcn e-con e-parent\" data-id=\"9da3d48\" data-element_type=\"container\" data-e-type=\"container\" id=\"aw-afbeelding-met-tekst\" data-settings=\"{&quot;background_background&quot;:&quot;classic&quot;}\">\n\t\t\t\t\t<div class=\"e-con-inner\">\n\t\t<div class=\"elementor-element elementor-element-b4729a8 e-con-full e-flex e-con e-child\" data-id=\"b4729a8\" data-element_type=\"container\" data-e-type=\"container\" data-settings=\"{&quot;background_background&quot;:&quot;classic&quot;}\">\n\t\t<div class=\"elementor-element elementor-element-c2064c3 e-con-full awTekstvlakBlok6 e-flex e-con e-child\" data-id=\"c2064c3\" data-element_type=\"container\" data-e-type=\"container\" id=\"aw-afbeelding-banner\" data-settings=\"{&quot;background_background&quot;:&quot;classic&quot;}\">\n\t\t\t\t<div class=\"elementor-element elementor-element-1cdc4eb elementor-widget elementor-widget-heading\" data-id=\"1cdc4eb\" data-element_type=\"widget\" data-e-type=\"widget\" data-widget_type=\"heading.default\">\n\t\t\t\t<div class=\"elementor-widget-container\">\n\t\t\t\t\t<h3 class=\"elementor-heading-title elementor-size-default\">Innovative Deichverst\u00e4rkung<\/h3>\t\t\t\t<\/div>\n\t\t\t\t<\/div>\n\t\t\t\t<div class=\"elementor-element elementor-element-24a8bac elementor-widget elementor-widget-text-editor\" data-id=\"24a8bac\" data-element_type=\"widget\" data-e-type=\"widget\" data-widget_type=\"text-editor.default\">\n\t\t\t\t<div class=\"elementor-widget-container\">\n\t\t\t\t\t\t\t\t\t<p>Piping Control: eine selbst entwickelte, innovative Methode, um Geotextilien vertikal im (Deichfu\u00df) anzubringen und die Verrohrung zu verhindern. Diese Methode ist nachhaltiger, verursacht wenig Unannehmlichkeiten und ist genau und schnell. M\u00f6chten Sie mehr \u00fcber diese innovative Methode erfahren?  <\/p>\n\t\t\t\t\t\t\t\t<\/div>\n\t\t\t\t<\/div>\n\t\t\t\t<div class=\"elementor-element elementor-element-790a76e elementor-align-left aw-text-button elementor-widget elementor-widget-button\" data-id=\"790a76e\" data-element_type=\"widget\" data-e-type=\"widget\" data-widget_type=\"button.default\">\n\t\t\t\t<div class=\"elementor-widget-container\">\n\t\t\t\t\t\t\t\t\t<div class=\"elementor-button-wrapper\">\n\t\t\t\t\t<a class=\"elementor-button elementor-button-link elementor-size-sm\" href=\"https:\/\/herik.nl\/de\/projecten_\/\">\n\t\t\t\t\t\t<span class=\"elementor-button-content-wrapper\">\n\t\t\t\t\t\t<span class=\"elementor-button-icon\">\n\t\t\t\t<svg xmlns=\"http:\/\/www.w3.org\/2000\/svg\" viewBox=\"0 0 32 32\"><title>92-Arrow Right<\/title><g id=\"_92-Arrow_Right\" data-name=\"92-Arrow Right\"><path d=\"M16,32A16,16,0,1,1,32,16,16,16,0,0,1,16,32ZM16,2A14,14,0,1,0,30,16,14,14,0,0,0,16,2Z\"><\/path><path d=\"M13.71,24.71l-1.41-1.41L19.59,16,12.29,8.71l1.41-1.41,8,8a1,1,0,0,1,0,1.41Z\"><\/path><\/g><\/svg>\t\t\t<\/span>\n\t\t\t\t\t\t\t\t\t<span class=\"elementor-button-text\">Lesen Sie mehr \u00fcber diesen einzigartigen Ansatz<\/span>\n\t\t\t\t\t<\/span>\n\t\t\t\t\t<\/a>\n\t\t\t\t<\/div>\n\t\t\t\t\t\t\t\t<\/div>\n\t\t\t\t<\/div>\n\t\t<div class=\"elementor-element elementor-element-b9363d4 e-con-full blok6Img e-flex e-con e-child\" data-id=\"b9363d4\" data-element_type=\"container\" data-e-type=\"container\" data-settings=\"{&quot;position&quot;:&quot;absolute&quot;}\">\n\t\t\t\t<\/div>\n\t\t\t\t<\/div>\n\t\t\t\t<\/div>\n\t\t\t\t\t<\/div>\n\t\t\t\t<\/div>\n\t\t\t\t<\/div>\n\t\t<\/section>","protected":false},"excerpt":{"rendered":"","protected":false},"author":1,"featured_media":0,"parent":0,"menu_order":60,"comment_status":"closed","ping_status":"closed","template":"","meta":{"_acf_changed":false,"footnotes":""},"class_list":["post-9422","page","type-page","status-publish","hentry"],"acf":[],"yoast_head":"<!-- This site is optimized with the Yoast SEO plugin v27.3 - https:\/\/yoast.com\/product\/yoast-seo-wordpress\/ -->\n<title>M\u00e4rkte - van den Herik Sliedrecht<\/title>\n<meta name=\"robots\" content=\"index, follow, max-snippet:-1, max-image-preview:large, max-video-preview:-1\" \/>\n<link rel=\"canonical\" href=\"https:\/\/herik.nl\/de\/maerkte\/\" \/>\n<meta property=\"og:locale\" content=\"de_DE\" \/>\n<meta property=\"og:type\" content=\"article\" \/>\n<meta property=\"og:title\" content=\"M\u00e4rkte - van den Herik Sliedrecht\" \/>\n<meta property=\"og:url\" content=\"https:\/\/herik.nl\/de\/maerkte\/\" \/>\n<meta property=\"og:site_name\" content=\"van den Herik Sliedrecht\" \/>\n<meta property=\"article:modified_time\" content=\"2026-02-09T11:49:55+00:00\" \/>\n<meta name=\"twitter:card\" content=\"summary_large_image\" \/>\n<meta name=\"twitter:label1\" content=\"Gesch\u00e4tzte Lesezeit\" \/>\n\t<meta name=\"twitter:data1\" content=\"2 Minuten\" \/>\n<script type=\"application\/ld+json\" class=\"yoast-schema-graph\">{\"@context\":\"https:\\\/\\\/schema.org\",\"@graph\":[{\"@type\":\"WebPage\",\"@id\":\"https:\\\/\\\/herik.nl\\\/de\\\/maerkte\\\/\",\"url\":\"https:\\\/\\\/herik.nl\\\/de\\\/maerkte\\\/\",\"name\":\"M\u00e4rkte - van den Herik Sliedrecht\",\"isPartOf\":{\"@id\":\"https:\\\/\\\/herik.nl\\\/de\\\/#website\"},\"datePublished\":\"2024-04-09T06:41:20+00:00\",\"dateModified\":\"2026-02-09T11:49:55+00:00\",\"breadcrumb\":{\"@id\":\"https:\\\/\\\/herik.nl\\\/de\\\/maerkte\\\/#breadcrumb\"},\"inLanguage\":\"de\",\"potentialAction\":[{\"@type\":\"ReadAction\",\"target\":[\"https:\\\/\\\/herik.nl\\\/de\\\/maerkte\\\/\"]}]},{\"@type\":\"BreadcrumbList\",\"@id\":\"https:\\\/\\\/herik.nl\\\/de\\\/maerkte\\\/#breadcrumb\",\"itemListElement\":[{\"@type\":\"ListItem\",\"position\":1,\"name\":\"Home\",\"item\":\"https:\\\/\\\/herik.nl\\\/de\\\/\"},{\"@type\":\"ListItem\",\"position\":2,\"name\":\"M\u00e4rkte\"}]},{\"@type\":\"WebSite\",\"@id\":\"https:\\\/\\\/herik.nl\\\/de\\\/#website\",\"url\":\"https:\\\/\\\/herik.nl\\\/de\\\/\",\"name\":\"van den Herik Sliedrecht\",\"description\":\"\",\"potentialAction\":[{\"@type\":\"SearchAction\",\"target\":{\"@type\":\"EntryPoint\",\"urlTemplate\":\"https:\\\/\\\/herik.nl\\\/de\\\/?s={search_term_string}\"},\"query-input\":{\"@type\":\"PropertyValueSpecification\",\"valueRequired\":true,\"valueName\":\"search_term_string\"}}],\"inLanguage\":\"de\"}]}<\/script>\n<!-- \/ Yoast SEO plugin. -->","yoast_head_json":{"title":"M\u00e4rkte - van den Herik Sliedrecht","robots":{"index":"index","follow":"follow","max-snippet":"max-snippet:-1","max-image-preview":"max-image-preview:large","max-video-preview":"max-video-preview:-1"},"canonical":"https:\/\/herik.nl\/de\/maerkte\/","og_locale":"de_DE","og_type":"article","og_title":"M\u00e4rkte - van den Herik Sliedrecht","og_url":"https:\/\/herik.nl\/de\/maerkte\/","og_site_name":"van den Herik Sliedrecht","article_modified_time":"2026-02-09T11:49:55+00:00","twitter_card":"summary_large_image","twitter_misc":{"Gesch\u00e4tzte Lesezeit":"2 Minuten"},"schema":{"@context":"https:\/\/schema.org","@graph":[{"@type":"WebPage","@id":"https:\/\/herik.nl\/de\/maerkte\/","url":"https:\/\/herik.nl\/de\/maerkte\/","name":"M\u00e4rkte - van den Herik Sliedrecht","isPartOf":{"@id":"https:\/\/herik.nl\/de\/#website"},"datePublished":"2024-04-09T06:41:20+00:00","dateModified":"2026-02-09T11:49:55+00:00","breadcrumb":{"@id":"https:\/\/herik.nl\/de\/maerkte\/#breadcrumb"},"inLanguage":"de","potentialAction":[{"@type":"ReadAction","target":["https:\/\/herik.nl\/de\/maerkte\/"]}]},{"@type":"BreadcrumbList","@id":"https:\/\/herik.nl\/de\/maerkte\/#breadcrumb","itemListElement":[{"@type":"ListItem","position":1,"name":"Home","item":"https:\/\/herik.nl\/de\/"},{"@type":"ListItem","position":2,"name":"M\u00e4rkte"}]},{"@type":"WebSite","@id":"https:\/\/herik.nl\/de\/#website","url":"https:\/\/herik.nl\/de\/","name":"van den Herik Sliedrecht","description":"","potentialAction":[{"@type":"SearchAction","target":{"@type":"EntryPoint","urlTemplate":"https:\/\/herik.nl\/de\/?s={search_term_string}"},"query-input":{"@type":"PropertyValueSpecification","valueRequired":true,"valueName":"search_term_string"}}],"inLanguage":"de"}]}},"_links":{"self":[{"href":"https:\/\/herik.nl\/de\/wp-json\/wp\/v2\/pages\/9422","targetHints":{"allow":["GET"]}}],"collection":[{"href":"https:\/\/herik.nl\/de\/wp-json\/wp\/v2\/pages"}],"about":[{"href":"https:\/\/herik.nl\/de\/wp-json\/wp\/v2\/types\/page"}],"author":[{"embeddable":true,"href":"https:\/\/herik.nl\/de\/wp-json\/wp\/v2\/users\/1"}],"replies":[{"embeddable":true,"href":"https:\/\/herik.nl\/de\/wp-json\/wp\/v2\/comments?post=9422"}],"version-history":[{"count":6,"href":"https:\/\/herik.nl\/de\/wp-json\/wp\/v2\/pages\/9422\/revisions"}],"predecessor-version":[{"id":10065,"href":"https:\/\/herik.nl\/de\/wp-json\/wp\/v2\/pages\/9422\/revisions\/10065"}],"wp:attachment":[{"href":"https:\/\/herik.nl\/de\/wp-json\/wp\/v2\/media?parent=9422"}],"curies":[{"name":"wp","href":"https:\/\/api.w.org\/{rel}","templated":true}]}}