{"id":9318,"date":"2025-01-09T11:57:16","date_gmt":"2025-01-09T11:57:16","guid":{"rendered":"https:\/\/herik.nl\/csr\/"},"modified":"2025-09-16T09:28:39","modified_gmt":"2025-09-16T09:28:39","slug":"csr","status":"publish","type":"page","link":"https:\/\/herik.nl\/de\/csr\/","title":{"rendered":"CSR"},"content":{"rendered":"\n<section class=\"section-afbeelding-met-golfscheiding\">\n    \t\t<div data-elementor-type=\"section\" data-elementor-id=\"9435\" class=\"elementor elementor-9435 elementor-1442\" data-elementor-post-type=\"elementor_library\">\n\t\t\t<div class=\"elementor-element elementor-element-2c557bc e-con-full e-flex aw-Hintergrundnormal e-con e-parent\" data-id=\"2c557bc\" data-element_type=\"container\" data-e-type=\"container\" id=\"aw-hero-img\" data-settings=\"{&quot;background_background&quot;:&quot;classic&quot;}\">\n\t\t\t\t<div class=\"elementor-element elementor-element-7dc8102 elementor-widget elementor-widget-image\" data-id=\"7dc8102\" data-element_type=\"widget\" data-e-type=\"widget\" data-widget_type=\"image.default\">\n\t\t\t\t<div class=\"elementor-widget-container\">\n\t\t\t\t\t\t\t\t\t\t\t\t\t\t\t<img decoding=\"async\" width=\"2560\" height=\"933\" src=\"https:\/\/herik.nl\/wp-content\/uploads\/2024\/12\/Van-den-Herik-windmolens-Egmond-aan-Zee.jpg\" class=\"attachment-full size-full wp-image-8564\" alt=\"\" srcset=\"https:\/\/herik.nl\/wp-content\/uploads\/2024\/12\/Van-den-Herik-windmolens-Egmond-aan-Zee.jpg 2560w, https:\/\/herik.nl\/wp-content\/uploads\/2024\/12\/Van-den-Herik-windmolens-Egmond-aan-Zee-300x109.jpg 300w, https:\/\/herik.nl\/wp-content\/uploads\/2024\/12\/Van-den-Herik-windmolens-Egmond-aan-Zee-1024x373.jpg 1024w, https:\/\/herik.nl\/wp-content\/uploads\/2024\/12\/Van-den-Herik-windmolens-Egmond-aan-Zee-768x280.jpg 768w, https:\/\/herik.nl\/wp-content\/uploads\/2024\/12\/Van-den-Herik-windmolens-Egmond-aan-Zee-1536x560.jpg 1536w, https:\/\/herik.nl\/wp-content\/uploads\/2024\/12\/Van-den-Herik-windmolens-Egmond-aan-Zee-2048x746.jpg 2048w, https:\/\/herik.nl\/wp-content\/uploads\/2024\/12\/Van-den-Herik-windmolens-Egmond-aan-Zee-574x209.jpg 574w, https:\/\/herik.nl\/wp-content\/uploads\/2024\/12\/Van-den-Herik-windmolens-Egmond-aan-Zee-1918x699.jpg 1918w\" sizes=\"(max-width: 2560px) 100vw, 2560px\" \/>\t\t\t\t\t\t\t\t\t\t\t\t\t\t\t<\/div>\n\t\t\t\t<\/div>\n\t\t\t\t<\/div>\n\t\t\t\t<\/div>\n\t\t<\/section>\n<section class=\"section-titel-met-tekst-en-button-volledige-breedte\">\n    \t\t<div data-elementor-type=\"section\" data-elementor-id=\"9544\" class=\"elementor elementor-9544 elementor-297\" data-elementor-post-type=\"elementor_library\">\n\t\t\t<div class=\"elementor-element elementor-element-a15b6c7 e-con-full aw-kleur-wei\u00df  e-flex e-con e-parent\" data-id=\"a15b6c7\" data-element_type=\"container\" data-e-type=\"container\" data-settings=\"{&quot;background_background&quot;:&quot;classic&quot;}\">\n\t\t<div class=\"elementor-element elementor-element-61b1760 aw-subtext-container awBlok1 e-flex e-con-boxed e-con e-child\" data-id=\"61b1760\" data-element_type=\"container\" data-e-type=\"container\">\n\t\t\t\t\t<div class=\"e-con-inner\">\n\t\t\t\t<div class=\"elementor-element elementor-element-d5de06c Titel Links elementor-widget elementor-widget-heading\" data-id=\"d5de06c\" data-element_type=\"widget\" data-e-type=\"widget\" data-widget_type=\"heading.default\">\n\t\t\t\t<div class=\"elementor-widget-container\">\n\t\t\t\t\t<h1 class=\"elementor-heading-title elementor-size-default\">Soziale Verantwortung der Unternehmen<\/h1>\t\t\t\t<\/div>\n\t\t\t\t<\/div>\n\t\t\t\t<div class=\"elementor-element elementor-element-7b12747 contentBlok1 elementor-widget elementor-widget-text-editor\" data-id=\"7b12747\" data-element_type=\"widget\" data-e-type=\"widget\" data-widget_type=\"text-editor.default\">\n\t\t\t\t<div class=\"elementor-widget-container\">\n\t\t\t\t\t\t\t\t\t<p><strong>Als Familienunternehmen denken wir langfristig. Wir lassen uns nicht von schnellen Gewinnen verleiten, sondern setzen auf Kontinuit\u00e4t. Damit tragen wir Verantwortung gegen\u00fcber der Gesellschaft und den Generationen, die nach uns kommen. Wir f\u00fchren unsere Gesch\u00e4fte auf sozial verantwortliche Weise, indem wir Themen wie Nachhaltigkeit und Sicherheit im weitesten Sinne des Wortes in unseren Projekten und Prozessen ber\u00fccksichtigen.   <\/strong><\/p>\n<p><strong>Wir schaffen Raum<\/strong><br \/>\nRaum f\u00fcr Wasser, Raum f\u00fcr Land und Raum zum Leben. Als Familienunternehmen setzen wir auf langfristige Kontinuit\u00e4t, und hier kommt die Nachhaltigkeit ins Spiel. <\/p>\n<p><strong>Unsere Schwerpunkte in dieser Hinsicht sind:<\/strong><\/p>\n<ul>\n<li>Nachhaltige Besch\u00e4ftigungsf\u00e4higkeit unserer Mitarbeiter<\/li>\n<li>Abfallvermeidung durch Wiederverwendung von Materialien und Streben nach Kreislaufwirtschaft<\/li>\n<li>Durchf\u00fchrung unserer Operationen mit den geringstm\u00f6glichen St\u00f6rungen und Emissionen<\/li>\n<\/ul>\n<p><img loading=\"lazy\" decoding=\"async\" class=\"alignnone wp-image-5988 size-full\" src=\"https:\/\/herik.nl\/wp-content\/uploads\/2024\/12\/Van-den-Herik-natuurontwikkeling-maas.jpg\" alt=\"\" width=\"2560\" height=\"933\" srcset=\"https:\/\/herik.nl\/wp-content\/uploads\/2024\/12\/Van-den-Herik-natuurontwikkeling-maas.jpg 2560w, https:\/\/herik.nl\/wp-content\/uploads\/2024\/12\/Van-den-Herik-natuurontwikkeling-maas-300x109.jpg 300w, https:\/\/herik.nl\/wp-content\/uploads\/2024\/12\/Van-den-Herik-natuurontwikkeling-maas-1024x373.jpg 1024w, https:\/\/herik.nl\/wp-content\/uploads\/2024\/12\/Van-den-Herik-natuurontwikkeling-maas-768x280.jpg 768w, https:\/\/herik.nl\/wp-content\/uploads\/2024\/12\/Van-den-Herik-natuurontwikkeling-maas-1536x560.jpg 1536w, https:\/\/herik.nl\/wp-content\/uploads\/2024\/12\/Van-den-Herik-natuurontwikkeling-maas-2048x746.jpg 2048w, https:\/\/herik.nl\/wp-content\/uploads\/2024\/12\/Van-den-Herik-natuurontwikkeling-maas-574x209.jpg 574w, https:\/\/herik.nl\/wp-content\/uploads\/2024\/12\/Van-den-Herik-natuurontwikkeling-maas-1918x699.jpg 1918w\" sizes=\"(max-width: 2560px) 100vw, 2560px\" \/><\/p>\n\t\t\t\t\t\t\t\t<\/div>\n\t\t\t\t<\/div>\n\t\t\t\t\t<\/div>\n\t\t\t\t<\/div>\n\t\t\t\t<\/div>\n\t\t\t\t<\/div>\n\t\t<\/section>\n<section class=\"section-titel-met-tekst-en-button-volledige-breedte\">\n    \t\t<div data-elementor-type=\"section\" data-elementor-id=\"9544\" class=\"elementor elementor-9544 elementor-297\" data-elementor-post-type=\"elementor_library\">\n\t\t\t<div class=\"elementor-element elementor-element-a15b6c7 e-con-full aw-kleur-gr\u00fcn  e-flex e-con e-parent\" data-id=\"a15b6c7\" data-element_type=\"container\" data-e-type=\"container\" data-settings=\"{&quot;background_background&quot;:&quot;classic&quot;}\">\n\t\t<div class=\"elementor-element elementor-element-61b1760 aw-subtext-container awBlok1 e-flex e-con-boxed e-con e-child\" data-id=\"61b1760\" data-element_type=\"container\" data-e-type=\"container\">\n\t\t\t\t\t<div class=\"e-con-inner\">\n\t\t\t\t<div class=\"elementor-element elementor-element-7b12747 contentBlok1 elementor-widget elementor-widget-text-editor\" data-id=\"7b12747\" data-element_type=\"widget\" data-e-type=\"widget\" data-widget_type=\"text-editor.default\">\n\t\t\t\t<div class=\"elementor-widget-container\">\n\t\t\t\t\t\t\t\t\t<p><strong>Gesundheit und Sicherheit<\/strong><br \/>\nIm Zusammenhang mit dem nachhaltigen Einsatz unserer Mitarbeiter spielt die Gesundheit und Sicherheit am und um den Arbeitsplatz eine enorm wichtige Rolle. Als Unternehmen tun wir alles, um sicherzustellen, dass unsere Mitarbeiter ihre Aufgaben in einer gesunden und sicheren Umgebung erf\u00fcllen k\u00f6nnen. Wir finden es wichtig, dass sich unsere Mitarbeiter w\u00e4hrend ihrer Arbeit k\u00f6rperlich und geistig sicher f\u00fchlen. Wir m\u00f6chten auch, dass sie am Ende des Arbeitstages sicher zu ihren Familien und Freunden zur\u00fcckkehren k\u00f6nnen.   <\/p>\n<p><strong>Safety Culture Ladder<\/strong><br \/>\nMit Hilfe der Safety Culture Ladder, fr\u00fcher bekannt als Sicherheitsleiter, arbeiten wir kontinuierlich an der Verbesserung der Sicherheit am und um den Arbeitsplatz. Wir versuchen, unsichere Situationen und (Beinahe-)Unf\u00e4lle zu vermeiden. Wir tun dies, indem wir das Sicherheitsbewusstsein sch\u00e4rfen und die Einstellung und das Verhalten in Bezug auf Sicherheit verbessern. Zu den Initiativen, die wir zus\u00e4tzlich zu den \u00fcblichen Ma\u00dfnahmen wie Toolbox-Meetings und Audits ergriffen haben, geh\u00f6ren:   <\/p>\n<ul>\n<li>Mehrj\u00e4hrige laufende Sicherheitskampagne: &#8218;STAY SAFE &#8211; Wir arbeiten sicher zusammen&#8216;.<\/li>\n<li>2x j\u00e4hrliche Verleihung der Herik Safety Heroes<\/li>\n<li>Sicherheits-FIKA zweimal im Jahr<\/li>\n<li>Teilnahme am nationalen Tag der bewussten Sicherheit<\/li>\n<\/ul>\n<p><strong>Nachhaltige Innovationen<\/strong><br \/>\nWir halten es auch f\u00fcr wichtig, innovativ zu bleiben, auch im Bereich der Nachhaltigkeit. Wir probieren viele neue Ideen und Techniken aus, in kleinem Ma\u00dfstab &#8218;intern&#8216; und bei Erfolg als Pilot oder Projekt. Ein sehr gutes Beispiel daf\u00fcr ist unsere Zusammenarbeit mit The Great Bubble Barrier\u00ae. Als technischer Partner dieses Start-ups arbeiten wir gemeinsam daran, unsere Fl\u00fcsse zu s\u00e4ubern.   <\/p>\n<p><a class=\"btn btn--primary btn--fw\" href=\"https:\/\/herik.nl\/artikelen\/van-den-herik-technisch-partner-the-great-bubble-barrier\/\">Lesen Sie mehr \u00fcber The Great Bubble Barrier\u00a9<\/a><\/p>\n<p><strong>Rundes Arbeiten<\/strong><br \/>\nVan den Herik ist ein Familienunternehmen. Es gibt uns seit \u00fcber 75 Jahren, und die dritte Generation ist am Ruder. Die Kontinuit\u00e4t des Unternehmens ist f\u00fcr uns wichtiger als schnelle Gewinne. Neben wohldurchdachten Investitionen geh\u00f6rt auch Sparsamkeit zu unserer Unternehmenskultur. So wenig Abfall wie m\u00f6glich, die Wiederverwendung von Rohstoffen und die \u00dcberholung von Ger\u00e4ten, um ihre Lebensdauer zu verl\u00e4ngern oder ihnen ein zweites Leben zu geben, sind f\u00fcr uns normal.    <\/p>\n<p><a class=\"btn btn--primary btn--fw\" href=\"https:\/\/herik.nl\/artikelen\/circulariteit-is-ook-creatief-zijn-en-lef-hebben\/\">Lesen Sie hier, wie das in der Praxis aussieht!<\/a><\/p>\n<p>&nbsp;<\/p>\n\t\t\t\t\t\t\t\t<\/div>\n\t\t\t\t<\/div>\n\t\t\t\t\t<\/div>\n\t\t\t\t<\/div>\n\t\t\t\t<\/div>\n\t\t\t\t<\/div>\n\t\t<\/section>\n<section class=\"section-titel-met-tekst-en-button-volledige-breedte\">\n    \t\t<div data-elementor-type=\"section\" data-elementor-id=\"9544\" class=\"elementor elementor-9544 elementor-297\" data-elementor-post-type=\"elementor_library\">\n\t\t\t<div class=\"elementor-element elementor-element-a15b6c7 e-con-full aw-kleur-wei\u00df  e-flex e-con e-parent\" data-id=\"a15b6c7\" data-element_type=\"container\" data-e-type=\"container\" data-settings=\"{&quot;background_background&quot;:&quot;classic&quot;}\">\n\t\t<div class=\"elementor-element elementor-element-61b1760 aw-subtext-container awBlok1 e-flex e-con-boxed e-con e-child\" data-id=\"61b1760\" data-element_type=\"container\" data-e-type=\"container\">\n\t\t\t\t\t<div class=\"e-con-inner\">\n\t\t\t\t<div class=\"elementor-element elementor-element-7b12747 contentBlok1 elementor-widget elementor-widget-text-editor\" data-id=\"7b12747\" data-element_type=\"widget\" data-e-type=\"widget\" data-widget_type=\"text-editor.default\">\n\t\t\t\t<div class=\"elementor-widget-container\">\n\t\t\t\t\t\t\t\t\t<p><img loading=\"lazy\" decoding=\"async\" class=\"alignnone wp-image-7645 size-full\" src=\"https:\/\/herik.nl\/wp-content\/uploads\/2025\/08\/Charlock.jpg\" alt=\"\" width=\"1920\" height=\"700\" srcset=\"https:\/\/herik.nl\/wp-content\/uploads\/2025\/08\/Charlock.jpg 1920w, https:\/\/herik.nl\/wp-content\/uploads\/2025\/08\/Charlock-300x109.jpg 300w, https:\/\/herik.nl\/wp-content\/uploads\/2025\/08\/Charlock-1024x373.jpg 1024w, https:\/\/herik.nl\/wp-content\/uploads\/2025\/08\/Charlock-768x280.jpg 768w, https:\/\/herik.nl\/wp-content\/uploads\/2025\/08\/Charlock-1536x560.jpg 1536w, https:\/\/herik.nl\/wp-content\/uploads\/2025\/08\/Charlock-574x209.jpg 574w, https:\/\/herik.nl\/wp-content\/uploads\/2025\/08\/Charlock-1918x699.jpg 1918w\" sizes=\"(max-width: 1920px) 100vw, 1920px\" \/><em>Die T.S.H.D. Charlock ist ein Hopperbagger mit &#8218;Clean Ship&#8216;-Zertifizierung.<\/em><\/p>\n<p><strong>Nachhaltige Gestaltung der Ger\u00e4teflotte und des B\u00fcros<\/strong><br \/>\nInsbesondere die Emissionen unserer Schiffe sind eine unserer gr\u00f6\u00dften Herausforderungen. Die Anpassung und Erneuerung unserer Ausr\u00fcstung ist daher ein kontinuierlicher Prozess, dem wir viel Aufmerksamkeit und Geld widmen. <\/p>\n<p>Indem wir unsere Anlagen nachhaltiger gestalten, machen wir einen gro\u00dfen Schritt nach vorn. Ein Gro\u00dfteil unserer Flotte ist bereits mindestens mit Motoren der Stufe V ausgestattet. Zwei Schiffe und ein Schwimmkran wurden bereits in der Basis elektrisch betrieben. Diese k\u00f6nnen modular mit Stufe-V- oder Wasserstoffgeneratoren betrieben werden, oder sie k\u00f6nnen (teilweise) batteriebetrieben oder an die Steckdose angeschlossen sein.<\/p>\n<p>Wir haben vor kurzem zwei vollelektrische Raupenbagger in unseren Maschinenpark aufgenommen, die im Laufe des Jahres 2024 in Betrieb genommen werden sollen.<\/p>\n<p>Dar\u00fcber hinaus ist unsere hauseigene technische Abteilung besonders erfinderisch und innovativ. Sie modifizieren st\u00e4ndig unsere Ausr\u00fcstung, damit wir unsere Projekte weiterhin optimal und immer nachhaltiger durchf\u00fchren k\u00f6nnen.<\/p>\n<p><strong>Triple-A-Status<\/strong><br \/>\nUnser sch\u00f6nes B\u00fcrogeb\u00e4ude an der Beneden Merwede in Sliedrecht ist \u00fcber 80 Jahre alt. Das bedeutet jedoch nicht, dass es nicht den heutigen Standards entspricht. Auch dort investieren wir in Nachhaltigkeit und sind stolz auf unseren A+++ Status in Bezug auf Nachhaltigkeit und Stromverbrauch.<\/p>\n\t\t\t\t\t\t\t\t<\/div>\n\t\t\t\t<\/div>\n\t\t\t\t\t<\/div>\n\t\t\t\t<\/div>\n\t\t\t\t<\/div>\n\t\t\t\t<\/div>\n\t\t<\/section>\n<section class=\"section-afbeelding-centraal-met-tekst\">\n    \t\t<div data-elementor-type=\"section\" data-elementor-id=\"9458\" class=\"elementor elementor-9458 elementor-638\" data-elementor-post-type=\"elementor_library\">\n\t\t\t<div class=\"elementor-element elementor-element-9da3d48 e-flex e-con-boxed aw-Farbe-gr\u00fcn e-con e-parent\" data-id=\"9da3d48\" data-element_type=\"container\" data-e-type=\"container\" id=\"aw-afbeelding-met-tekst\" data-settings=\"{&quot;background_background&quot;:&quot;classic&quot;}\">\n\t\t\t\t\t<div class=\"e-con-inner\">\n\t\t<div class=\"elementor-element elementor-element-b4729a8 e-con-full e-flex e-con e-child\" data-id=\"b4729a8\" data-element_type=\"container\" data-e-type=\"container\" data-settings=\"{&quot;background_background&quot;:&quot;classic&quot;}\">\n\t\t<div class=\"elementor-element elementor-element-c2064c3 e-con-full awTekstvlakBlok6 e-flex e-con e-child\" data-id=\"c2064c3\" data-element_type=\"container\" data-e-type=\"container\" id=\"aw-afbeelding-banner\" data-settings=\"{&quot;background_background&quot;:&quot;classic&quot;}\">\n\t\t\t\t<div class=\"elementor-element elementor-element-1cdc4eb elementor-widget elementor-widget-heading\" data-id=\"1cdc4eb\" data-element_type=\"widget\" data-e-type=\"widget\" data-widget_type=\"heading.default\">\n\t\t\t\t<div class=\"elementor-widget-container\">\n\t\t\t\t\t<h3 class=\"elementor-heading-title elementor-size-default\">Wir arbeiten hart daran, CO2 zu reduzieren!<\/h3>\t\t\t\t<\/div>\n\t\t\t\t<\/div>\n\t\t\t\t<div class=\"elementor-element elementor-element-24a8bac elementor-widget elementor-widget-text-editor\" data-id=\"24a8bac\" data-element_type=\"widget\" data-e-type=\"widget\" data-widget_type=\"text-editor.default\">\n\t\t\t\t<div class=\"elementor-widget-container\">\n\t\t\t\t\t\t\t\t\t<p>Im Einklang mit unseren Bem\u00fchungen um Nachhaltigkeit haben wir 2016 das CO\u2082-Aware-Zertifikat der Stufe 5 der CO\u2082-Performanceladder erhalten und arbeiten seither auf dieser h\u00f6chsten Stufe. Unsere neueste Innovation in diesem Bereich ist der Prince ZEs &#8211; unser Zero Emission Bagger!<\/p>\n\t\t\t\t\t\t\t\t<\/div>\n\t\t\t\t<\/div>\n\t\t\t\t<div class=\"elementor-element elementor-element-790a76e elementor-align-left aw-text-button elementor-widget elementor-widget-button\" data-id=\"790a76e\" data-element_type=\"widget\" data-e-type=\"widget\" data-widget_type=\"button.default\">\n\t\t\t\t<div class=\"elementor-widget-container\">\n\t\t\t\t\t\t\t\t\t<div class=\"elementor-button-wrapper\">\n\t\t\t\t\t<a class=\"elementor-button elementor-size-sm\" role=\"button\">\n\t\t\t\t\t\t<span class=\"elementor-button-content-wrapper\">\n\t\t\t\t\t\t<span class=\"elementor-button-icon\">\n\t\t\t\t<svg xmlns=\"http:\/\/www.w3.org\/2000\/svg\" viewBox=\"0 0 32 32\"><title>92-Arrow Right<\/title><g id=\"_92-Arrow_Right\" data-name=\"92-Arrow Right\"><path d=\"M16,32A16,16,0,1,1,32,16,16,16,0,0,1,16,32ZM16,2A14,14,0,1,0,30,16,14,14,0,0,0,16,2Z\"><\/path><path d=\"M13.71,24.71l-1.41-1.41L19.59,16,12.29,8.71l1.41-1.41,8,8a1,1,0,0,1,0,1.41Z\"><\/path><\/g><\/svg>\t\t\t<\/span>\n\t\t\t\t\t\t\t\t\t<span class=\"elementor-button-text\">M\u00f6chten Sie mehr \u00fcber die Prince ZEs erfahren? Klicken Sie hier! &gt; SEITE \u00dcBER PRINCE 6 ERSTELLEN<\/span>\n\t\t\t\t\t<\/span>\n\t\t\t\t\t<\/a>\n\t\t\t\t<\/div>\n\t\t\t\t\t\t\t\t<\/div>\n\t\t\t\t<\/div>\n\t\t<div class=\"elementor-element elementor-element-b9363d4 e-con-full blok6Img e-flex e-con e-child\" data-id=\"b9363d4\" data-element_type=\"container\" data-e-type=\"container\" data-settings=\"{&quot;position&quot;:&quot;absolute&quot;}\">\n\t\t\t\t<\/div>\n\t\t\t\t<\/div>\n\t\t\t\t<\/div>\n\t\t\t\t\t<\/div>\n\t\t\t\t<\/div>\n\t\t\t\t<\/div>\n\t\t<\/section>","protected":false},"excerpt":{"rendered":"","protected":false},"author":1,"featured_media":0,"parent":0,"menu_order":66,"comment_status":"closed","ping_status":"closed","template":"","meta":{"_acf_changed":false,"footnotes":""},"class_list":["post-9318","page","type-page","status-publish","hentry"],"acf":[],"yoast_head":"<!-- This site is optimized with the Yoast SEO plugin v27.3 - https:\/\/yoast.com\/product\/yoast-seo-wordpress\/ -->\n<title>CSR - van den Herik Sliedrecht<\/title>\n<meta name=\"robots\" content=\"index, follow, max-snippet:-1, max-image-preview:large, max-video-preview:-1\" \/>\n<link rel=\"canonical\" href=\"https:\/\/herik.nl\/de\/csr\/\" \/>\n<meta property=\"og:locale\" content=\"de_DE\" \/>\n<meta property=\"og:type\" content=\"article\" \/>\n<meta property=\"og:title\" content=\"CSR - van den Herik Sliedrecht\" \/>\n<meta property=\"og:url\" content=\"https:\/\/herik.nl\/de\/csr\/\" \/>\n<meta property=\"og:site_name\" content=\"van den Herik Sliedrecht\" \/>\n<meta property=\"article:modified_time\" content=\"2025-09-16T09:28:39+00:00\" \/>\n<meta name=\"twitter:card\" content=\"summary_large_image\" \/>\n<script type=\"application\/ld+json\" class=\"yoast-schema-graph\">{\"@context\":\"https:\\\/\\\/schema.org\",\"@graph\":[{\"@type\":\"WebPage\",\"@id\":\"https:\\\/\\\/herik.nl\\\/de\\\/csr\\\/\",\"url\":\"https:\\\/\\\/herik.nl\\\/de\\\/csr\\\/\",\"name\":\"CSR - van den Herik Sliedrecht\",\"isPartOf\":{\"@id\":\"https:\\\/\\\/herik.nl\\\/de\\\/#website\"},\"datePublished\":\"2025-01-09T11:57:16+00:00\",\"dateModified\":\"2025-09-16T09:28:39+00:00\",\"breadcrumb\":{\"@id\":\"https:\\\/\\\/herik.nl\\\/de\\\/csr\\\/#breadcrumb\"},\"inLanguage\":\"de\",\"potentialAction\":[{\"@type\":\"ReadAction\",\"target\":[\"https:\\\/\\\/herik.nl\\\/de\\\/csr\\\/\"]}]},{\"@type\":\"BreadcrumbList\",\"@id\":\"https:\\\/\\\/herik.nl\\\/de\\\/csr\\\/#breadcrumb\",\"itemListElement\":[{\"@type\":\"ListItem\",\"position\":1,\"name\":\"Home\",\"item\":\"https:\\\/\\\/herik.nl\\\/de\\\/\"},{\"@type\":\"ListItem\",\"position\":2,\"name\":\"CSR\"}]},{\"@type\":\"WebSite\",\"@id\":\"https:\\\/\\\/herik.nl\\\/de\\\/#website\",\"url\":\"https:\\\/\\\/herik.nl\\\/de\\\/\",\"name\":\"van den Herik Sliedrecht\",\"description\":\"\",\"potentialAction\":[{\"@type\":\"SearchAction\",\"target\":{\"@type\":\"EntryPoint\",\"urlTemplate\":\"https:\\\/\\\/herik.nl\\\/de\\\/?s={search_term_string}\"},\"query-input\":{\"@type\":\"PropertyValueSpecification\",\"valueRequired\":true,\"valueName\":\"search_term_string\"}}],\"inLanguage\":\"de\"}]}<\/script>\n<!-- \/ Yoast SEO plugin. -->","yoast_head_json":{"title":"CSR - van den Herik Sliedrecht","robots":{"index":"index","follow":"follow","max-snippet":"max-snippet:-1","max-image-preview":"max-image-preview:large","max-video-preview":"max-video-preview:-1"},"canonical":"https:\/\/herik.nl\/de\/csr\/","og_locale":"de_DE","og_type":"article","og_title":"CSR - van den Herik Sliedrecht","og_url":"https:\/\/herik.nl\/de\/csr\/","og_site_name":"van den Herik Sliedrecht","article_modified_time":"2025-09-16T09:28:39+00:00","twitter_card":"summary_large_image","schema":{"@context":"https:\/\/schema.org","@graph":[{"@type":"WebPage","@id":"https:\/\/herik.nl\/de\/csr\/","url":"https:\/\/herik.nl\/de\/csr\/","name":"CSR - van den Herik Sliedrecht","isPartOf":{"@id":"https:\/\/herik.nl\/de\/#website"},"datePublished":"2025-01-09T11:57:16+00:00","dateModified":"2025-09-16T09:28:39+00:00","breadcrumb":{"@id":"https:\/\/herik.nl\/de\/csr\/#breadcrumb"},"inLanguage":"de","potentialAction":[{"@type":"ReadAction","target":["https:\/\/herik.nl\/de\/csr\/"]}]},{"@type":"BreadcrumbList","@id":"https:\/\/herik.nl\/de\/csr\/#breadcrumb","itemListElement":[{"@type":"ListItem","position":1,"name":"Home","item":"https:\/\/herik.nl\/de\/"},{"@type":"ListItem","position":2,"name":"CSR"}]},{"@type":"WebSite","@id":"https:\/\/herik.nl\/de\/#website","url":"https:\/\/herik.nl\/de\/","name":"van den Herik Sliedrecht","description":"","potentialAction":[{"@type":"SearchAction","target":{"@type":"EntryPoint","urlTemplate":"https:\/\/herik.nl\/de\/?s={search_term_string}"},"query-input":{"@type":"PropertyValueSpecification","valueRequired":true,"valueName":"search_term_string"}}],"inLanguage":"de"}]}},"_links":{"self":[{"href":"https:\/\/herik.nl\/de\/wp-json\/wp\/v2\/pages\/9318","targetHints":{"allow":["GET"]}}],"collection":[{"href":"https:\/\/herik.nl\/de\/wp-json\/wp\/v2\/pages"}],"about":[{"href":"https:\/\/herik.nl\/de\/wp-json\/wp\/v2\/types\/page"}],"author":[{"embeddable":true,"href":"https:\/\/herik.nl\/de\/wp-json\/wp\/v2\/users\/1"}],"replies":[{"embeddable":true,"href":"https:\/\/herik.nl\/de\/wp-json\/wp\/v2\/comments?post=9318"}],"version-history":[{"count":1,"href":"https:\/\/herik.nl\/de\/wp-json\/wp\/v2\/pages\/9318\/revisions"}],"predecessor-version":[{"id":9319,"href":"https:\/\/herik.nl\/de\/wp-json\/wp\/v2\/pages\/9318\/revisions\/9319"}],"wp:attachment":[{"href":"https:\/\/herik.nl\/de\/wp-json\/wp\/v2\/media?parent=9318"}],"curies":[{"name":"wp","href":"https:\/\/api.w.org\/{rel}","templated":true}]}}