{"id":9301,"date":"2024-07-15T09:46:32","date_gmt":"2024-07-15T09:46:32","guid":{"rendered":"https:\/\/herik.nl\/boden-und-uferschutz\/"},"modified":"2026-01-07T15:20:59","modified_gmt":"2026-01-07T15:20:59","slug":"boden-und-uferschutz","status":"publish","type":"page","link":"https:\/\/herik.nl\/de\/aktivitaeten\/boden-und-uferschutz\/","title":{"rendered":"Boden- und Uferschutz"},"content":{"rendered":"\n<section class=\"section-afbeelding-met-golfscheiding\">\n    \t\t<div data-elementor-type=\"section\" data-elementor-id=\"9435\" class=\"elementor elementor-9435 elementor-1442\" data-elementor-post-type=\"elementor_library\">\n\t\t\t<div class=\"elementor-element elementor-element-2c557bc e-con-full e-flex aw-Hintergrundgro\u00dfartig e-con e-parent\" data-id=\"2c557bc\" data-element_type=\"container\" data-e-type=\"container\" id=\"aw-hero-img\" data-settings=\"{&quot;background_background&quot;:&quot;classic&quot;}\">\n\t\t\t\t<div class=\"elementor-element elementor-element-7dc8102 elementor-widget elementor-widget-image\" data-id=\"7dc8102\" data-element_type=\"widget\" data-e-type=\"widget\" data-widget_type=\"image.default\">\n\t\t\t\t<div class=\"elementor-widget-container\">\n\t\t\t\t\t\t\t\t\t\t\t\t\t\t\t<img decoding=\"async\" width=\"2560\" height=\"933\" src=\"https:\/\/herik.nl\/wp-content\/uploads\/2024\/12\/Van-den-Herik-Zinkstuk-SO-IJmuiden.jpg\" class=\"attachment-full size-full wp-image-8566\" alt=\"\" srcset=\"https:\/\/herik.nl\/wp-content\/uploads\/2024\/12\/Van-den-Herik-Zinkstuk-SO-IJmuiden.jpg 2560w, https:\/\/herik.nl\/wp-content\/uploads\/2024\/12\/Van-den-Herik-Zinkstuk-SO-IJmuiden-300x109.jpg 300w, https:\/\/herik.nl\/wp-content\/uploads\/2024\/12\/Van-den-Herik-Zinkstuk-SO-IJmuiden-1024x373.jpg 1024w, https:\/\/herik.nl\/wp-content\/uploads\/2024\/12\/Van-den-Herik-Zinkstuk-SO-IJmuiden-768x280.jpg 768w, https:\/\/herik.nl\/wp-content\/uploads\/2024\/12\/Van-den-Herik-Zinkstuk-SO-IJmuiden-1536x560.jpg 1536w, https:\/\/herik.nl\/wp-content\/uploads\/2024\/12\/Van-den-Herik-Zinkstuk-SO-IJmuiden-2048x746.jpg 2048w, https:\/\/herik.nl\/wp-content\/uploads\/2024\/12\/Van-den-Herik-Zinkstuk-SO-IJmuiden-574x209.jpg 574w, https:\/\/herik.nl\/wp-content\/uploads\/2024\/12\/Van-den-Herik-Zinkstuk-SO-IJmuiden-1918x699.jpg 1918w\" sizes=\"(max-width: 2560px) 100vw, 2560px\" \/>\t\t\t\t\t\t\t\t\t\t\t\t\t\t\t<\/div>\n\t\t\t\t<\/div>\n\t\t\t\t<\/div>\n\t\t\t\t<\/div>\n\t\t<\/section>\n<section class=\"section-titel-met-tekst-en-button-volledige-breedte\">\n    \t\t<div data-elementor-type=\"section\" data-elementor-id=\"9544\" class=\"elementor elementor-9544 elementor-297\" data-elementor-post-type=\"elementor_library\">\n\t\t\t<div class=\"elementor-element elementor-element-a15b6c7 e-con-full aw-kleur-wei\u00df  e-flex e-con e-parent\" data-id=\"a15b6c7\" data-element_type=\"container\" data-e-type=\"container\" data-settings=\"{&quot;background_background&quot;:&quot;classic&quot;}\">\n\t\t<div class=\"elementor-element elementor-element-61b1760 aw-subtext-container awBlok1 e-flex e-con-boxed e-con e-child\" data-id=\"61b1760\" data-element_type=\"container\" data-e-type=\"container\">\n\t\t\t\t\t<div class=\"e-con-inner\">\n\t\t\t\t<div class=\"elementor-element elementor-element-d5de06c Titel Links elementor-widget elementor-widget-heading\" data-id=\"d5de06c\" data-element_type=\"widget\" data-e-type=\"widget\" data-widget_type=\"heading.default\">\n\t\t\t\t<div class=\"elementor-widget-container\">\n\t\t\t\t\t<h1 class=\"elementor-heading-title elementor-size-default\">BODEN- UND UFERSCHUTZ VERHINDERT AUSWASCHUNG<\/h1>\t\t\t\t<\/div>\n\t\t\t\t<\/div>\n\t\t\t\t<div class=\"elementor-element elementor-element-7b12747 contentBlok1 elementor-widget elementor-widget-text-editor\" data-id=\"7b12747\" data-element_type=\"widget\" data-e-type=\"widget\" data-widget_type=\"text-editor.default\">\n\t\t\t\t<div class=\"elementor-widget-container\">\n\t\t\t\t\t\t\t\t\t<p><strong>Wasserbetten und Ufer in der N\u00e4he von Fl\u00fcssen, K\u00fcsten und Bauwerken m\u00fcssen vor Erosion und den Auswirkungen von Str\u00f6mungen und Wellen gesch\u00fctzt werden. Wir verf\u00fcgen \u00fcber das Wissen, die F\u00e4higkeiten und die Ausr\u00fcstung, um die Stabilit\u00e4t von Wasserbetten und Flussufern bei Bedarf zu st\u00e4rken oder wiederherzustellen und sie anschlie\u00dfend zu \u00fcberwachen und zu pflegen. <\/strong><\/p>\n<p>Der Schutz von B\u00f6den und Ufern kann auf verschiedene Weise erfolgen, z. B. durch Steinsch\u00fcttungen, Wellenbrecher, D\u00e4mme und Buhnen. Jede Situation erfordert ihre eigene L\u00f6sung. Wir verf\u00fcgen \u00fcber das Know-how, um die beste und nachhaltigste L\u00f6sung f\u00fcr ein bestimmtes Gebiet zu finden.  <\/p>\n<p><strong>Der Spezialist f\u00fcr Zink und Kragen<\/strong><br \/>\nEines unserer absoluten Spezialgebiete ist die Installation von Zink und Kragen. Wir verf\u00fcgen \u00fcber die richtige Ausr\u00fcstung und erfahrene Mitarbeiter mit umfassenden Kenntnissen auf diesem Gebiet. In \u00fcber 75 Jahren Van den Herik haben wir bereits Hunderte von Zinkst\u00fccken versenkt und entkernt.  <\/p>\n\t\t\t\t\t\t\t\t<\/div>\n\t\t\t\t<\/div>\n\t\t\t\t\t<\/div>\n\t\t\t\t<\/div>\n\t\t\t\t<\/div>\n\t\t\t\t<\/div>\n\t\t<\/section>\n<section class=\"section-titel-met-tekst-en-button-volledige-breedte\">\n    \t\t<div data-elementor-type=\"section\" data-elementor-id=\"9544\" class=\"elementor elementor-9544 elementor-297\" data-elementor-post-type=\"elementor_library\">\n\t\t\t<div class=\"elementor-element elementor-element-a15b6c7 e-con-full aw-kleur-gr\u00fcn  e-flex e-con e-parent\" data-id=\"a15b6c7\" data-element_type=\"container\" data-e-type=\"container\" data-settings=\"{&quot;background_background&quot;:&quot;classic&quot;}\">\n\t\t<div class=\"elementor-element elementor-element-61b1760 aw-subtext-container awBlok1 e-flex e-con-boxed e-con e-child\" data-id=\"61b1760\" data-element_type=\"container\" data-e-type=\"container\">\n\t\t\t\t\t<div class=\"e-con-inner\">\n\t\t\t\t<div class=\"elementor-element elementor-element-d5de06c Titel Links elementor-widget elementor-widget-heading\" data-id=\"d5de06c\" data-element_type=\"widget\" data-e-type=\"widget\" data-widget_type=\"heading.default\">\n\t\t\t\t<div class=\"elementor-widget-container\">\n\t\t\t\t\t<h3 class=\"elementor-heading-title elementor-size-default\">Das klassische Waschbecken mit Kragen<\/h3>\t\t\t\t<\/div>\n\t\t\t\t<\/div>\n\t\t\t\t<div class=\"elementor-element elementor-element-7b12747 contentBlok1 elementor-widget elementor-widget-text-editor\" data-id=\"7b12747\" data-element_type=\"widget\" data-e-type=\"widget\" data-widget_type=\"text-editor.default\">\n\t\t\t\t<div class=\"elementor-widget-container\">\n\t\t\t\t\t\t\t\t\t<p>Zinkst\u00fccke werden verwendet, um Bodenerosion zu verhindern, Kragsteine werden zum Schutz von Ufern verwendet. Klassische Zink- und Kragenst\u00fccke werden aus B\u00fcndeln gedrehter \u00c4ste oder &#8218;Wiegen&#8216;, wie die B\u00fcndel von Weidenzweigen genannt werden, hergestellt. <\/p>\n<p><img decoding=\"async\" class=\"aligncenter wp-image-5501 size-full\" src=\"https:\/\/herik.nl\/wp-content\/uploads\/2024\/08\/Zinkstuk-Spijkenisserbrug-e1740571529142.jpg\" alt=\"\" width=\"3000\" height=\"995\" srcset=\"https:\/\/herik.nl\/wp-content\/uploads\/2024\/08\/Zinkstuk-Spijkenisserbrug-e1740571529142.jpg 3000w, https:\/\/herik.nl\/wp-content\/uploads\/2024\/08\/Zinkstuk-Spijkenisserbrug-e1740571529142-300x100.jpg 300w, https:\/\/herik.nl\/wp-content\/uploads\/2024\/08\/Zinkstuk-Spijkenisserbrug-e1740571529142-1024x340.jpg 1024w, https:\/\/herik.nl\/wp-content\/uploads\/2024\/08\/Zinkstuk-Spijkenisserbrug-e1740571529142-768x255.jpg 768w, https:\/\/herik.nl\/wp-content\/uploads\/2024\/08\/Zinkstuk-Spijkenisserbrug-e1740571529142-1536x509.jpg 1536w, https:\/\/herik.nl\/wp-content\/uploads\/2024\/08\/Zinkstuk-Spijkenisserbrug-e1740571529142-2048x679.jpg 2048w, https:\/\/herik.nl\/wp-content\/uploads\/2024\/08\/Zinkstuk-Spijkenisserbrug-e1740571529142-574x190.jpg 574w, https:\/\/herik.nl\/wp-content\/uploads\/2024\/08\/Zinkstuk-Spijkenisserbrug-e1740571529142-1918x636.jpg 1918w\" sizes=\"(max-width: 3000px) 100vw, 3000px\" \/><\/p>\n<p>Aus diesen Wiegen wird dann ein Ger\u00fcst gebildet, das die Basis f\u00fcr ein Zink- oder Kragenst\u00fcck bildet. Ein zweites Ger\u00fcst wird senkrecht dazu aufgestellt und sie werden mit einer speziellen Art von Seil verbunden, das sich im nassen Zustand selbst festh\u00e4lt. Die Rahmen der Wiegen werden mit Reisigb\u00fcndeln gef\u00fcllt. Das sind die kleineren \u00c4ste und Zweige des Weidenbaums.   <\/p>\n<p><strong class=\"\">Diese uralte Technik wird auch heute noch angewandt und ist, wenn sie nach der traditionellen Methode, d.h. vollst\u00e4ndig aus Weide, hergestellt wird, \u00e4u\u00dferst<strong class=\"\"> langlebig<\/strong>!<\/strong><\/p>\n\t\t\t\t\t\t\t\t<\/div>\n\t\t\t\t<\/div>\n\t\t\t\t\t<\/div>\n\t\t\t\t<\/div>\n\t\t\t\t<\/div>\n\t\t\t\t<\/div>\n\t\t<\/section>\n<section class=\"section-ronde-afbeeldingen-met-meerdere-quotes\">\n    \t\t<div data-elementor-type=\"section\" data-elementor-id=\"9539\" class=\"elementor elementor-9539 elementor-3766\" data-elementor-post-type=\"elementor_library\">\n\t\t\t<div class=\"elementor-element elementor-element-8ff987f e-flex e-con-boxed aw-Farbe-gr\u00fcn e-con e-parent\" data-id=\"8ff987f\" data-element_type=\"container\" data-e-type=\"container\">\n\t\t\t\t\t<div class=\"e-con-inner\">\n\t\t\t\t<div class=\"elementor-element elementor-element-8d1bba5 aw-zig-zag-title  Titel Links elementor-widget elementor-widget-heading\" data-id=\"8d1bba5\" data-element_type=\"widget\" data-e-type=\"widget\" data-widget_type=\"heading.default\">\n\t\t\t\t<div class=\"elementor-widget-container\">\n\t\t\t\t\t<h6 class=\"elementor-heading-title elementor-size-default\">Drei Generationen von Spezialisten<\/h6>\t\t\t\t<\/div>\n\t\t\t\t<\/div>\n\t\t\t\t<div class=\"elementor-element elementor-element-7bca66e aw-zig-zag elementor-widget elementor-widget-shortcode\" data-id=\"7bca66e\" data-element_type=\"widget\" data-e-type=\"widget\" data-widget_type=\"shortcode.default\">\n\t\t\t\t<div class=\"elementor-widget-container\">\n\t\t\t\t\t\t\t<div class=\"elementor-shortcode\"><div class=\"zig-zag-container\"><div class=\"zig-zag-item\"><div class=\"zig-zag-titel\"><\/div><div class=\"zig-zag-right\"><img decoding=\"async\" class= \"zig-zag-img\" src=\"https:\/\/herik.nl\/wp-content\/uploads\/2024\/07\/Van-den-Herik-Teus-Klop-quote3.jpg\" alt=\"project item\" \/><div class=\"zig-zag-quote-right\"><p>&#8220;Wir geben die Kunst des Versenkens von Generation zu Generation weiter. W\u00e4hrend wir fr\u00fcher das gesamte Zinkst\u00fcck mit nat\u00fcrlichen Materialien zusammengebunden haben, sind wir im Laufe der Zeit immer mehr dazu \u00fcbergegangen, nicht-nat\u00fcrliche Materialien zu verwenden. Ein sch\u00f6ner Trend in den letzten Jahren ist, dass wir tats\u00e4chlich zu nachhaltigeren Alternativen und nat\u00fcrlichen Materialien zur\u00fcckkehren. In meinen Anfangsjahren waren wir also unserer Zeit weit voraus!<strong>&#8220;<\/strong><\/p>\n<p><strong>Teus Klop<\/strong> | <em>Vorarbeiter und &#8218;Zinkchef&#8216; bei Van den Herik seit 1975<\/em><\/p>\n<\/div><\/div><\/div><div class=\"zig-zag-item\"><div class=\"zig-zag-titel\"><\/div><div class=\"zig-zag-left\"><img decoding=\"async\" class= \"zig-zag-img\" src=\"https:\/\/herik.nl\/wp-content\/uploads\/2024\/07\/Van-den-Herik-Theo-Klop-quote2.jpg\" alt=\"project item\" \/><div class=\"zig-zag-quote-left\"><p>&#8220;Vor fast 30 Jahren habe ich mit meinem Vater meinen ersten Senker auf der Waal gelandet. Eine wunderbare Erfahrung. Auch heute noch finde ich die Arbeit mit dem Zink das Sch\u00f6nste, was es gibt<strong>&#8220;<\/strong><\/p>\n<p><strong>Theo Klop<\/strong> | <em>Executive bei Van den Herik seit 1995 und in der Tat, der Sohn von Teus<\/em><\/p>\n<\/div><\/div><\/div><div class=\"zig-zag-item\"><div class=\"zig-zag-titel\"><\/div><div class=\"zig-zag-right\"><img decoding=\"async\" class= \"zig-zag-img\" src=\"https:\/\/herik.nl\/wp-content\/uploads\/2024\/07\/Van-den-Herik-Tom-Klop-quote.jpg\" alt=\"project item\" \/><div class=\"zig-zag-quote-right\"><p>&#8220;Vor kurzem habe ich, die dritte Generation Klop, bei Van den Herik angefangen zu arbeiten. Es ist etwas ganz Besonderes, in die Fu\u00dfstapfen meines Vaters und Gro\u00dfvaters zu treten und mit beiden zusammenarbeiten zu k\u00f6nnen.<strong>&#8220; <\/strong><\/p>\n<p><strong>Tom Klop <\/strong> | <em>Ist Auszubildender bei Van den Herik (2024) und der Sohn von Theo<\/em><\/p>\n<\/div><\/div><\/div><\/div><\/div>\n\t\t\t\t\t\t<\/div>\n\t\t\t\t<\/div>\n\t\t\t\t\t<\/div>\n\t\t\t\t<\/div>\n\t\t\t\t<\/div>\n\t\t<\/section>\n<section class=\"section-titel-met-tekst-en-button-volledige-breedte\">\n    \t\t<div data-elementor-type=\"section\" data-elementor-id=\"9544\" class=\"elementor elementor-9544 elementor-297\" data-elementor-post-type=\"elementor_library\">\n\t\t\t<div class=\"elementor-element elementor-element-a15b6c7 e-con-full aw-kleur-hellgr\u00fcn  e-flex e-con e-parent\" data-id=\"a15b6c7\" data-element_type=\"container\" data-e-type=\"container\" data-settings=\"{&quot;background_background&quot;:&quot;classic&quot;}\">\n\t\t<div class=\"elementor-element elementor-element-61b1760 aw-subtext-container awBlok1 e-flex e-con-boxed e-con e-child\" data-id=\"61b1760\" data-element_type=\"container\" data-e-type=\"container\">\n\t\t\t\t\t<div class=\"e-con-inner\">\n\t\t\t\t<div class=\"elementor-element elementor-element-7b12747 contentBlok1 elementor-widget elementor-widget-text-editor\" data-id=\"7b12747\" data-element_type=\"widget\" data-e-type=\"widget\" data-widget_type=\"text-editor.default\">\n\t\t\t\t<div class=\"elementor-widget-container\">\n\t\t\t\t\t\t\t\t\t<p><strong>Steinsch\u00fcttung<\/strong><br \/>\nNeben den Sinkk\u00e4sten berechnen, entwerfen und realisieren wir auch k\u00f6rnige Filterstrukturen in allen Formen und Gr\u00f6\u00dfen. Dabei ordnen wir mehrere Schichten von Steinen unterschiedlicher Gr\u00f6\u00dfe in einer bestimmten Reihenfolge an. So kann das Wasser durchflie\u00dfen, aber Materialien wie Sand oder Ton bleiben an Ort und Stelle. Dies verhindert die Erosion von Ufern und Wasserbetten.   <\/p>\n\t\t\t\t\t\t\t\t<\/div>\n\t\t\t\t<\/div>\n\t\t\t\t\t<\/div>\n\t\t\t\t<\/div>\n\t\t\t\t<\/div>\n\t\t\t\t<\/div>\n\t\t<\/section>\n<section class=\"section-titel-met-video-simpel\">\n    \t\t<div data-elementor-type=\"section\" data-elementor-id=\"9517\" class=\"elementor elementor-9517 elementor-3940\" data-elementor-post-type=\"elementor_library\">\n\t\t\t<div class=\"elementor-element elementor-element-a104b63 e-flex e-con-boxed e-con e-parent\" data-id=\"a104b63\" data-element_type=\"container\" data-e-type=\"container\">\n\t\t\t\t\t<div class=\"e-con-inner\">\n\t\t\t\t<div class=\"elementor-element elementor-element-080a9ef Titel-zentriert elementor-widget elementor-widget-heading\" data-id=\"080a9ef\" data-element_type=\"widget\" data-e-type=\"widget\" data-widget_type=\"heading.default\">\n\t\t\t\t<div class=\"elementor-widget-container\">\n\t\t\t\t\t<h3 class=\"elementor-heading-title elementor-size-default\">Sehen Sie hier unsere Arbeit am Sturmflutwehr der Oosterschelde<\/h3>\t\t\t\t<\/div>\n\t\t\t\t<\/div>\n\t\t\t\t<div class=\"elementor-element elementor-element-22bac03 elementor-widget elementor-widget-video\" data-id=\"22bac03\" data-element_type=\"widget\" data-e-type=\"widget\" data-settings=\"{&quot;youtube_url&quot;:&quot;https:\\\/\\\/youtu.be\\\/C2KGC8HnQVk?si=mU8iZmffJoXu88_j&quot;,&quot;video_type&quot;:&quot;youtube&quot;,&quot;controls&quot;:&quot;yes&quot;}\" data-widget_type=\"video.default\">\n\t\t\t\t<div class=\"elementor-widget-container\">\n\t\t\t\t\t\t\t<div class=\"elementor-wrapper elementor-open-inline\">\n\t\t\t<div class=\"elementor-video\"><\/div>\t\t<\/div>\n\t\t\t\t\t\t<\/div>\n\t\t\t\t<\/div>\n\t\t\t\t<div class=\"elementor-element elementor-element-7f6245c elementor-align-center elementor-mobile-align-center aw-knop elementor-widget elementor-widget-button\" data-id=\"7f6245c\" data-element_type=\"widget\" data-e-type=\"widget\" data-widget_type=\"button.default\">\n\t\t\t\t<div class=\"elementor-widget-container\">\n\t\t\t\t\t\t\t\t\t<div class=\"elementor-button-wrapper\">\n\t\t\t\t\t<a class=\"elementor-button elementor-button-link elementor-size-sm\" href=\"https:\/\/herik.nl\/projecten_\/\">\n\t\t\t\t\t\t<span class=\"elementor-button-content-wrapper\">\n\t\t\t\t\t\t\t\t\t<span class=\"elementor-button-text\">Sehen Sie hier alle Boden- und Uferschutzprojekte<\/span>\n\t\t\t\t\t<\/span>\n\t\t\t\t\t<\/a>\n\t\t\t\t<\/div>\n\t\t\t\t\t\t\t\t<\/div>\n\t\t\t\t<\/div>\n\t\t\t\t\t<\/div>\n\t\t\t\t<\/div>\n\t\t\t\t<\/div>\n\t\t<\/section>","protected":false},"excerpt":{"rendered":"","protected":false},"author":3,"featured_media":0,"parent":9411,"menu_order":68,"comment_status":"closed","ping_status":"closed","template":"","meta":{"_acf_changed":false,"footnotes":""},"class_list":["post-9301","page","type-page","status-publish","hentry"],"acf":[],"yoast_head":"<!-- This site is optimized with the Yoast SEO plugin v27.3 - https:\/\/yoast.com\/product\/yoast-seo-wordpress\/ -->\n<title>Boden- und Uferschutz - van den Herik Sliedrecht<\/title>\n<meta name=\"robots\" content=\"index, follow, max-snippet:-1, max-image-preview:large, max-video-preview:-1\" \/>\n<link rel=\"canonical\" href=\"https:\/\/herik.nl\/de\/aktivitaeten\/boden-und-uferschutz\/\" \/>\n<meta property=\"og:locale\" content=\"de_DE\" \/>\n<meta property=\"og:type\" content=\"article\" \/>\n<meta property=\"og:title\" content=\"Boden- und Uferschutz - van den Herik Sliedrecht\" \/>\n<meta property=\"og:url\" content=\"https:\/\/herik.nl\/de\/aktivitaeten\/boden-und-uferschutz\/\" \/>\n<meta property=\"og:site_name\" content=\"van den Herik Sliedrecht\" \/>\n<meta property=\"article:modified_time\" content=\"2026-01-07T15:20:59+00:00\" \/>\n<meta name=\"twitter:card\" content=\"summary_large_image\" \/>\n<script type=\"application\/ld+json\" class=\"yoast-schema-graph\">{\"@context\":\"https:\\\/\\\/schema.org\",\"@graph\":[{\"@type\":\"WebPage\",\"@id\":\"https:\\\/\\\/herik.nl\\\/de\\\/aktivitaeten\\\/boden-und-uferschutz\\\/\",\"url\":\"https:\\\/\\\/herik.nl\\\/de\\\/aktivitaeten\\\/boden-und-uferschutz\\\/\",\"name\":\"Boden- und Uferschutz - van den Herik Sliedrecht\",\"isPartOf\":{\"@id\":\"https:\\\/\\\/herik.nl\\\/de\\\/#website\"},\"datePublished\":\"2024-07-15T09:46:32+00:00\",\"dateModified\":\"2026-01-07T15:20:59+00:00\",\"breadcrumb\":{\"@id\":\"https:\\\/\\\/herik.nl\\\/de\\\/aktivitaeten\\\/boden-und-uferschutz\\\/#breadcrumb\"},\"inLanguage\":\"de\",\"potentialAction\":[{\"@type\":\"ReadAction\",\"target\":[\"https:\\\/\\\/herik.nl\\\/de\\\/aktivitaeten\\\/boden-und-uferschutz\\\/\"]}]},{\"@type\":\"BreadcrumbList\",\"@id\":\"https:\\\/\\\/herik.nl\\\/de\\\/aktivitaeten\\\/boden-und-uferschutz\\\/#breadcrumb\",\"itemListElement\":[{\"@type\":\"ListItem\",\"position\":1,\"name\":\"Home\",\"item\":\"https:\\\/\\\/herik.nl\\\/de\\\/\"},{\"@type\":\"ListItem\",\"position\":2,\"name\":\"Aktivit\u00e4ten\",\"item\":\"https:\\\/\\\/herik.nl\\\/de\\\/aktivitaeten\\\/\"},{\"@type\":\"ListItem\",\"position\":3,\"name\":\"Boden- und Uferschutz\"}]},{\"@type\":\"WebSite\",\"@id\":\"https:\\\/\\\/herik.nl\\\/de\\\/#website\",\"url\":\"https:\\\/\\\/herik.nl\\\/de\\\/\",\"name\":\"van den Herik Sliedrecht\",\"description\":\"\",\"potentialAction\":[{\"@type\":\"SearchAction\",\"target\":{\"@type\":\"EntryPoint\",\"urlTemplate\":\"https:\\\/\\\/herik.nl\\\/de\\\/?s={search_term_string}\"},\"query-input\":{\"@type\":\"PropertyValueSpecification\",\"valueRequired\":true,\"valueName\":\"search_term_string\"}}],\"inLanguage\":\"de\"}]}<\/script>\n<!-- \/ Yoast SEO plugin. -->","yoast_head_json":{"title":"Boden- und Uferschutz - van den Herik Sliedrecht","robots":{"index":"index","follow":"follow","max-snippet":"max-snippet:-1","max-image-preview":"max-image-preview:large","max-video-preview":"max-video-preview:-1"},"canonical":"https:\/\/herik.nl\/de\/aktivitaeten\/boden-und-uferschutz\/","og_locale":"de_DE","og_type":"article","og_title":"Boden- und Uferschutz - van den Herik Sliedrecht","og_url":"https:\/\/herik.nl\/de\/aktivitaeten\/boden-und-uferschutz\/","og_site_name":"van den Herik Sliedrecht","article_modified_time":"2026-01-07T15:20:59+00:00","twitter_card":"summary_large_image","schema":{"@context":"https:\/\/schema.org","@graph":[{"@type":"WebPage","@id":"https:\/\/herik.nl\/de\/aktivitaeten\/boden-und-uferschutz\/","url":"https:\/\/herik.nl\/de\/aktivitaeten\/boden-und-uferschutz\/","name":"Boden- und Uferschutz - van den Herik Sliedrecht","isPartOf":{"@id":"https:\/\/herik.nl\/de\/#website"},"datePublished":"2024-07-15T09:46:32+00:00","dateModified":"2026-01-07T15:20:59+00:00","breadcrumb":{"@id":"https:\/\/herik.nl\/de\/aktivitaeten\/boden-und-uferschutz\/#breadcrumb"},"inLanguage":"de","potentialAction":[{"@type":"ReadAction","target":["https:\/\/herik.nl\/de\/aktivitaeten\/boden-und-uferschutz\/"]}]},{"@type":"BreadcrumbList","@id":"https:\/\/herik.nl\/de\/aktivitaeten\/boden-und-uferschutz\/#breadcrumb","itemListElement":[{"@type":"ListItem","position":1,"name":"Home","item":"https:\/\/herik.nl\/de\/"},{"@type":"ListItem","position":2,"name":"Aktivit\u00e4ten","item":"https:\/\/herik.nl\/de\/aktivitaeten\/"},{"@type":"ListItem","position":3,"name":"Boden- und Uferschutz"}]},{"@type":"WebSite","@id":"https:\/\/herik.nl\/de\/#website","url":"https:\/\/herik.nl\/de\/","name":"van den Herik Sliedrecht","description":"","potentialAction":[{"@type":"SearchAction","target":{"@type":"EntryPoint","urlTemplate":"https:\/\/herik.nl\/de\/?s={search_term_string}"},"query-input":{"@type":"PropertyValueSpecification","valueRequired":true,"valueName":"search_term_string"}}],"inLanguage":"de"}]}},"_links":{"self":[{"href":"https:\/\/herik.nl\/de\/wp-json\/wp\/v2\/pages\/9301","targetHints":{"allow":["GET"]}}],"collection":[{"href":"https:\/\/herik.nl\/de\/wp-json\/wp\/v2\/pages"}],"about":[{"href":"https:\/\/herik.nl\/de\/wp-json\/wp\/v2\/types\/page"}],"author":[{"embeddable":true,"href":"https:\/\/herik.nl\/de\/wp-json\/wp\/v2\/users\/3"}],"replies":[{"embeddable":true,"href":"https:\/\/herik.nl\/de\/wp-json\/wp\/v2\/comments?post=9301"}],"version-history":[{"count":3,"href":"https:\/\/herik.nl\/de\/wp-json\/wp\/v2\/pages\/9301\/revisions"}],"predecessor-version":[{"id":9969,"href":"https:\/\/herik.nl\/de\/wp-json\/wp\/v2\/pages\/9301\/revisions\/9969"}],"up":[{"embeddable":true,"href":"https:\/\/herik.nl\/de\/wp-json\/wp\/v2\/pages\/9411"}],"wp:attachment":[{"href":"https:\/\/herik.nl\/de\/wp-json\/wp\/v2\/media?parent=9301"}],"curies":[{"name":"wp","href":"https:\/\/api.w.org\/{rel}","templated":true}]}}