{"id":9276,"date":"2024-07-05T09:08:17","date_gmt":"2024-07-05T09:08:17","guid":{"rendered":"https:\/\/herik.nl\/wartung-und-vermoegensverwaltung\/"},"modified":"2026-05-04T17:43:09","modified_gmt":"2026-05-04T17:43:09","slug":"wartung-und-vermoegensverwaltung","status":"publish","type":"page","link":"https:\/\/herik.nl\/de\/maerkte\/wartung-und-vermoegensverwaltung\/","title":{"rendered":"Wartung und Verm\u00f6gensverwaltung"},"content":{"rendered":"\n<section class=\"section-afbeelding-met-golfscheiding\">\n    \t\t<div data-elementor-type=\"section\" data-elementor-id=\"9435\" class=\"elementor elementor-9435 elementor-1442\" data-elementor-post-type=\"elementor_library\">\n\t\t\t<div class=\"elementor-element elementor-element-2c557bc e-con-full e-flex aw-Hintergrundnormal e-con e-parent\" data-id=\"2c557bc\" data-element_type=\"container\" data-e-type=\"container\" id=\"aw-hero-img\" data-settings=\"{&quot;background_background&quot;:&quot;classic&quot;}\">\n\t\t\t\t<div class=\"elementor-element elementor-element-7dc8102 elementor-widget elementor-widget-image\" data-id=\"7dc8102\" data-element_type=\"widget\" data-e-type=\"widget\" data-widget_type=\"image.default\">\n\t\t\t\t<div class=\"elementor-widget-container\">\n\t\t\t\t\t\t\t\t\t\t\t\t\t\t\t<img fetchpriority=\"high\" decoding=\"async\" width=\"2560\" height=\"933\" src=\"https:\/\/herik.nl\/wp-content\/uploads\/2024\/12\/Van-den-Herik-kunstwerken.jpg\" class=\"attachment-full size-full wp-image-8584\" alt=\"\" srcset=\"https:\/\/herik.nl\/wp-content\/uploads\/2024\/12\/Van-den-Herik-kunstwerken.jpg 2560w, https:\/\/herik.nl\/wp-content\/uploads\/2024\/12\/Van-den-Herik-kunstwerken-300x109.jpg 300w, https:\/\/herik.nl\/wp-content\/uploads\/2024\/12\/Van-den-Herik-kunstwerken-1024x373.jpg 1024w, https:\/\/herik.nl\/wp-content\/uploads\/2024\/12\/Van-den-Herik-kunstwerken-768x280.jpg 768w, https:\/\/herik.nl\/wp-content\/uploads\/2024\/12\/Van-den-Herik-kunstwerken-1536x560.jpg 1536w, https:\/\/herik.nl\/wp-content\/uploads\/2024\/12\/Van-den-Herik-kunstwerken-2048x746.jpg 2048w, https:\/\/herik.nl\/wp-content\/uploads\/2024\/12\/Van-den-Herik-kunstwerken-574x209.jpg 574w, https:\/\/herik.nl\/wp-content\/uploads\/2024\/12\/Van-den-Herik-kunstwerken-1918x699.jpg 1918w\" sizes=\"(max-width: 2560px) 100vw, 2560px\" \/>\t\t\t\t\t\t\t\t\t\t\t\t\t\t\t<\/div>\n\t\t\t\t<\/div>\n\t\t\t\t<\/div>\n\t\t\t\t<\/div>\n\t\t<\/section>\n<section class=\"section-titel-met-tekst-en-button-volledige-breedte\">\n    \t\t<div data-elementor-type=\"section\" data-elementor-id=\"9544\" class=\"elementor elementor-9544 elementor-297\" data-elementor-post-type=\"elementor_library\">\n\t\t\t<div class=\"elementor-element elementor-element-a15b6c7 e-con-full aw-kleur-wei\u00df  e-flex e-con e-parent\" data-id=\"a15b6c7\" data-element_type=\"container\" data-e-type=\"container\" id=\"possibleHomepageGolf  Leerraum am unteren Rand ausschalten\" data-settings=\"{&quot;background_background&quot;:&quot;classic&quot;}\">\n\t\t<div class=\"elementor-element elementor-element-61b1760 aw-subtext-container awBlok1 e-flex e-con-boxed e-con e-child\" data-id=\"61b1760\" data-element_type=\"container\" data-e-type=\"container\">\n\t\t\t\t\t<div class=\"e-con-inner\">\n\t\t\t\t<div class=\"elementor-element elementor-element-d5de06c Titel Links elementor-widget elementor-widget-heading\" data-id=\"d5de06c\" data-element_type=\"widget\" data-e-type=\"widget\" data-widget_type=\"heading.default\">\n\t\t\t\t<div class=\"elementor-widget-container\">\n\t\t\t\t\t<h1 class=\"elementor-heading-title elementor-size-default\">INSTANDHALTUNG UND VERM\u00d6GENSVERWALTUNG<\/h1>\t\t\t\t<\/div>\n\t\t\t\t<\/div>\n\t\t\t\t<div class=\"elementor-element elementor-element-7b12747 contentBlok1 elementor-widget elementor-widget-text-editor\" data-id=\"7b12747\" data-element_type=\"widget\" data-e-type=\"widget\" data-widget_type=\"text-editor.default\">\n\t\t\t\t<div class=\"elementor-widget-container\">\n\t\t\t\t\t\t\t\t\t<p><strong>Asset Management im Infrastrukturbereich ist die intelligente Verwaltung aller Verm\u00f6genswerte, die f\u00fcr die (nasse) Infrastruktur von Wert sind. Denken Sie an Ingenieurbauwerke wie Br\u00fccken, Schleusen und Pumpstationen. Aber auch an weniger sichtbare Verm\u00f6genswerte: den Boden und den Uferschutz von Wasserstra\u00dfen und Fl\u00fcssen.  <\/strong><\/p>\n<p>Die Verm\u00f6gensverwaltung umfasst die Planung, Realisierung, Wartung und Entsorgung aller Verm\u00f6genswerte. Und zwar so, dass die Leistung verbessert, die Kosten reduziert und die Risiken minimiert werden. Das Ziel ist es, unsere Infrastrukturen befahrbar und sicher zu halten. Die Niederlande stehen derzeit vor der gr\u00f6\u00dften Instandhaltungsaufgabe aller Zeiten. Ein Gro\u00dfteil unserer (nassen) Infrastruktur ist am Ende ihrer Lebensdauer angelangt und muss renoviert oder ersetzt werden.    <\/p>\n<p><strong>Fl\u00fcsse in der Tiefe<\/strong><br \/>\nIn gro\u00dfem Umfang unterst\u00fctzen wir Regierungen, wie die Generaldirektion f\u00fcr \u00f6ffentliche Arbeiten und Wasserwirtschaft und die Wasserverb\u00e4nde, Provinzen und Gemeinden, bei der Verwaltung ihrer Verm\u00f6genswerte. Zum Beispiel unterhalten wir derzeit 250 Kilometer Fluss, 87 Kilometer Kanal und 2.486 Buhnen an der IJssel, dem Nederrijn, dem Lek und dem Twente-Kanal. Wir sorgen daf\u00fcr, dass die Fl\u00fcsse und Kan\u00e4le auf Tiefe und schiffbar bleiben. Und wir halten die Ufer und Buhnen in bestem Zustand.   <\/p>\n<p><strong>Datengesteuerte Wartung<br \/>\n<\/strong>Neben Fl\u00fcssen, Kan\u00e4len und Ufern warten wir auch nasse Ingenieurbauwerke. Im Rahmen des Vitaal-Projekts werden wir im Zeitraum von 2022 bis 2028 zusammen mit SPIE, BAM und Dynniq etwa 12 Schleusentore, 3 Wehranlagen, 72 Br\u00fccken, 6 Pumpstationen und 50 Auslassbauwerke instand halten.  Bei diesem Projekt investieren wir in intelligente Methoden der Anlagenverwaltung und datengesteuerten Wartung. Durch Datenanalyse k\u00f6nnen wir Ausf\u00e4lle und Sch\u00e4den verhindern. Auf diese Weise begrenzen wir die Unterbrechung des (Schiffs-)Verkehrs.  <\/p>\n<p><strong>Gro\u00dfe Schleusenkomplexe<\/strong><br \/>\nIn den zentralen Niederlanden f\u00fchren wir \u00e4hnliche Wartungsarbeiten am Amsterdam-Rhein-Kanal durch. Auf einer Strecke von etwa 80 Kilometern pflegen wir die gro\u00dfen Schleusenkomplexe. Zu einem solchen Auftrag geh\u00f6ren auch die Gr\u00fcnpflege der Ufer und die Instandhaltung der Pflasterung entlang des Kanals.   Wir \u00fcbernehmen auch das Asset Management in kleinerem Umfang. Bei der Schleuse 1 in der Blauwe As in Assen sind wir nach der Fertigstellung im Jahr 2013 20 Jahre lang f\u00fcr die Verwaltung und Wartung verantwortlich. Speziell f\u00fcr dieses Projekt sind wir nach ISO55001 zertifiziert: Wir f\u00fchren das Asset Management nachweislich nach strengen Qualit\u00e4tsanforderungen und Vorschriften durch.  <\/p>\n\t\t\t\t\t\t\t\t<\/div>\n\t\t\t\t<\/div>\n\t\t\t\t\t<\/div>\n\t\t\t\t<\/div>\n\t\t\t\t<\/div>\n\t\t\t\t<\/div>\n\t\t<\/section>\n<section class=\"section-afbeelding-centraal-met-tekst\">\n    \t\t<div data-elementor-type=\"section\" data-elementor-id=\"9458\" class=\"elementor elementor-9458 elementor-638\" data-elementor-post-type=\"elementor_library\">\n\t\t\t<div class=\"elementor-element elementor-element-9da3d48 e-flex e-con-boxed aw-Farbe-gr\u00fcn e-con e-parent\" data-id=\"9da3d48\" data-element_type=\"container\" data-e-type=\"container\" id=\"aw-afbeelding-met-tekst\" data-settings=\"{&quot;background_background&quot;:&quot;classic&quot;}\">\n\t\t\t\t\t<div class=\"e-con-inner\">\n\t\t<div class=\"elementor-element elementor-element-b4729a8 e-con-full e-flex e-con e-child\" data-id=\"b4729a8\" data-element_type=\"container\" data-e-type=\"container\" data-settings=\"{&quot;background_background&quot;:&quot;classic&quot;}\">\n\t\t<div class=\"elementor-element elementor-element-c2064c3 e-con-full awTekstvlakBlok6 e-flex e-con e-child\" data-id=\"c2064c3\" data-element_type=\"container\" data-e-type=\"container\" id=\"aw-afbeelding-banner\" data-settings=\"{&quot;background_background&quot;:&quot;classic&quot;}\">\n\t\t\t\t<div class=\"elementor-element elementor-element-1cdc4eb elementor-widget elementor-widget-heading\" data-id=\"1cdc4eb\" data-element_type=\"widget\" data-e-type=\"widget\" data-widget_type=\"heading.default\">\n\t\t\t\t<div class=\"elementor-widget-container\">\n\t\t\t\t\t<h3 class=\"elementor-heading-title elementor-size-default\">Verm\u00f6gensverwaltung in den \u00f6stlichen Niederlanden<\/h3>\t\t\t\t<\/div>\n\t\t\t\t<\/div>\n\t\t\t\t<div class=\"elementor-element elementor-element-24a8bac elementor-widget elementor-widget-text-editor\" data-id=\"24a8bac\" data-element_type=\"widget\" data-e-type=\"widget\" data-widget_type=\"text-editor.default\">\n\t\t\t\t<div class=\"elementor-widget-container\">\n\t\t\t\t\t\t\t\t\t<p>Im Rahmen des Vitaal-Projekts werden wir zusammen mit unseren Kombinierern im Zeitraum von 2022 bis 2028 rund 12 Schleusen, 3 Wehrkomplexe, 72 Br\u00fccken, 6 Pumpstationen und 50 Auslasswerke instand halten.<br \/>\n<em>Foto: Ersatzschleusentore Wehr und Schleusenkomplex Amerongen<\/em><\/p>\n\t\t\t\t\t\t\t\t<\/div>\n\t\t\t\t<\/div>\n\t\t\t\t<div class=\"elementor-element elementor-element-790a76e elementor-align-left aw-text-button elementor-widget elementor-widget-button\" data-id=\"790a76e\" data-element_type=\"widget\" data-e-type=\"widget\" data-widget_type=\"button.default\">\n\t\t\t\t<div class=\"elementor-widget-container\">\n\t\t\t\t\t\t\t\t\t<div class=\"elementor-button-wrapper\">\n\t\t\t\t\t<a class=\"elementor-button elementor-button-link elementor-size-sm\" href=\"https:\/\/herik.nl\/de\/projecten\/instandhaltung-der-bauwerke-im-osten-der-niederlande\/\">\n\t\t\t\t\t\t<span class=\"elementor-button-content-wrapper\">\n\t\t\t\t\t\t<span class=\"elementor-button-icon\">\n\t\t\t\t<svg xmlns=\"http:\/\/www.w3.org\/2000\/svg\" viewBox=\"0 0 32 32\"><title>92-Arrow Right<\/title><g id=\"_92-Arrow_Right\" data-name=\"92-Arrow Right\"><path d=\"M16,32A16,16,0,1,1,32,16,16,16,0,0,1,16,32ZM16,2A14,14,0,1,0,30,16,14,14,0,0,0,16,2Z\"><\/path><path d=\"M13.71,24.71l-1.41-1.41L19.59,16,12.29,8.71l1.41-1.41,8,8a1,1,0,0,1,0,1.41Z\"><\/path><\/g><\/svg>\t\t\t<\/span>\n\t\t\t\t\t\t\t\t\t<span class=\"elementor-button-text\">M\u00f6chten Sie mehr \u00fcber Project Vital erfahren?<\/span>\n\t\t\t\t\t<\/span>\n\t\t\t\t\t<\/a>\n\t\t\t\t<\/div>\n\t\t\t\t\t\t\t\t<\/div>\n\t\t\t\t<\/div>\n\t\t<div class=\"elementor-element elementor-element-b9363d4 e-con-full blok6Img e-flex e-con e-child\" data-id=\"b9363d4\" data-element_type=\"container\" data-e-type=\"container\" data-settings=\"{&quot;position&quot;:&quot;absolute&quot;}\">\n\t\t\t\t<\/div>\n\t\t\t\t<\/div>\n\t\t\t\t<\/div>\n\t\t\t\t\t<\/div>\n\t\t\t\t<\/div>\n\t\t\t\t<\/div>\n\t\t<\/section>","protected":false},"excerpt":{"rendered":"","protected":false},"author":1,"featured_media":0,"parent":9422,"menu_order":94,"comment_status":"closed","ping_status":"closed","template":"","meta":{"_acf_changed":false,"footnotes":""},"class_list":["post-9276","page","type-page","status-publish","hentry"],"acf":[],"yoast_head":"<!-- This site is optimized with the Yoast SEO plugin v27.5 - https:\/\/yoast.com\/product\/yoast-seo-wordpress\/ -->\n<title>Wartung und Verm\u00f6gensverwaltung - van den Herik Sliedrecht<\/title>\n<meta name=\"description\" content=\"Asset Management im Infrastrukturbereich ist die intelligente Verwaltung aller Verm\u00f6genswerte, die f\u00fcr die (nasse) Infrastruktur von Wert sind.\" \/>\n<meta name=\"robots\" content=\"index, follow, max-snippet:-1, max-image-preview:large, max-video-preview:-1\" \/>\n<link rel=\"canonical\" href=\"https:\/\/herik.nl\/de\/maerkte\/wartung-und-vermoegensverwaltung\/\" \/>\n<meta property=\"og:locale\" content=\"de_DE\" \/>\n<meta property=\"og:type\" content=\"article\" \/>\n<meta property=\"og:title\" content=\"Wartung und Verm\u00f6gensverwaltung - van den Herik Sliedrecht\" \/>\n<meta property=\"og:description\" content=\"Asset Management im Infrastrukturbereich ist die intelligente Verwaltung aller Verm\u00f6genswerte, die f\u00fcr die (nasse) Infrastruktur von Wert sind.\" \/>\n<meta property=\"og:url\" content=\"https:\/\/herik.nl\/de\/maerkte\/wartung-und-vermoegensverwaltung\/\" \/>\n<meta property=\"og:site_name\" content=\"van den Herik Sliedrecht\" \/>\n<meta property=\"article:modified_time\" content=\"2026-05-04T17:43:09+00:00\" \/>\n<meta name=\"twitter:card\" content=\"summary_large_image\" \/>\n<script type=\"application\/ld+json\" class=\"yoast-schema-graph\">{\"@context\":\"https:\\\/\\\/schema.org\",\"@graph\":[{\"@type\":\"WebPage\",\"@id\":\"https:\\\/\\\/herik.nl\\\/de\\\/maerkte\\\/wartung-und-vermoegensverwaltung\\\/\",\"url\":\"https:\\\/\\\/herik.nl\\\/de\\\/maerkte\\\/wartung-und-vermoegensverwaltung\\\/\",\"name\":\"Wartung und Verm\u00f6gensverwaltung - van den Herik Sliedrecht\",\"isPartOf\":{\"@id\":\"https:\\\/\\\/herik.nl\\\/de\\\/#website\"},\"datePublished\":\"2024-07-05T09:08:17+00:00\",\"dateModified\":\"2026-05-04T17:43:09+00:00\",\"description\":\"Asset Management im Infrastrukturbereich ist die intelligente Verwaltung aller Verm\u00f6genswerte, die f\u00fcr die (nasse) Infrastruktur von Wert sind.\",\"breadcrumb\":{\"@id\":\"https:\\\/\\\/herik.nl\\\/de\\\/maerkte\\\/wartung-und-vermoegensverwaltung\\\/#breadcrumb\"},\"inLanguage\":\"de\",\"potentialAction\":[{\"@type\":\"ReadAction\",\"target\":[\"https:\\\/\\\/herik.nl\\\/de\\\/maerkte\\\/wartung-und-vermoegensverwaltung\\\/\"]}]},{\"@type\":\"BreadcrumbList\",\"@id\":\"https:\\\/\\\/herik.nl\\\/de\\\/maerkte\\\/wartung-und-vermoegensverwaltung\\\/#breadcrumb\",\"itemListElement\":[{\"@type\":\"ListItem\",\"position\":1,\"name\":\"Home\",\"item\":\"https:\\\/\\\/herik.nl\\\/de\\\/voorbeeld-pagina\\\/\"},{\"@type\":\"ListItem\",\"position\":2,\"name\":\"M\u00e4rkte\",\"item\":\"https:\\\/\\\/herik.nl\\\/de\\\/maerkte\\\/\"},{\"@type\":\"ListItem\",\"position\":3,\"name\":\"Wartung und Verm\u00f6gensverwaltung\"}]},{\"@type\":\"WebSite\",\"@id\":\"https:\\\/\\\/herik.nl\\\/de\\\/#website\",\"url\":\"https:\\\/\\\/herik.nl\\\/de\\\/\",\"name\":\"van den Herik Sliedrecht\",\"description\":\"\",\"potentialAction\":[{\"@type\":\"SearchAction\",\"target\":{\"@type\":\"EntryPoint\",\"urlTemplate\":\"https:\\\/\\\/herik.nl\\\/de\\\/?s={search_term_string}\"},\"query-input\":{\"@type\":\"PropertyValueSpecification\",\"valueRequired\":true,\"valueName\":\"search_term_string\"}}],\"inLanguage\":\"de\"}]}<\/script>\n<!-- \/ Yoast SEO plugin. -->","yoast_head_json":{"title":"Wartung und Verm\u00f6gensverwaltung - van den Herik Sliedrecht","description":"Asset Management im Infrastrukturbereich ist die intelligente Verwaltung aller Verm\u00f6genswerte, die f\u00fcr die (nasse) Infrastruktur von Wert sind.","robots":{"index":"index","follow":"follow","max-snippet":"max-snippet:-1","max-image-preview":"max-image-preview:large","max-video-preview":"max-video-preview:-1"},"canonical":"https:\/\/herik.nl\/de\/maerkte\/wartung-und-vermoegensverwaltung\/","og_locale":"de_DE","og_type":"article","og_title":"Wartung und Verm\u00f6gensverwaltung - van den Herik Sliedrecht","og_description":"Asset Management im Infrastrukturbereich ist die intelligente Verwaltung aller Verm\u00f6genswerte, die f\u00fcr die (nasse) Infrastruktur von Wert sind.","og_url":"https:\/\/herik.nl\/de\/maerkte\/wartung-und-vermoegensverwaltung\/","og_site_name":"van den Herik Sliedrecht","article_modified_time":"2026-05-04T17:43:09+00:00","twitter_card":"summary_large_image","schema":{"@context":"https:\/\/schema.org","@graph":[{"@type":"WebPage","@id":"https:\/\/herik.nl\/de\/maerkte\/wartung-und-vermoegensverwaltung\/","url":"https:\/\/herik.nl\/de\/maerkte\/wartung-und-vermoegensverwaltung\/","name":"Wartung und Verm\u00f6gensverwaltung - van den Herik Sliedrecht","isPartOf":{"@id":"https:\/\/herik.nl\/de\/#website"},"datePublished":"2024-07-05T09:08:17+00:00","dateModified":"2026-05-04T17:43:09+00:00","description":"Asset Management im Infrastrukturbereich ist die intelligente Verwaltung aller Verm\u00f6genswerte, die f\u00fcr die (nasse) Infrastruktur von Wert sind.","breadcrumb":{"@id":"https:\/\/herik.nl\/de\/maerkte\/wartung-und-vermoegensverwaltung\/#breadcrumb"},"inLanguage":"de","potentialAction":[{"@type":"ReadAction","target":["https:\/\/herik.nl\/de\/maerkte\/wartung-und-vermoegensverwaltung\/"]}]},{"@type":"BreadcrumbList","@id":"https:\/\/herik.nl\/de\/maerkte\/wartung-und-vermoegensverwaltung\/#breadcrumb","itemListElement":[{"@type":"ListItem","position":1,"name":"Home","item":"https:\/\/herik.nl\/de\/voorbeeld-pagina\/"},{"@type":"ListItem","position":2,"name":"M\u00e4rkte","item":"https:\/\/herik.nl\/de\/maerkte\/"},{"@type":"ListItem","position":3,"name":"Wartung und Verm\u00f6gensverwaltung"}]},{"@type":"WebSite","@id":"https:\/\/herik.nl\/de\/#website","url":"https:\/\/herik.nl\/de\/","name":"van den Herik Sliedrecht","description":"","potentialAction":[{"@type":"SearchAction","target":{"@type":"EntryPoint","urlTemplate":"https:\/\/herik.nl\/de\/?s={search_term_string}"},"query-input":{"@type":"PropertyValueSpecification","valueRequired":true,"valueName":"search_term_string"}}],"inLanguage":"de"}]}},"_links":{"self":[{"href":"https:\/\/herik.nl\/de\/wp-json\/wp\/v2\/pages\/9276","targetHints":{"allow":["GET"]}}],"collection":[{"href":"https:\/\/herik.nl\/de\/wp-json\/wp\/v2\/pages"}],"about":[{"href":"https:\/\/herik.nl\/de\/wp-json\/wp\/v2\/types\/page"}],"author":[{"embeddable":true,"href":"https:\/\/herik.nl\/de\/wp-json\/wp\/v2\/users\/1"}],"replies":[{"embeddable":true,"href":"https:\/\/herik.nl\/de\/wp-json\/wp\/v2\/comments?post=9276"}],"version-history":[{"count":6,"href":"https:\/\/herik.nl\/de\/wp-json\/wp\/v2\/pages\/9276\/revisions"}],"predecessor-version":[{"id":11191,"href":"https:\/\/herik.nl\/de\/wp-json\/wp\/v2\/pages\/9276\/revisions\/11191"}],"up":[{"embeddable":true,"href":"https:\/\/herik.nl\/de\/wp-json\/wp\/v2\/pages\/9422"}],"wp:attachment":[{"href":"https:\/\/herik.nl\/de\/wp-json\/wp\/v2\/media?parent=9276"}],"curies":[{"name":"wp","href":"https:\/\/api.w.org\/{rel}","templated":true}]}}