{"id":9266,"date":"2024-07-05T09:09:22","date_gmt":"2024-07-05T09:09:22","guid":{"rendered":"https:\/\/herik.nl\/wasserrueckhalt\/"},"modified":"2025-09-16T09:32:00","modified_gmt":"2025-09-16T09:32:00","slug":"wasserrueckhalt","status":"publish","type":"page","link":"https:\/\/herik.nl\/de\/maerkte\/wasserrueckhalt\/","title":{"rendered":"Wasserr\u00fcckhalt"},"content":{"rendered":"\n<section class=\"section-afbeelding-met-golfscheiding\">\n    \t\t<div data-elementor-type=\"section\" data-elementor-id=\"9435\" class=\"elementor elementor-9435 elementor-1442\" data-elementor-post-type=\"elementor_library\">\n\t\t\t<div class=\"elementor-element elementor-element-2c557bc e-con-full e-flex aw-Hintergrundnormal e-con e-parent\" data-id=\"2c557bc\" data-element_type=\"container\" data-e-type=\"container\" id=\"aw-hero-img\" data-settings=\"{&quot;background_background&quot;:&quot;classic&quot;}\">\n\t\t\t\t<div class=\"elementor-element elementor-element-7dc8102 elementor-widget elementor-widget-image\" data-id=\"7dc8102\" data-element_type=\"widget\" data-e-type=\"widget\" data-widget_type=\"image.default\">\n\t\t\t\t<div class=\"elementor-widget-container\">\n\t\t\t\t\t\t\t\t\t\t\t\t\t\t\t<img decoding=\"async\" width=\"2560\" height=\"933\" src=\"https:\/\/herik.nl\/wp-content\/uploads\/2024\/12\/Van-den-Herik-de-Gijster.jpg\" class=\"attachment-full size-full wp-image-8534\" alt=\"\" srcset=\"https:\/\/herik.nl\/wp-content\/uploads\/2024\/12\/Van-den-Herik-de-Gijster.jpg 2560w, https:\/\/herik.nl\/wp-content\/uploads\/2024\/12\/Van-den-Herik-de-Gijster-300x109.jpg 300w, https:\/\/herik.nl\/wp-content\/uploads\/2024\/12\/Van-den-Herik-de-Gijster-1024x373.jpg 1024w, https:\/\/herik.nl\/wp-content\/uploads\/2024\/12\/Van-den-Herik-de-Gijster-768x280.jpg 768w, https:\/\/herik.nl\/wp-content\/uploads\/2024\/12\/Van-den-Herik-de-Gijster-1536x560.jpg 1536w, https:\/\/herik.nl\/wp-content\/uploads\/2024\/12\/Van-den-Herik-de-Gijster-2048x746.jpg 2048w, https:\/\/herik.nl\/wp-content\/uploads\/2024\/12\/Van-den-Herik-de-Gijster-574x209.jpg 574w, https:\/\/herik.nl\/wp-content\/uploads\/2024\/12\/Van-den-Herik-de-Gijster-1918x699.jpg 1918w\" sizes=\"(max-width: 2560px) 100vw, 2560px\" \/>\t\t\t\t\t\t\t\t\t\t\t\t\t\t\t<\/div>\n\t\t\t\t<\/div>\n\t\t\t\t<\/div>\n\t\t\t\t<\/div>\n\t\t<\/section>\n<section class=\"section-titel-met-tekst-en-button-volledige-breedte\">\n    \t\t<div data-elementor-type=\"section\" data-elementor-id=\"9544\" class=\"elementor elementor-9544 elementor-297\" data-elementor-post-type=\"elementor_library\">\n\t\t\t<div class=\"elementor-element elementor-element-a15b6c7 e-con-full aw-kleur-wei\u00df  e-flex e-con e-parent\" data-id=\"a15b6c7\" data-element_type=\"container\" data-e-type=\"container\" data-settings=\"{&quot;background_background&quot;:&quot;classic&quot;}\">\n\t\t<div class=\"elementor-element elementor-element-61b1760 aw-subtext-container awBlok1 e-flex e-con-boxed e-con e-child\" data-id=\"61b1760\" data-element_type=\"container\" data-e-type=\"container\">\n\t\t\t\t\t<div class=\"e-con-inner\">\n\t\t\t\t<div class=\"elementor-element elementor-element-d5de06c Titel Links elementor-widget elementor-widget-heading\" data-id=\"d5de06c\" data-element_type=\"widget\" data-e-type=\"widget\" data-widget_type=\"heading.default\">\n\t\t\t\t<div class=\"elementor-widget-container\">\n\t\t\t\t\t<h1 class=\"elementor-heading-title elementor-size-default\">WASSERR\u00dcCKHALT, WASSERR\u00dcCKHALT GEGEN AUSTROCKNUNG<\/h1>\t\t\t\t<\/div>\n\t\t\t\t<\/div>\n\t\t\t\t<div class=\"elementor-element elementor-element-7b12747 contentBlok1 elementor-widget elementor-widget-text-editor\" data-id=\"7b12747\" data-element_type=\"widget\" data-e-type=\"widget\" data-widget_type=\"text-editor.default\">\n\t\t\t\t<div class=\"elementor-widget-container\">\n\t\t\t\t\t\t\t\t\t<p><strong>Unter dem Einfluss des Klimawandels erleben wir immer l\u00e4ngere nasse, aber auch sehr trockene Perioden. Dies erfordert eine \u00c4nderung des Wassermanagements. Wir m\u00fcssen also im Vorfeld dieser Trockenperioden mehr Wasser zur\u00fcckhalten, um Engp\u00e4sse zu vermeiden.  <\/strong><\/p>\n<p><strong>R\u00fcckhaltung<br \/>\n<\/strong>Damit versuchen wir zu verhindern, dass es zu einer Austrocknung mit Folgen f\u00fcr Natur, Landwirtschaft und Menschen kommt. Au\u00dferdem m\u00fcssen wir sicherstellen, dass Hochwasser in nassen Perioden aufgrund von Abflussspitzen kein Problem f\u00fcr unsere Sicherheit darstellt. Kurz gesagt, ein komplexes Gleichgewicht. Mit all unserer wasserbaulichen Erfahrung und Expertise denken wir gerne mit Ihnen \u00fcber m\u00f6gliche L\u00f6sungen nach und setzen diese nat\u00fcrlich auch um.   <\/p>\n<p>Da der Stausee nicht in offener Verbindung mit der Wasserstra\u00dfe steht, wurden die Schiffe \u00fcber Land und Wasser zum Stausee transportiert. Eine au\u00dfergew\u00f6hnliche Operation! Im Becken wurden dann durch Ausbaggern flache Bereiche vertieft und tiefe Brunnen verf\u00fcllt. Durch spezielle Anpassungen unserer Ausr\u00fcstung konnten wir die Wasserqualit\u00e4t des Beckens w\u00e4hrend der Arbeiten nicht beeintr\u00e4chtigen.   <\/p>\n\t\t\t\t\t\t\t\t<\/div>\n\t\t\t\t<\/div>\n\t\t\t\t\t<\/div>\n\t\t\t\t<\/div>\n\t\t\t\t<\/div>\n\t\t\t\t<\/div>\n\t\t<\/section>\n<section class=\"section-titel-met-tekst-en-button-volledige-breedte\">\n    \t\t<div data-elementor-type=\"section\" data-elementor-id=\"9544\" class=\"elementor elementor-9544 elementor-297\" data-elementor-post-type=\"elementor_library\">\n\t\t\t<div class=\"elementor-element elementor-element-a15b6c7 e-con-full aw-kleur-gr\u00fcn Golf onder  e-flex e-con e-parent\" data-id=\"a15b6c7\" data-element_type=\"container\" data-e-type=\"container\" data-settings=\"{&quot;background_background&quot;:&quot;classic&quot;}\">\n\t\t<div class=\"elementor-element elementor-element-61b1760 aw-subtext-container awBlok1 e-flex e-con-boxed e-con e-child\" data-id=\"61b1760\" data-element_type=\"container\" data-e-type=\"container\">\n\t\t\t\t\t<div class=\"e-con-inner\">\n\t\t\t\t<div class=\"elementor-element elementor-element-d5de06c Titel-zentriert elementor-widget elementor-widget-heading\" data-id=\"d5de06c\" data-element_type=\"widget\" data-e-type=\"widget\" data-widget_type=\"heading.default\">\n\t\t\t\t<div class=\"elementor-widget-container\">\n\t\t\t\t\t<h3 class=\"elementor-heading-title elementor-size-default\">Mit den Jahreszeiten gehen<\/h3>\t\t\t\t<\/div>\n\t\t\t\t<\/div>\n\t\t\t\t<div class=\"elementor-element elementor-element-7b12747 contentBlok1 elementor-widget elementor-widget-text-editor\" data-id=\"7b12747\" data-element_type=\"widget\" data-e-type=\"widget\" data-widget_type=\"text-editor.default\">\n\t\t\t\t<div class=\"elementor-widget-container\">\n\t\t\t\t\t\t\t\t\t<p><strong>Unsere Erfahrung und unser Fachwissen umfassen die Vertiefung und (Wieder-)Erschlie\u00dfung von Naturgebieten und \u00dcberschwemmungsgebieten. Dies sorgt f\u00fcr einen besseren Wasserr\u00fcckhalt in Trockenzeiten, aber auch daf\u00fcr, dass bei starken Niederschl\u00e4gen mehr Platz zum Speichern von Wasser vorhanden ist. <\/strong><\/p>\n<p>Die Tongplaat in der N\u00e4he von Dordrecht und die Spuimonding in der Hoeksche Waard sind gro\u00dfartige Beispiele f\u00fcr das Mitdenken und Arbeiten an der Wasserr\u00fcckhaltung. Ein weiteres gutes Beispiel ist die \u00d6kologische Optimierung Cortenoever, die in erster Linie ein Naturentwicklungsprojekt ist, das auch zur Wasserr\u00fcckhaltung beitr\u00e4gt. Diese beiden Entwicklungen gehen oft Hand in Hand.  <\/p>\n<p><strong>Sauberes Trinkwasser<\/strong><br \/>\nNicht nur in und an Fl\u00fcssen und Kan\u00e4len f\u00fchren wir Arbeiten durch. Wir haben auch Arbeiten im De Gijster Stausee durchgef\u00fchrt. Dieser Stausee bildet eine wichtige S\u00fc\u00dfwasserreserve f\u00fcr die Industrie- und Trinkwassergewinnung im S\u00fcdwesten der Niederlande. Diese Frischwasserversorgung erm\u00f6glicht es, Trockenperioden zu \u00fcberbr\u00fccken.   <\/p>\n<p><img decoding=\"async\" class=\"alignnone wp-image-7128 size-full\" src=\"https:\/\/herik.nl\/wp-content\/uploads\/2025\/03\/maxresdefault-e1741093167690.jpg\" alt=\"\" width=\"1280\" height=\"474\" srcset=\"https:\/\/herik.nl\/wp-content\/uploads\/2025\/03\/maxresdefault-e1741093167690.jpg 1280w, https:\/\/herik.nl\/wp-content\/uploads\/2025\/03\/maxresdefault-e1741093167690-300x111.jpg 300w, https:\/\/herik.nl\/wp-content\/uploads\/2025\/03\/maxresdefault-e1741093167690-1024x379.jpg 1024w, https:\/\/herik.nl\/wp-content\/uploads\/2025\/03\/maxresdefault-e1741093167690-768x284.jpg 768w, https:\/\/herik.nl\/wp-content\/uploads\/2025\/03\/maxresdefault-e1741093167690-574x213.jpg 574w\" sizes=\"(max-width: 1280px) 100vw, 1280px\" \/><\/p>\n<p><em>Die Van den Herik-Schiffe wurden auf dem Landweg zum Stausee transportiert.<\/em><\/p>\n<p><strong>Eine au\u00dfergew\u00f6hnliche Operation!<\/strong><br \/>\nDa der Stausee nicht in offener Verbindung mit der Wasserstra\u00dfe steht, wurden die Schiffe auf dem Land- und Wasserweg zum Stausee transportiert. Eine au\u00dfergew\u00f6hnliche Operation! Im Becken wurden dann durch Ausbaggern flache Bereiche vertieft und tiefe Brunnen verf\u00fcllt. Durch spezielle Anpassungen unserer Ausr\u00fcstung konnten wir die Wasserqualit\u00e4t des Beckens w\u00e4hrend der Arbeiten nicht beeintr\u00e4chtigen.   <\/p>\n\t\t\t\t\t\t\t\t<\/div>\n\t\t\t\t<\/div>\n\t\t\t\t\t<\/div>\n\t\t\t\t<\/div>\n\t\t\t\t<\/div>\n\t\t\t\t<\/div>\n\t\t<\/section>\n<section class=\"section-titel-met-video-simpel\">\n    \t\t<div data-elementor-type=\"section\" data-elementor-id=\"9517\" class=\"elementor elementor-9517 elementor-3940\" data-elementor-post-type=\"elementor_library\">\n\t\t\t<div class=\"elementor-element elementor-element-a104b63 e-flex e-con-boxed e-con e-parent\" data-id=\"a104b63\" data-element_type=\"container\" data-e-type=\"container\">\n\t\t\t\t\t<div class=\"e-con-inner\">\n\t\t\t\t<div class=\"elementor-element elementor-element-080a9ef Titel-zentriert elementor-widget elementor-widget-heading\" data-id=\"080a9ef\" data-element_type=\"widget\" data-e-type=\"widget\" data-widget_type=\"heading.default\">\n\t\t\t\t<div class=\"elementor-widget-container\">\n\t\t\t\t\t<h3 class=\"elementor-heading-title elementor-size-default\">Schiffe auf dem Landweg<\/h3>\t\t\t\t<\/div>\n\t\t\t\t<\/div>\n\t\t\t\t<div class=\"elementor-element elementor-element-22bac03 elementor-widget elementor-widget-video\" data-id=\"22bac03\" data-element_type=\"widget\" data-e-type=\"widget\" data-settings=\"{&quot;youtube_url&quot;:&quot;https:\\\/\\\/youtu.be\\\/OL6mJrdncx4?si=58wUgQpqh2OAGhp9&quot;,&quot;video_type&quot;:&quot;youtube&quot;,&quot;controls&quot;:&quot;yes&quot;}\" data-widget_type=\"video.default\">\n\t\t\t\t<div class=\"elementor-widget-container\">\n\t\t\t\t\t\t\t<div class=\"elementor-wrapper elementor-open-inline\">\n\t\t\t<div class=\"elementor-video\"><\/div>\t\t<\/div>\n\t\t\t\t\t\t<\/div>\n\t\t\t\t<\/div>\n\t\t\t\t<div class=\"elementor-element elementor-element-7f6245c elementor-align-center elementor-mobile-align-center aw-knop elementor-widget elementor-widget-button\" data-id=\"7f6245c\" data-element_type=\"widget\" data-e-type=\"widget\" data-widget_type=\"button.default\">\n\t\t\t\t<div class=\"elementor-widget-container\">\n\t\t\t\t\t\t\t\t\t<div class=\"elementor-button-wrapper\">\n\t\t\t\t\t<a class=\"elementor-button elementor-button-link elementor-size-sm\" href=\"https:\/\/herik.nl\/projecten\/ecologische-optimalisatie-cortenoever\/\">\n\t\t\t\t\t\t<span class=\"elementor-button-content-wrapper\">\n\t\t\t\t\t\t\t\t\t<span class=\"elementor-button-text\">M\u00f6chten Sie mehr \u00fcber Wasserr\u00fcckhaltung erfahren? Klicken Sie hier. <\/span>\n\t\t\t\t\t<\/span>\n\t\t\t\t\t<\/a>\n\t\t\t\t<\/div>\n\t\t\t\t\t\t\t\t<\/div>\n\t\t\t\t<\/div>\n\t\t\t\t\t<\/div>\n\t\t\t\t<\/div>\n\t\t\t\t<\/div>\n\t\t<\/section>","protected":false},"excerpt":{"rendered":"","protected":false},"author":1,"featured_media":0,"parent":9422,"menu_order":99,"comment_status":"closed","ping_status":"closed","template":"","meta":{"_acf_changed":false,"footnotes":""},"class_list":["post-9266","page","type-page","status-publish","hentry"],"acf":[],"yoast_head":"<!-- This site is optimized with the Yoast SEO plugin v27.3 - https:\/\/yoast.com\/product\/yoast-seo-wordpress\/ -->\n<title>Wasserr\u00fcckhalt - van den Herik Sliedrecht<\/title>\n<meta name=\"robots\" content=\"index, follow, max-snippet:-1, max-image-preview:large, max-video-preview:-1\" \/>\n<link rel=\"canonical\" href=\"https:\/\/herik.nl\/de\/maerkte\/wasserrueckhalt\/\" \/>\n<meta property=\"og:locale\" content=\"de_DE\" \/>\n<meta property=\"og:type\" content=\"article\" \/>\n<meta property=\"og:title\" content=\"Wasserr\u00fcckhalt - van den Herik Sliedrecht\" \/>\n<meta property=\"og:url\" content=\"https:\/\/herik.nl\/de\/maerkte\/wasserrueckhalt\/\" \/>\n<meta property=\"og:site_name\" content=\"van den Herik Sliedrecht\" \/>\n<meta property=\"article:modified_time\" content=\"2025-09-16T09:32:00+00:00\" \/>\n<meta name=\"twitter:card\" content=\"summary_large_image\" \/>\n<script type=\"application\/ld+json\" class=\"yoast-schema-graph\">{\"@context\":\"https:\\\/\\\/schema.org\",\"@graph\":[{\"@type\":\"WebPage\",\"@id\":\"https:\\\/\\\/herik.nl\\\/de\\\/maerkte\\\/wasserrueckhalt\\\/\",\"url\":\"https:\\\/\\\/herik.nl\\\/de\\\/maerkte\\\/wasserrueckhalt\\\/\",\"name\":\"Wasserr\u00fcckhalt - van den Herik Sliedrecht\",\"isPartOf\":{\"@id\":\"https:\\\/\\\/herik.nl\\\/de\\\/#website\"},\"datePublished\":\"2024-07-05T09:09:22+00:00\",\"dateModified\":\"2025-09-16T09:32:00+00:00\",\"breadcrumb\":{\"@id\":\"https:\\\/\\\/herik.nl\\\/de\\\/maerkte\\\/wasserrueckhalt\\\/#breadcrumb\"},\"inLanguage\":\"de\",\"potentialAction\":[{\"@type\":\"ReadAction\",\"target\":[\"https:\\\/\\\/herik.nl\\\/de\\\/maerkte\\\/wasserrueckhalt\\\/\"]}]},{\"@type\":\"BreadcrumbList\",\"@id\":\"https:\\\/\\\/herik.nl\\\/de\\\/maerkte\\\/wasserrueckhalt\\\/#breadcrumb\",\"itemListElement\":[{\"@type\":\"ListItem\",\"position\":1,\"name\":\"Home\",\"item\":\"https:\\\/\\\/herik.nl\\\/de\\\/\"},{\"@type\":\"ListItem\",\"position\":2,\"name\":\"M\u00e4rkte\",\"item\":\"https:\\\/\\\/herik.nl\\\/de\\\/maerkte\\\/\"},{\"@type\":\"ListItem\",\"position\":3,\"name\":\"Wasserr\u00fcckhalt\"}]},{\"@type\":\"WebSite\",\"@id\":\"https:\\\/\\\/herik.nl\\\/de\\\/#website\",\"url\":\"https:\\\/\\\/herik.nl\\\/de\\\/\",\"name\":\"van den Herik Sliedrecht\",\"description\":\"\",\"potentialAction\":[{\"@type\":\"SearchAction\",\"target\":{\"@type\":\"EntryPoint\",\"urlTemplate\":\"https:\\\/\\\/herik.nl\\\/de\\\/?s={search_term_string}\"},\"query-input\":{\"@type\":\"PropertyValueSpecification\",\"valueRequired\":true,\"valueName\":\"search_term_string\"}}],\"inLanguage\":\"de\"}]}<\/script>\n<!-- \/ Yoast SEO plugin. -->","yoast_head_json":{"title":"Wasserr\u00fcckhalt - van den Herik Sliedrecht","robots":{"index":"index","follow":"follow","max-snippet":"max-snippet:-1","max-image-preview":"max-image-preview:large","max-video-preview":"max-video-preview:-1"},"canonical":"https:\/\/herik.nl\/de\/maerkte\/wasserrueckhalt\/","og_locale":"de_DE","og_type":"article","og_title":"Wasserr\u00fcckhalt - van den Herik Sliedrecht","og_url":"https:\/\/herik.nl\/de\/maerkte\/wasserrueckhalt\/","og_site_name":"van den Herik Sliedrecht","article_modified_time":"2025-09-16T09:32:00+00:00","twitter_card":"summary_large_image","schema":{"@context":"https:\/\/schema.org","@graph":[{"@type":"WebPage","@id":"https:\/\/herik.nl\/de\/maerkte\/wasserrueckhalt\/","url":"https:\/\/herik.nl\/de\/maerkte\/wasserrueckhalt\/","name":"Wasserr\u00fcckhalt - van den Herik Sliedrecht","isPartOf":{"@id":"https:\/\/herik.nl\/de\/#website"},"datePublished":"2024-07-05T09:09:22+00:00","dateModified":"2025-09-16T09:32:00+00:00","breadcrumb":{"@id":"https:\/\/herik.nl\/de\/maerkte\/wasserrueckhalt\/#breadcrumb"},"inLanguage":"de","potentialAction":[{"@type":"ReadAction","target":["https:\/\/herik.nl\/de\/maerkte\/wasserrueckhalt\/"]}]},{"@type":"BreadcrumbList","@id":"https:\/\/herik.nl\/de\/maerkte\/wasserrueckhalt\/#breadcrumb","itemListElement":[{"@type":"ListItem","position":1,"name":"Home","item":"https:\/\/herik.nl\/de\/"},{"@type":"ListItem","position":2,"name":"M\u00e4rkte","item":"https:\/\/herik.nl\/de\/maerkte\/"},{"@type":"ListItem","position":3,"name":"Wasserr\u00fcckhalt"}]},{"@type":"WebSite","@id":"https:\/\/herik.nl\/de\/#website","url":"https:\/\/herik.nl\/de\/","name":"van den Herik Sliedrecht","description":"","potentialAction":[{"@type":"SearchAction","target":{"@type":"EntryPoint","urlTemplate":"https:\/\/herik.nl\/de\/?s={search_term_string}"},"query-input":{"@type":"PropertyValueSpecification","valueRequired":true,"valueName":"search_term_string"}}],"inLanguage":"de"}]}},"_links":{"self":[{"href":"https:\/\/herik.nl\/de\/wp-json\/wp\/v2\/pages\/9266","targetHints":{"allow":["GET"]}}],"collection":[{"href":"https:\/\/herik.nl\/de\/wp-json\/wp\/v2\/pages"}],"about":[{"href":"https:\/\/herik.nl\/de\/wp-json\/wp\/v2\/types\/page"}],"author":[{"embeddable":true,"href":"https:\/\/herik.nl\/de\/wp-json\/wp\/v2\/users\/1"}],"replies":[{"embeddable":true,"href":"https:\/\/herik.nl\/de\/wp-json\/wp\/v2\/comments?post=9266"}],"version-history":[{"count":3,"href":"https:\/\/herik.nl\/de\/wp-json\/wp\/v2\/pages\/9266\/revisions"}],"predecessor-version":[{"id":9272,"href":"https:\/\/herik.nl\/de\/wp-json\/wp\/v2\/pages\/9266\/revisions\/9272"}],"up":[{"embeddable":true,"href":"https:\/\/herik.nl\/de\/wp-json\/wp\/v2\/pages\/9422"}],"wp:attachment":[{"href":"https:\/\/herik.nl\/de\/wp-json\/wp\/v2\/media?parent=9266"}],"curies":[{"name":"wp","href":"https:\/\/api.w.org\/{rel}","templated":true}]}}