{"id":9257,"date":"2024-07-05T09:17:00","date_gmt":"2024-07-05T09:17:00","guid":{"rendered":"https:\/\/herik.nl\/hochwasserschutz\/"},"modified":"2025-09-16T09:32:00","modified_gmt":"2025-09-16T09:32:00","slug":"hochwasserschutz","status":"publish","type":"page","link":"https:\/\/herik.nl\/de\/maerkte\/hochwasserschutz\/","title":{"rendered":"Hochwasserschutz"},"content":{"rendered":"\n<section class=\"section-afbeelding-met-golfscheiding\">\n    \t\t<div data-elementor-type=\"section\" data-elementor-id=\"9435\" class=\"elementor elementor-9435 elementor-1442\" data-elementor-post-type=\"elementor_library\">\n\t\t\t<div class=\"elementor-element elementor-element-2c557bc e-con-full e-flex aw-Hintergrundnormal e-con e-parent\" data-id=\"2c557bc\" data-element_type=\"container\" data-e-type=\"container\" id=\"aw-hero-img\" data-settings=\"{&quot;background_background&quot;:&quot;classic&quot;}\">\n\t\t\t\t<div class=\"elementor-element elementor-element-7dc8102 elementor-widget elementor-widget-image\" data-id=\"7dc8102\" data-element_type=\"widget\" data-e-type=\"widget\" data-widget_type=\"image.default\">\n\t\t\t\t<div class=\"elementor-widget-container\">\n\t\t\t\t\t\t\t\t\t\t\t\t\t\t\t<img decoding=\"async\" width=\"2560\" height=\"933\" src=\"https:\/\/herik.nl\/wp-content\/uploads\/2024\/12\/Van-den-Herik-kraan-ponton.jpg\" class=\"attachment-full size-full wp-image-8574\" alt=\"\" srcset=\"https:\/\/herik.nl\/wp-content\/uploads\/2024\/12\/Van-den-Herik-kraan-ponton.jpg 2560w, https:\/\/herik.nl\/wp-content\/uploads\/2024\/12\/Van-den-Herik-kraan-ponton-300x109.jpg 300w, https:\/\/herik.nl\/wp-content\/uploads\/2024\/12\/Van-den-Herik-kraan-ponton-1024x373.jpg 1024w, https:\/\/herik.nl\/wp-content\/uploads\/2024\/12\/Van-den-Herik-kraan-ponton-768x280.jpg 768w, https:\/\/herik.nl\/wp-content\/uploads\/2024\/12\/Van-den-Herik-kraan-ponton-1536x560.jpg 1536w, https:\/\/herik.nl\/wp-content\/uploads\/2024\/12\/Van-den-Herik-kraan-ponton-2048x746.jpg 2048w, https:\/\/herik.nl\/wp-content\/uploads\/2024\/12\/Van-den-Herik-kraan-ponton-574x209.jpg 574w, https:\/\/herik.nl\/wp-content\/uploads\/2024\/12\/Van-den-Herik-kraan-ponton-1918x699.jpg 1918w\" sizes=\"(max-width: 2560px) 100vw, 2560px\" \/>\t\t\t\t\t\t\t\t\t\t\t\t\t\t\t<\/div>\n\t\t\t\t<\/div>\n\t\t\t\t<\/div>\n\t\t\t\t<\/div>\n\t\t<\/section>\n<section class=\"section-titel-met-tekst-en-button-volledige-breedte\">\n    \t\t<div data-elementor-type=\"section\" data-elementor-id=\"9544\" class=\"elementor elementor-9544 elementor-297\" data-elementor-post-type=\"elementor_library\">\n\t\t\t<div class=\"elementor-element elementor-element-a15b6c7 e-con-full aw-kleur-wei\u00df  e-flex e-con e-parent\" data-id=\"a15b6c7\" data-element_type=\"container\" data-e-type=\"container\" data-settings=\"{&quot;background_background&quot;:&quot;classic&quot;}\">\n\t\t<div class=\"elementor-element elementor-element-61b1760 aw-subtext-container awBlok1 e-flex e-con-boxed e-con e-child\" data-id=\"61b1760\" data-element_type=\"container\" data-e-type=\"container\">\n\t\t\t\t\t<div class=\"e-con-inner\">\n\t\t\t\t<div class=\"elementor-element elementor-element-d5de06c Titel Links elementor-widget elementor-widget-heading\" data-id=\"d5de06c\" data-element_type=\"widget\" data-e-type=\"widget\" data-widget_type=\"heading.default\">\n\t\t\t\t<div class=\"elementor-widget-container\">\n\t\t\t\t\t<h1 class=\"elementor-heading-title elementor-size-default\">HOCHWASSERSCHUTZ<\/h1>\t\t\t\t<\/div>\n\t\t\t\t<\/div>\n\t\t\t\t<div class=\"elementor-element elementor-element-7b12747 contentBlok1 elementor-widget elementor-widget-text-editor\" data-id=\"7b12747\" data-element_type=\"widget\" data-e-type=\"widget\" data-widget_type=\"text-editor.default\">\n\t\t\t\t<div class=\"elementor-widget-container\">\n\t\t\t\t\t\t\t\t\t<p><strong>Die Auswirkungen des Klimawandels und extremerer Wetterverh\u00e4ltnisse werden immer deutlicher. Um \u00dcberschwemmungen zu verhindern und die Niederlande trocken und sicher zu halten, ist der Schutz vor Hochwasser ein wichtiger Teil unserer Arbeit. <\/strong><\/p>\n<p><strong>Schutz vor \u00dcberschwemmungen<\/strong><br \/>\nGemeinsam stehen wir vor der gewaltigen Aufgabe, 2.000 Kilometer Deiche und 400 Schleusen und Pumpstationen zu verst\u00e4rken. Deshalb wurde das <em>Hochwasserschutzprogramm<\/em> (HWBP) von Rijkswaterstaat in Zusammenarbeit mit 21 Wasserverb\u00e4nden ins Leben gerufen. Mit effektiven L\u00f6sungen unterst\u00fctzen wir das HWBP bei dieser anspruchsvollen Aufgabe.  <\/p>\n<p><a class=\"btn btn--primary\" href=\"https:\/\/www.hwbp.nl\/\" target=\"_blank\" rel=\"noopener\">M\u00f6chten Sie mehr \u00fcber dieses Programm erfahren?<br \/>\n<\/a><\/p>\n\t\t\t\t\t\t\t\t<\/div>\n\t\t\t\t<\/div>\n\t\t\t\t\t<\/div>\n\t\t\t\t<\/div>\n\t\t\t\t<\/div>\n\t\t\t\t<\/div>\n\t\t<\/section>\n<section class=\"section-titel-met-tekst-en-button-volledige-breedte\">\n    \t\t<div data-elementor-type=\"section\" data-elementor-id=\"9544\" class=\"elementor elementor-9544 elementor-297\" data-elementor-post-type=\"elementor_library\">\n\t\t\t<div class=\"elementor-element elementor-element-a15b6c7 e-con-full aw-kleur-hellgr\u00fcn Golf onder  e-flex e-con e-parent\" data-id=\"a15b6c7\" data-element_type=\"container\" data-e-type=\"container\" data-settings=\"{&quot;background_background&quot;:&quot;classic&quot;}\">\n\t\t<div class=\"elementor-element elementor-element-61b1760 aw-subtext-container awBlok1 e-flex e-con-boxed e-con e-child\" data-id=\"61b1760\" data-element_type=\"container\" data-e-type=\"container\">\n\t\t\t\t\t<div class=\"e-con-inner\">\n\t\t\t\t<div class=\"elementor-element elementor-element-d5de06c Titel Links elementor-widget elementor-widget-heading\" data-id=\"d5de06c\" data-element_type=\"widget\" data-e-type=\"widget\" data-widget_type=\"heading.default\">\n\t\t\t\t<div class=\"elementor-widget-container\">\n\t\t\t\t\t<h3 class=\"elementor-heading-title elementor-size-default\">Verpflichten Sie sich zur Nachhaltigkeit<\/h3>\t\t\t\t<\/div>\n\t\t\t\t<\/div>\n\t\t\t\t<div class=\"elementor-element elementor-element-7b12747 contentBlok1 elementor-widget elementor-widget-text-editor\" data-id=\"7b12747\" data-element_type=\"widget\" data-e-type=\"widget\" data-widget_type=\"text-editor.default\">\n\t\t\t\t<div class=\"elementor-widget-container\">\n\t\t\t\t\t\t\t\t\t<p><strong>Verst\u00e4rkung und Verbesserung der Deiche<\/strong><br \/>\nUm die Niederlande zu sch\u00fctzen, bauen wir Deiche. Dazu bewegen wir Erde, installieren (Stein-)Deckwerke und Wasserr\u00fcckhaltevorrichtungen. Wir haben die Ausr\u00fcstung, um sowohl vom Land als auch vom Wasser aus zu arbeiten. Wir setzen uns daf\u00fcr ein, unsere Ausr\u00fcstung nachhaltig zu gestalten und Materialien so weit wie m\u00f6glich wiederzuverwenden, um unsere eigenen Auswirkungen zu minimieren.   <\/p>\n<p><img loading=\"lazy\" decoding=\"async\" data-copyright=\"Fotograaf Naam | Bron: RWS\" class=\"alignnone wp-image-5639 size-full\" src=\"https:\/\/herik.nl\/wp-content\/uploads\/2024\/08\/Dijkversterking-Ameland-01-1.jpg\" alt=\"\" width=\"3000\" height=\"1688\" srcset=\"https:\/\/herik.nl\/wp-content\/uploads\/2024\/08\/Dijkversterking-Ameland-01-1.jpg 3000w, https:\/\/herik.nl\/wp-content\/uploads\/2024\/08\/Dijkversterking-Ameland-01-1-300x169.jpg 300w, https:\/\/herik.nl\/wp-content\/uploads\/2024\/08\/Dijkversterking-Ameland-01-1-1024x576.jpg 1024w, https:\/\/herik.nl\/wp-content\/uploads\/2024\/08\/Dijkversterking-Ameland-01-1-768x432.jpg 768w, https:\/\/herik.nl\/wp-content\/uploads\/2024\/08\/Dijkversterking-Ameland-01-1-1536x864.jpg 1536w, https:\/\/herik.nl\/wp-content\/uploads\/2024\/08\/Dijkversterking-Ameland-01-1-2048x1152.jpg 2048w, https:\/\/herik.nl\/wp-content\/uploads\/2024\/08\/Dijkversterking-Ameland-01-1-574x323.jpg 574w, https:\/\/herik.nl\/wp-content\/uploads\/2024\/08\/Dijkversterking-Ameland-01-1-1918x1079.jpg 1918w\" sizes=\"(max-width: 3000px) 100vw, 3000px\" \/><\/p>\n<p><strong>Deichverst\u00e4rkung Ameland<\/strong><br \/>\nEin gro\u00dfartiges praktisches Beispiel ist die <a href=\"https:\/\/herik.nl\/projecten\/dijkversterking-ameland\/\" target=\"_blank\" rel=\"noopener\">Deichverst\u00e4rkung Ameland<\/a>. Dort haben wir intelligente logistische L\u00f6sungen eingesetzt, um alle ben\u00f6tigten Materialien rechtzeitig auf die Insel zu bringen und den Bau um ein Jahr zu beschleunigen. Wir verwenden innovative L\u00f6sungen, um Deiche optimal in ihre Umgebung zu integrieren.  <\/p>\n<p><strong>Gl\u00e4serne Wassersperre<\/strong><br \/>\nBei einem <a href=\"https:\/\/herik.nl\/projecten\/dijkversterking-dijkring-74-neer\/\" target=\"_blank\" rel=\"noopener\">Deichverst\u00e4rkungsprojekt in Neer in Limburg<\/a> haben wir eine einzigartige gl\u00e4serne Wassersperre realisiert. Dank dieses Glasdeichs blieb den Anwohnern trotz der Deicherh\u00f6hung ein sch\u00f6ner Blick auf die Maas erhalten. <\/p>\n<p><a class=\"btn btn--primary btn--fw\" href=\"https:\/\/herik.nl\/mvo\/\">Lesen Sie mehr \u00fcber unser Verst\u00e4ndnis von Nachhaltigkeit<\/a><\/p>\n\t\t\t\t\t\t\t\t<\/div>\n\t\t\t\t<\/div>\n\t\t\t\t\t<\/div>\n\t\t\t\t<\/div>\n\t\t\t\t<\/div>\n\t\t\t\t<\/div>\n\t\t<\/section>\n<section class=\"section-titel-met-tekst-en-button-volledige-breedte\">\n    \t\t<div data-elementor-type=\"section\" data-elementor-id=\"9544\" class=\"elementor elementor-9544 elementor-297\" data-elementor-post-type=\"elementor_library\">\n\t\t\t<div class=\"elementor-element elementor-element-a15b6c7 e-con-full aw-kleur-wei\u00df  e-flex e-con e-parent\" data-id=\"a15b6c7\" data-element_type=\"container\" data-e-type=\"container\" data-settings=\"{&quot;background_background&quot;:&quot;classic&quot;}\">\n\t\t<div class=\"elementor-element elementor-element-61b1760 aw-subtext-container awBlok1 e-flex e-con-boxed e-con e-child\" data-id=\"61b1760\" data-element_type=\"container\" data-e-type=\"container\">\n\t\t\t\t\t<div class=\"e-con-inner\">\n\t\t\t\t<div class=\"elementor-element elementor-element-d5de06c Titel Links elementor-widget elementor-widget-heading\" data-id=\"d5de06c\" data-element_type=\"widget\" data-e-type=\"widget\" data-widget_type=\"heading.default\">\n\t\t\t\t<div class=\"elementor-widget-container\">\n\t\t\t\t\t<h3 class=\"elementor-heading-title elementor-size-default\">Schutz vor dem steigenden Meeresspiegel<\/h3>\t\t\t\t<\/div>\n\t\t\t\t<\/div>\n\t\t\t\t<div class=\"elementor-element elementor-element-7b12747 contentBlok1 elementor-widget elementor-widget-text-editor\" data-id=\"7b12747\" data-element_type=\"widget\" data-e-type=\"widget\" data-widget_type=\"text-editor.default\">\n\t\t\t\t<div class=\"elementor-widget-container\">\n\t\t\t\t\t\t\t\t\t<p>Wir sch\u00fctzen uns gegen die Bedrohung durch das Meer, indem wir <strong>Deiche<\/strong> oder <strong>Wellenbrecher bauen.<\/strong> Wir tun dies nicht nur in den Niederlanden, sondern auch im \u00fcbrigen Europa und dar\u00fcber hinaus. Wir sind zum Beispiel in Polen, Deutschland, Frankreich und England aktiv. <\/p>\n<p><img loading=\"lazy\" decoding=\"async\" class=\"alignnone wp-image-5954 size-full\" src=\"https:\/\/herik.nl\/wp-content\/uploads\/2024\/12\/Van-den-Herik-Charlock.jpg\" alt=\"\" width=\"2560\" height=\"933\" srcset=\"https:\/\/herik.nl\/wp-content\/uploads\/2024\/12\/Van-den-Herik-Charlock.jpg 2560w, https:\/\/herik.nl\/wp-content\/uploads\/2024\/12\/Van-den-Herik-Charlock-300x109.jpg 300w, https:\/\/herik.nl\/wp-content\/uploads\/2024\/12\/Van-den-Herik-Charlock-1024x373.jpg 1024w, https:\/\/herik.nl\/wp-content\/uploads\/2024\/12\/Van-den-Herik-Charlock-768x280.jpg 768w, https:\/\/herik.nl\/wp-content\/uploads\/2024\/12\/Van-den-Herik-Charlock-1536x560.jpg 1536w, https:\/\/herik.nl\/wp-content\/uploads\/2024\/12\/Van-den-Herik-Charlock-2048x746.jpg 2048w, https:\/\/herik.nl\/wp-content\/uploads\/2024\/12\/Van-den-Herik-Charlock-574x209.jpg 574w, https:\/\/herik.nl\/wp-content\/uploads\/2024\/12\/Van-den-Herik-Charlock-1918x699.jpg 1918w\" sizes=\"(max-width: 2560px) 100vw, 2560px\" \/><\/p>\n<p>Mit unserer<strong> seeg\u00e4ngigen Ausr\u00fcstung<\/strong> nehmen wir eine einzigartige Position auf dem Markt ein. Wie unser Unternehmen sind auch unsere Schiffe gro\u00df genug, um Wirkung zu erzielen, und klein genug, um wendig zu sein. Durch ihre Gr\u00f6\u00dfe sind unsere Schiffe ideal f\u00fcr die Arbeit in K\u00fcstenn\u00e4he und im Binnenland.  <\/p>\n\t\t\t\t\t\t\t\t<\/div>\n\t\t\t\t<\/div>\n\t\t\t\t\t<\/div>\n\t\t\t\t<\/div>\n\t\t\t\t<\/div>\n\t\t\t\t<\/div>\n\t\t<\/section>\n<section class=\"section-afbeelding-centraal-met-tekst\">\n    \t\t<div data-elementor-type=\"section\" data-elementor-id=\"9458\" class=\"elementor elementor-9458 elementor-638\" data-elementor-post-type=\"elementor_library\">\n\t\t\t<div class=\"elementor-element elementor-element-9da3d48 e-flex e-con-boxed aw-Farbe-gr\u00fcn e-con e-parent\" data-id=\"9da3d48\" data-element_type=\"container\" data-e-type=\"container\" id=\"aw-afbeelding-met-tekst\" data-settings=\"{&quot;background_background&quot;:&quot;classic&quot;}\">\n\t\t\t\t\t<div class=\"e-con-inner\">\n\t\t<div class=\"elementor-element elementor-element-b4729a8 e-con-full e-flex e-con e-child\" data-id=\"b4729a8\" data-element_type=\"container\" data-e-type=\"container\" data-settings=\"{&quot;background_background&quot;:&quot;classic&quot;}\">\n\t\t<div class=\"elementor-element elementor-element-c2064c3 e-con-full awTekstvlakBlok6 e-flex e-con e-child\" data-id=\"c2064c3\" data-element_type=\"container\" data-e-type=\"container\" id=\"aw-afbeelding-banner\" data-settings=\"{&quot;background_background&quot;:&quot;classic&quot;}\">\n\t\t\t\t<div class=\"elementor-element elementor-element-1cdc4eb elementor-widget elementor-widget-heading\" data-id=\"1cdc4eb\" data-element_type=\"widget\" data-e-type=\"widget\" data-widget_type=\"heading.default\">\n\t\t\t\t<div class=\"elementor-widget-container\">\n\t\t\t\t\t<h3 class=\"elementor-heading-title elementor-size-default\">Steuerung von Rohrleitungen<\/h3>\t\t\t\t<\/div>\n\t\t\t\t<\/div>\n\t\t\t\t<div class=\"elementor-element elementor-element-24a8bac elementor-widget elementor-widget-text-editor\" data-id=\"24a8bac\" data-element_type=\"widget\" data-e-type=\"widget\" data-widget_type=\"text-editor.default\">\n\t\t\t\t<div class=\"elementor-widget-container\">\n\t\t\t\t\t\t\t\t\t<p>Kontrolle der Verrohrung: Eine selbst entwickelte, innovative Methode zur Bek\u00e4mpfung der Verrohrung von Deichen ist das Anbringen von Geotextilien vertikal im (Deichfu\u00df). Diese Methode verursacht kaum Unannehmlichkeiten f\u00fcr die Umgebung und ist pr\u00e4zise und schnell. <\/p>\n\t\t\t\t\t\t\t\t<\/div>\n\t\t\t\t<\/div>\n\t\t\t\t<div class=\"elementor-element elementor-element-790a76e elementor-align-left aw-text-button elementor-widget elementor-widget-button\" data-id=\"790a76e\" data-element_type=\"widget\" data-e-type=\"widget\" data-widget_type=\"button.default\">\n\t\t\t\t<div class=\"elementor-widget-container\">\n\t\t\t\t\t\t\t\t\t<div class=\"elementor-button-wrapper\">\n\t\t\t\t\t<a class=\"elementor-button elementor-size-sm\" role=\"button\">\n\t\t\t\t\t\t<span class=\"elementor-button-content-wrapper\">\n\t\t\t\t\t\t<span class=\"elementor-button-icon\">\n\t\t\t\t<svg xmlns=\"http:\/\/www.w3.org\/2000\/svg\" viewBox=\"0 0 32 32\"><title>92-Arrow Right<\/title><g id=\"_92-Arrow_Right\" data-name=\"92-Arrow Right\"><path d=\"M16,32A16,16,0,1,1,32,16,16,16,0,0,1,16,32ZM16,2A14,14,0,1,0,30,16,14,14,0,0,0,16,2Z\"><\/path><path d=\"M13.71,24.71l-1.41-1.41L19.59,16,12.29,8.71l1.41-1.41,8,8a1,1,0,0,1,0,1.41Z\"><\/path><\/g><\/svg>\t\t\t<\/span>\n\t\t\t\t\t\t\t\t\t<span class=\"elementor-button-text\">M\u00f6chten Sie mehr \u00fcber diesen innovativen Ansatz erfahren? Klicken Sie hier... <\/span>\n\t\t\t\t\t<\/span>\n\t\t\t\t\t<\/a>\n\t\t\t\t<\/div>\n\t\t\t\t\t\t\t\t<\/div>\n\t\t\t\t<\/div>\n\t\t<div class=\"elementor-element elementor-element-b9363d4 e-con-full blok6Img e-flex e-con e-child\" data-id=\"b9363d4\" data-element_type=\"container\" data-e-type=\"container\" data-settings=\"{&quot;position&quot;:&quot;absolute&quot;}\">\n\t\t\t\t<\/div>\n\t\t\t\t<\/div>\n\t\t\t\t<\/div>\n\t\t\t\t\t<\/div>\n\t\t\t\t<\/div>\n\t\t\t\t<\/div>\n\t\t<\/section>","protected":false},"excerpt":{"rendered":"","protected":false},"author":1,"featured_media":0,"parent":9422,"menu_order":71,"comment_status":"closed","ping_status":"closed","template":"","meta":{"_acf_changed":false,"footnotes":""},"class_list":["post-9257","page","type-page","status-publish","hentry"],"acf":[],"yoast_head":"<!-- This site is optimized with the Yoast SEO plugin v27.3 - https:\/\/yoast.com\/product\/yoast-seo-wordpress\/ -->\n<title>Hochwasserschutz - van den Herik Sliedrecht<\/title>\n<meta name=\"robots\" content=\"index, follow, max-snippet:-1, max-image-preview:large, max-video-preview:-1\" \/>\n<link rel=\"canonical\" href=\"https:\/\/herik.nl\/de\/maerkte\/hochwasserschutz\/\" \/>\n<meta property=\"og:locale\" content=\"de_DE\" \/>\n<meta property=\"og:type\" content=\"article\" \/>\n<meta property=\"og:title\" content=\"Hochwasserschutz - van den Herik Sliedrecht\" \/>\n<meta property=\"og:url\" content=\"https:\/\/herik.nl\/de\/maerkte\/hochwasserschutz\/\" \/>\n<meta property=\"og:site_name\" content=\"van den Herik Sliedrecht\" \/>\n<meta property=\"article:modified_time\" content=\"2025-09-16T09:32:00+00:00\" \/>\n<meta name=\"twitter:card\" content=\"summary_large_image\" \/>\n<script type=\"application\/ld+json\" class=\"yoast-schema-graph\">{\"@context\":\"https:\\\/\\\/schema.org\",\"@graph\":[{\"@type\":\"WebPage\",\"@id\":\"https:\\\/\\\/herik.nl\\\/de\\\/maerkte\\\/hochwasserschutz\\\/\",\"url\":\"https:\\\/\\\/herik.nl\\\/de\\\/maerkte\\\/hochwasserschutz\\\/\",\"name\":\"Hochwasserschutz - van den Herik Sliedrecht\",\"isPartOf\":{\"@id\":\"https:\\\/\\\/herik.nl\\\/de\\\/#website\"},\"datePublished\":\"2024-07-05T09:17:00+00:00\",\"dateModified\":\"2025-09-16T09:32:00+00:00\",\"breadcrumb\":{\"@id\":\"https:\\\/\\\/herik.nl\\\/de\\\/maerkte\\\/hochwasserschutz\\\/#breadcrumb\"},\"inLanguage\":\"de\",\"potentialAction\":[{\"@type\":\"ReadAction\",\"target\":[\"https:\\\/\\\/herik.nl\\\/de\\\/maerkte\\\/hochwasserschutz\\\/\"]}]},{\"@type\":\"BreadcrumbList\",\"@id\":\"https:\\\/\\\/herik.nl\\\/de\\\/maerkte\\\/hochwasserschutz\\\/#breadcrumb\",\"itemListElement\":[{\"@type\":\"ListItem\",\"position\":1,\"name\":\"Home\",\"item\":\"https:\\\/\\\/herik.nl\\\/de\\\/\"},{\"@type\":\"ListItem\",\"position\":2,\"name\":\"M\u00e4rkte\",\"item\":\"https:\\\/\\\/herik.nl\\\/de\\\/maerkte\\\/\"},{\"@type\":\"ListItem\",\"position\":3,\"name\":\"Hochwasserschutz\"}]},{\"@type\":\"WebSite\",\"@id\":\"https:\\\/\\\/herik.nl\\\/de\\\/#website\",\"url\":\"https:\\\/\\\/herik.nl\\\/de\\\/\",\"name\":\"van den Herik Sliedrecht\",\"description\":\"\",\"potentialAction\":[{\"@type\":\"SearchAction\",\"target\":{\"@type\":\"EntryPoint\",\"urlTemplate\":\"https:\\\/\\\/herik.nl\\\/de\\\/?s={search_term_string}\"},\"query-input\":{\"@type\":\"PropertyValueSpecification\",\"valueRequired\":true,\"valueName\":\"search_term_string\"}}],\"inLanguage\":\"de\"}]}<\/script>\n<!-- \/ Yoast SEO plugin. -->","yoast_head_json":{"title":"Hochwasserschutz - van den Herik Sliedrecht","robots":{"index":"index","follow":"follow","max-snippet":"max-snippet:-1","max-image-preview":"max-image-preview:large","max-video-preview":"max-video-preview:-1"},"canonical":"https:\/\/herik.nl\/de\/maerkte\/hochwasserschutz\/","og_locale":"de_DE","og_type":"article","og_title":"Hochwasserschutz - van den Herik Sliedrecht","og_url":"https:\/\/herik.nl\/de\/maerkte\/hochwasserschutz\/","og_site_name":"van den Herik Sliedrecht","article_modified_time":"2025-09-16T09:32:00+00:00","twitter_card":"summary_large_image","schema":{"@context":"https:\/\/schema.org","@graph":[{"@type":"WebPage","@id":"https:\/\/herik.nl\/de\/maerkte\/hochwasserschutz\/","url":"https:\/\/herik.nl\/de\/maerkte\/hochwasserschutz\/","name":"Hochwasserschutz - van den Herik Sliedrecht","isPartOf":{"@id":"https:\/\/herik.nl\/de\/#website"},"datePublished":"2024-07-05T09:17:00+00:00","dateModified":"2025-09-16T09:32:00+00:00","breadcrumb":{"@id":"https:\/\/herik.nl\/de\/maerkte\/hochwasserschutz\/#breadcrumb"},"inLanguage":"de","potentialAction":[{"@type":"ReadAction","target":["https:\/\/herik.nl\/de\/maerkte\/hochwasserschutz\/"]}]},{"@type":"BreadcrumbList","@id":"https:\/\/herik.nl\/de\/maerkte\/hochwasserschutz\/#breadcrumb","itemListElement":[{"@type":"ListItem","position":1,"name":"Home","item":"https:\/\/herik.nl\/de\/"},{"@type":"ListItem","position":2,"name":"M\u00e4rkte","item":"https:\/\/herik.nl\/de\/maerkte\/"},{"@type":"ListItem","position":3,"name":"Hochwasserschutz"}]},{"@type":"WebSite","@id":"https:\/\/herik.nl\/de\/#website","url":"https:\/\/herik.nl\/de\/","name":"van den Herik Sliedrecht","description":"","potentialAction":[{"@type":"SearchAction","target":{"@type":"EntryPoint","urlTemplate":"https:\/\/herik.nl\/de\/?s={search_term_string}"},"query-input":{"@type":"PropertyValueSpecification","valueRequired":true,"valueName":"search_term_string"}}],"inLanguage":"de"}]}},"_links":{"self":[{"href":"https:\/\/herik.nl\/de\/wp-json\/wp\/v2\/pages\/9257","targetHints":{"allow":["GET"]}}],"collection":[{"href":"https:\/\/herik.nl\/de\/wp-json\/wp\/v2\/pages"}],"about":[{"href":"https:\/\/herik.nl\/de\/wp-json\/wp\/v2\/types\/page"}],"author":[{"embeddable":true,"href":"https:\/\/herik.nl\/de\/wp-json\/wp\/v2\/users\/1"}],"replies":[{"embeddable":true,"href":"https:\/\/herik.nl\/de\/wp-json\/wp\/v2\/comments?post=9257"}],"version-history":[{"count":1,"href":"https:\/\/herik.nl\/de\/wp-json\/wp\/v2\/pages\/9257\/revisions"}],"predecessor-version":[{"id":9258,"href":"https:\/\/herik.nl\/de\/wp-json\/wp\/v2\/pages\/9257\/revisions\/9258"}],"up":[{"embeddable":true,"href":"https:\/\/herik.nl\/de\/wp-json\/wp\/v2\/pages\/9422"}],"wp:attachment":[{"href":"https:\/\/herik.nl\/de\/wp-json\/wp\/v2\/media?parent=9257"}],"curies":[{"name":"wp","href":"https:\/\/api.w.org\/{rel}","templated":true}]}}