{"id":9251,"date":"2024-07-15T09:49:27","date_gmt":"2024-07-15T09:49:27","guid":{"rendered":"https:\/\/herik.nl\/bau-und-verstaerkung-von-deichen\/"},"modified":"2026-02-09T11:14:38","modified_gmt":"2026-02-09T11:14:38","slug":"bau-und-verstaerkung-von-deichen","status":"publish","type":"page","link":"https:\/\/herik.nl\/de\/aktivitaeten\/bau-und-verstaerkung-von-deichen\/","title":{"rendered":"Bau und Verst\u00e4rkung von Deichen"},"content":{"rendered":"\n<section class=\"banner-met-quote-over-actualiteiten\">\n    \t\t<div data-elementor-type=\"section\" data-elementor-id=\"9690\" class=\"elementor elementor-9690 elementor-3683\" data-elementor-post-type=\"elementor_library\">\n\t\t\t<div class=\"elementor-element elementor-element-19e6d50 aw-quotemetBanner e-flex e-con-boxed e-con e-parent\" data-id=\"19e6d50\" data-element_type=\"container\" data-e-type=\"container\" data-settings=\"{&quot;background_background&quot;:&quot;classic&quot;}\">\n\t\t\t\t\t<div class=\"e-con-inner\">\n\t\t\t\t<div class=\"elementor-element elementor-element-ddaa076 elementor-widget__width-initial elementor-widget elementor-widget-heading\" data-id=\"ddaa076\" data-element_type=\"widget\" data-e-type=\"widget\" data-widget_type=\"heading.default\">\n\t\t\t\t<div class=\"elementor-widget-container\">\n\t\t\t\t\t<h1 class=\"elementor-heading-title elementor-size-default\">Wir verf\u00fcgen \u00fcber das Wissen<br>und die F\u00e4higkeiten, jede Art von Deichprojekt<br>zu einem erfolgreichen Abschluss zu bringen.<\/h1>\t\t\t\t<\/div>\n\t\t\t\t<\/div>\n\t\t\t\t\t<\/div>\n\t\t\t\t<\/div>\n\t\t\t\t<\/div>\n\t\t<\/section>\n<section class=\"section-titel-met-tekst-en-button-volledige-breedte\">\n    \t\t<div data-elementor-type=\"section\" data-elementor-id=\"9544\" class=\"elementor elementor-9544 elementor-297\" data-elementor-post-type=\"elementor_library\">\n\t\t\t<div class=\"elementor-element elementor-element-a15b6c7 e-con-full aw-kleur-wei\u00df  e-flex e-con e-parent\" data-id=\"a15b6c7\" data-element_type=\"container\" data-e-type=\"container\" data-settings=\"{&quot;background_background&quot;:&quot;classic&quot;}\">\n\t\t<div class=\"elementor-element elementor-element-61b1760 aw-subtext-container awBlok1 e-flex e-con-boxed e-con e-child\" data-id=\"61b1760\" data-element_type=\"container\" data-e-type=\"container\">\n\t\t\t\t\t<div class=\"e-con-inner\">\n\t\t\t\t<div class=\"elementor-element elementor-element-d5de06c Titel Links elementor-widget elementor-widget-heading\" data-id=\"d5de06c\" data-element_type=\"widget\" data-e-type=\"widget\" data-widget_type=\"heading.default\">\n\t\t\t\t<div class=\"elementor-widget-container\">\n\t\t\t\t\t<h3 class=\"elementor-heading-title elementor-size-default\">BAU UND VERST\u00c4RKUNG VON DEICHEN<\/h3>\t\t\t\t<\/div>\n\t\t\t\t<\/div>\n\t\t\t\t<div class=\"elementor-element elementor-element-7b12747 contentBlok1 elementor-widget elementor-widget-text-editor\" data-id=\"7b12747\" data-element_type=\"widget\" data-e-type=\"widget\" data-widget_type=\"text-editor.default\">\n\t\t\t\t<div class=\"elementor-widget-container\">\n\t\t\t\t\t\t\t\t\t<p><strong>Mit effektiven L\u00f6sungen bei Erdarbeiten, der Installation von (Stein-)Deckwerken und der Realisierung von Hochwasserschutzbauten sorgen wir f\u00fcr die Sicherheit im Hinterland. Wir haben unsere eigene Ausr\u00fcstung, um sowohl vom Land als auch vom Wasser aus zu arbeiten. Beim Einsatz unserer Ausr\u00fcstung achten wir immer darauf, wie wir die Emissionen so weit wie m\u00f6glich reduzieren k\u00f6nnen. Mehr und mehr unserer eigenen Ausr\u00fcstung ist elektrisch oder hybrid.   <\/strong><\/p>\n<p><strong>Gemeinsam an starken Deichen arbeiten<\/strong><br \/>\nDie Niederlande haben eine gro\u00dfe Aufgabe bei der St\u00e4rkung unserer Deiche. Im Rahmen des <em>Hochwasserschutzprogramms<\/em> (HWBP) m\u00fcssen wir in den kommenden Jahrzehnten etwa 2.000 Kilometer Deiche erh\u00f6hen und verst\u00e4rken. Hier kommen mehrere Disziplinen zusammen, wie z.B. Erdarbeiten, Konstruktionen wie Spundw\u00e4nde, Stein und Beton. Wir verf\u00fcgen \u00fcber das Wissen und die F\u00e4higkeiten, um jede Art von Deichprojekt erfolgreich abzuschlie\u00dfen.   <img decoding=\"async\" class=\"alignleft wp-image-6861 size-full\" src=\"https:\/\/herik.nl\/wp-content\/uploads\/2025\/02\/Keerwand-glas-neer-Limburg.jpg\" alt=\"\" width=\"1920\" height=\"700\" srcset=\"https:\/\/herik.nl\/wp-content\/uploads\/2025\/02\/Keerwand-glas-neer-Limburg.jpg 1920w, https:\/\/herik.nl\/wp-content\/uploads\/2025\/02\/Keerwand-glas-neer-Limburg-300x109.jpg 300w, https:\/\/herik.nl\/wp-content\/uploads\/2025\/02\/Keerwand-glas-neer-Limburg-1024x373.jpg 1024w, https:\/\/herik.nl\/wp-content\/uploads\/2025\/02\/Keerwand-glas-neer-Limburg-768x280.jpg 768w, https:\/\/herik.nl\/wp-content\/uploads\/2025\/02\/Keerwand-glas-neer-Limburg-1536x560.jpg 1536w, https:\/\/herik.nl\/wp-content\/uploads\/2025\/02\/Keerwand-glas-neer-Limburg-574x209.jpg 574w, https:\/\/herik.nl\/wp-content\/uploads\/2025\/02\/Keerwand-glas-neer-Limburg-1918x699.jpg 1918w\" sizes=\"(max-width: 1920px) 100vw, 1920px\" \/><\/p>\n<p><strong>Innovative St\u00fctzmauer in Limburg<\/strong><br \/>\nIn der Limburger Stadt Neer haben wir den bestehenden 1,6 km langen Deich erh\u00f6ht und teilweise ersetzt, unter anderem mit einer St\u00fctzmauer, neuen Bollwerken und \u00c4nderungen an den Wehren. Ein Teil dieser St\u00fctzmauer ist aus Glasplatten gefertigt. Eine einzigartige und innovative Anwendung. Dank der gl\u00e4sernen Barriere k\u00f6nnen die Anwohner nun an der Maas leben und gleichzeitig die sch\u00f6ne Aussicht genie\u00dfen und vor dem Wasser gesch\u00fctzt sein.   <\/p>\n<p><a class=\"btn btn--primary btn--fw\" href=\"https:\/\/herik.nl\/projecten\/dijkversterking-dijkring-74-neer\/\">Lesen Sie mehr \u00fcber diese innovative Anwendung<\/a><\/p>\n\t\t\t\t\t\t\t\t<\/div>\n\t\t\t\t<\/div>\n\t\t\t\t\t<\/div>\n\t\t\t\t<\/div>\n\t\t\t\t<\/div>\n\t\t\t\t<\/div>\n\t\t<\/section>\n<section class=\"section-tekst-links-rechts-met-titel-en-knop\">\n    \t\t<div data-elementor-type=\"section\" data-elementor-id=\"9470\" class=\"elementor elementor-9470 elementor-401\" data-elementor-post-type=\"elementor_library\">\n\t\t\t<div class=\"elementor-element elementor-element-9664973 e-flex e-con-boxed aw-kleur-hellgr\u00fcn  e-con e-parent\" data-id=\"9664973\" data-element_type=\"container\" data-e-type=\"container\" data-settings=\"{&quot;background_background&quot;:&quot;classic&quot;}\">\n\t\t\t\t\t<div class=\"e-con-inner\">\n\t\t<div class=\"elementor-element elementor-element-8715406 e-con-full e-flex e-con e-child\" data-id=\"8715406\" data-element_type=\"container\" data-e-type=\"container\">\n\t\t\t\t<\/div>\n\t\t<div class=\"elementor-element elementor-element-c0f0756 e-con-full e-flex e-con e-child\" data-id=\"c0f0756\" data-element_type=\"container\" data-e-type=\"container\">\n\t\t\t\t<div class=\"elementor-element elementor-element-04b29e3 elementor-widget__width-initial elementor-widget-mobile__width-inherit elementor-widget elementor-widget-text-editor\" data-id=\"04b29e3\" data-element_type=\"widget\" data-e-type=\"widget\" data-widget_type=\"text-editor.default\">\n\t\t\t\t<div class=\"elementor-widget-container\">\n\t\t\t\t\t\t\t\t\t<p><strong>Klare Kommunikation<br \/>\n<\/strong>Die Arbeit an und um einen Deich ist aufgrund seiner vielen Funktionen oft komplex. Ein Deich ist nicht nur eine Barriere, sondern oft auch eine Stra\u00dfe, ein Radweg, ein Wohngebiet, ein Erholungsgebiet oder ein Naturgebiet. <\/p>\n\t\t\t\t\t\t\t\t<\/div>\n\t\t\t\t<\/div>\n\t\t\t\t<\/div>\n\t\t<div class=\"elementor-element elementor-element-36e48a0 e-con-full e-flex e-con e-child\" data-id=\"36e48a0\" data-element_type=\"container\" data-e-type=\"container\">\n\t\t\t\t<div class=\"elementor-element elementor-element-46c520d elementor-widget__width-initial elementor-widget elementor-widget-text-editor\" data-id=\"46c520d\" data-element_type=\"widget\" data-e-type=\"widget\" data-widget_type=\"text-editor.default\">\n\t\t\t\t<div class=\"elementor-widget-container\">\n\t\t\t\t\t\t\t\t\t<div style=\"height:35px\"><\/div>\n<p>Wir sind daher fest entschlossen, ein gutes Nachbarschaftsmanagement zu betreiben, um das Projekt durch gute Kommunikation mit der Umgebung auf Kurs zu halten. Denken Sie an die Anwohner, Unternehmen und andere Interessengruppen. <\/p>\n\t\t\t\t\t\t\t\t<\/div>\n\t\t\t\t<\/div>\n\t\t\t\t<\/div>\n\t\t\t\t\t<\/div>\n\t\t\t\t<\/div>\n\t\t\t\t<\/div>\n\t\t<\/section>\n<section class=\"section-afbeelding-centraal-met-tekst\">\n    \t\t<div data-elementor-type=\"section\" data-elementor-id=\"9458\" class=\"elementor elementor-9458 elementor-638\" data-elementor-post-type=\"elementor_library\">\n\t\t\t<div class=\"elementor-element elementor-element-9da3d48 e-flex e-con-boxed aw-Farbe-wei\u00dfer-Hintergrund-gr\u00fcnes-Textfeld e-con e-parent\" data-id=\"9da3d48\" data-element_type=\"container\" data-e-type=\"container\" id=\"aw-afbeelding-met-tekst\" data-settings=\"{&quot;background_background&quot;:&quot;classic&quot;}\">\n\t\t\t\t\t<div class=\"e-con-inner\">\n\t\t<div class=\"elementor-element elementor-element-b4729a8 e-con-full e-flex e-con e-child\" data-id=\"b4729a8\" data-element_type=\"container\" data-e-type=\"container\" data-settings=\"{&quot;background_background&quot;:&quot;classic&quot;}\">\n\t\t<div class=\"elementor-element elementor-element-c2064c3 e-con-full awTekstvlakBlok6 e-flex e-con e-child\" data-id=\"c2064c3\" data-element_type=\"container\" data-e-type=\"container\" id=\"aw-afbeelding-banner\" data-settings=\"{&quot;background_background&quot;:&quot;classic&quot;}\">\n\t\t\t\t<div class=\"elementor-element elementor-element-1cdc4eb elementor-widget elementor-widget-heading\" data-id=\"1cdc4eb\" data-element_type=\"widget\" data-e-type=\"widget\" data-widget_type=\"heading.default\">\n\t\t\t\t<div class=\"elementor-widget-container\">\n\t\t\t\t\t<h3 class=\"elementor-heading-title elementor-size-default\">Innovative Deichverst\u00e4rkung<\/h3>\t\t\t\t<\/div>\n\t\t\t\t<\/div>\n\t\t\t\t<div class=\"elementor-element elementor-element-24a8bac elementor-widget elementor-widget-text-editor\" data-id=\"24a8bac\" data-element_type=\"widget\" data-e-type=\"widget\" data-widget_type=\"text-editor.default\">\n\t\t\t\t<div class=\"elementor-widget-container\">\n\t\t\t\t\t\t\t\t\t<p>Piping Control: eine selbst entwickelte, innovative Methode, um Geotextilien vertikal im (Deichfu\u00df) anzubringen und die Verrohrung zu verhindern. Diese Methode ist nachhaltiger, verursacht wenig Unannehmlichkeiten und ist genau und schnell. M\u00f6chten Sie mehr \u00fcber diese innovative Methode erfahren?  <\/p>\n\t\t\t\t\t\t\t\t<\/div>\n\t\t\t\t<\/div>\n\t\t\t\t<div class=\"elementor-element elementor-element-790a76e elementor-align-left aw-text-button elementor-widget elementor-widget-button\" data-id=\"790a76e\" data-element_type=\"widget\" data-e-type=\"widget\" data-widget_type=\"button.default\">\n\t\t\t\t<div class=\"elementor-widget-container\">\n\t\t\t\t\t\t\t\t\t<div class=\"elementor-button-wrapper\">\n\t\t\t\t\t<a class=\"elementor-button elementor-button-link elementor-size-sm\" href=\"https:\/\/herik.nl\/mvo\/\">\n\t\t\t\t\t\t<span class=\"elementor-button-content-wrapper\">\n\t\t\t\t\t\t<span class=\"elementor-button-icon\">\n\t\t\t\t<svg xmlns=\"http:\/\/www.w3.org\/2000\/svg\" viewBox=\"0 0 32 32\"><title>92-Arrow Right<\/title><g id=\"_92-Arrow_Right\" data-name=\"92-Arrow Right\"><path d=\"M16,32A16,16,0,1,1,32,16,16,16,0,0,1,16,32ZM16,2A14,14,0,1,0,30,16,14,14,0,0,0,16,2Z\"><\/path><path d=\"M13.71,24.71l-1.41-1.41L19.59,16,12.29,8.71l1.41-1.41,8,8a1,1,0,0,1,0,1.41Z\"><\/path><\/g><\/svg>\t\t\t<\/span>\n\t\t\t\t\t\t\t\t\t<span class=\"elementor-button-text\">Lesen Sie mehr \u00fcber diesen einzigartigen Ansatz<\/span>\n\t\t\t\t\t<\/span>\n\t\t\t\t\t<\/a>\n\t\t\t\t<\/div>\n\t\t\t\t\t\t\t\t<\/div>\n\t\t\t\t<\/div>\n\t\t<div class=\"elementor-element elementor-element-b9363d4 e-con-full blok6Img e-flex e-con e-child\" data-id=\"b9363d4\" data-element_type=\"container\" data-e-type=\"container\" data-settings=\"{&quot;position&quot;:&quot;absolute&quot;}\">\n\t\t\t\t<\/div>\n\t\t\t\t<\/div>\n\t\t\t\t<\/div>\n\t\t\t\t\t<\/div>\n\t\t\t\t<\/div>\n\t\t\t\t<\/div>\n\t\t<\/section>","protected":false},"excerpt":{"rendered":"","protected":false},"author":3,"featured_media":0,"parent":9411,"menu_order":86,"comment_status":"closed","ping_status":"closed","template":"","meta":{"_acf_changed":false,"footnotes":""},"class_list":["post-9251","page","type-page","status-publish","hentry"],"acf":[],"yoast_head":"<!-- This site is optimized with the Yoast SEO plugin v27.3 - https:\/\/yoast.com\/product\/yoast-seo-wordpress\/ -->\n<title>Bau und Verst\u00e4rkung von Deichen - van den Herik Sliedrecht<\/title>\n<meta name=\"robots\" content=\"index, follow, max-snippet:-1, max-image-preview:large, max-video-preview:-1\" \/>\n<link rel=\"canonical\" href=\"https:\/\/herik.nl\/de\/aktivitaeten\/bau-und-verstaerkung-von-deichen\/\" \/>\n<meta property=\"og:locale\" content=\"de_DE\" \/>\n<meta property=\"og:type\" content=\"article\" \/>\n<meta property=\"og:title\" content=\"Bau und Verst\u00e4rkung von Deichen - van den Herik Sliedrecht\" \/>\n<meta property=\"og:url\" content=\"https:\/\/herik.nl\/de\/aktivitaeten\/bau-und-verstaerkung-von-deichen\/\" \/>\n<meta property=\"og:site_name\" content=\"van den Herik Sliedrecht\" \/>\n<meta property=\"article:modified_time\" content=\"2026-02-09T11:14:38+00:00\" \/>\n<meta name=\"twitter:card\" content=\"summary_large_image\" \/>\n<script type=\"application\/ld+json\" class=\"yoast-schema-graph\">{\"@context\":\"https:\\\/\\\/schema.org\",\"@graph\":[{\"@type\":\"WebPage\",\"@id\":\"https:\\\/\\\/herik.nl\\\/de\\\/aktivitaeten\\\/bau-und-verstaerkung-von-deichen\\\/\",\"url\":\"https:\\\/\\\/herik.nl\\\/de\\\/aktivitaeten\\\/bau-und-verstaerkung-von-deichen\\\/\",\"name\":\"Bau und Verst\u00e4rkung von Deichen - van den Herik Sliedrecht\",\"isPartOf\":{\"@id\":\"https:\\\/\\\/herik.nl\\\/de\\\/#website\"},\"datePublished\":\"2024-07-15T09:49:27+00:00\",\"dateModified\":\"2026-02-09T11:14:38+00:00\",\"breadcrumb\":{\"@id\":\"https:\\\/\\\/herik.nl\\\/de\\\/aktivitaeten\\\/bau-und-verstaerkung-von-deichen\\\/#breadcrumb\"},\"inLanguage\":\"de\",\"potentialAction\":[{\"@type\":\"ReadAction\",\"target\":[\"https:\\\/\\\/herik.nl\\\/de\\\/aktivitaeten\\\/bau-und-verstaerkung-von-deichen\\\/\"]}]},{\"@type\":\"BreadcrumbList\",\"@id\":\"https:\\\/\\\/herik.nl\\\/de\\\/aktivitaeten\\\/bau-und-verstaerkung-von-deichen\\\/#breadcrumb\",\"itemListElement\":[{\"@type\":\"ListItem\",\"position\":1,\"name\":\"Home\",\"item\":\"https:\\\/\\\/herik.nl\\\/de\\\/\"},{\"@type\":\"ListItem\",\"position\":2,\"name\":\"Aktivit\u00e4ten\",\"item\":\"https:\\\/\\\/herik.nl\\\/de\\\/aktivitaeten\\\/\"},{\"@type\":\"ListItem\",\"position\":3,\"name\":\"Bau und Verst\u00e4rkung von Deichen\"}]},{\"@type\":\"WebSite\",\"@id\":\"https:\\\/\\\/herik.nl\\\/de\\\/#website\",\"url\":\"https:\\\/\\\/herik.nl\\\/de\\\/\",\"name\":\"van den Herik Sliedrecht\",\"description\":\"\",\"potentialAction\":[{\"@type\":\"SearchAction\",\"target\":{\"@type\":\"EntryPoint\",\"urlTemplate\":\"https:\\\/\\\/herik.nl\\\/de\\\/?s={search_term_string}\"},\"query-input\":{\"@type\":\"PropertyValueSpecification\",\"valueRequired\":true,\"valueName\":\"search_term_string\"}}],\"inLanguage\":\"de\"}]}<\/script>\n<!-- \/ Yoast SEO plugin. -->","yoast_head_json":{"title":"Bau und Verst\u00e4rkung von Deichen - van den Herik Sliedrecht","robots":{"index":"index","follow":"follow","max-snippet":"max-snippet:-1","max-image-preview":"max-image-preview:large","max-video-preview":"max-video-preview:-1"},"canonical":"https:\/\/herik.nl\/de\/aktivitaeten\/bau-und-verstaerkung-von-deichen\/","og_locale":"de_DE","og_type":"article","og_title":"Bau und Verst\u00e4rkung von Deichen - van den Herik Sliedrecht","og_url":"https:\/\/herik.nl\/de\/aktivitaeten\/bau-und-verstaerkung-von-deichen\/","og_site_name":"van den Herik Sliedrecht","article_modified_time":"2026-02-09T11:14:38+00:00","twitter_card":"summary_large_image","schema":{"@context":"https:\/\/schema.org","@graph":[{"@type":"WebPage","@id":"https:\/\/herik.nl\/de\/aktivitaeten\/bau-und-verstaerkung-von-deichen\/","url":"https:\/\/herik.nl\/de\/aktivitaeten\/bau-und-verstaerkung-von-deichen\/","name":"Bau und Verst\u00e4rkung von Deichen - van den Herik Sliedrecht","isPartOf":{"@id":"https:\/\/herik.nl\/de\/#website"},"datePublished":"2024-07-15T09:49:27+00:00","dateModified":"2026-02-09T11:14:38+00:00","breadcrumb":{"@id":"https:\/\/herik.nl\/de\/aktivitaeten\/bau-und-verstaerkung-von-deichen\/#breadcrumb"},"inLanguage":"de","potentialAction":[{"@type":"ReadAction","target":["https:\/\/herik.nl\/de\/aktivitaeten\/bau-und-verstaerkung-von-deichen\/"]}]},{"@type":"BreadcrumbList","@id":"https:\/\/herik.nl\/de\/aktivitaeten\/bau-und-verstaerkung-von-deichen\/#breadcrumb","itemListElement":[{"@type":"ListItem","position":1,"name":"Home","item":"https:\/\/herik.nl\/de\/"},{"@type":"ListItem","position":2,"name":"Aktivit\u00e4ten","item":"https:\/\/herik.nl\/de\/aktivitaeten\/"},{"@type":"ListItem","position":3,"name":"Bau und Verst\u00e4rkung von Deichen"}]},{"@type":"WebSite","@id":"https:\/\/herik.nl\/de\/#website","url":"https:\/\/herik.nl\/de\/","name":"van den Herik Sliedrecht","description":"","potentialAction":[{"@type":"SearchAction","target":{"@type":"EntryPoint","urlTemplate":"https:\/\/herik.nl\/de\/?s={search_term_string}"},"query-input":{"@type":"PropertyValueSpecification","valueRequired":true,"valueName":"search_term_string"}}],"inLanguage":"de"}]}},"_links":{"self":[{"href":"https:\/\/herik.nl\/de\/wp-json\/wp\/v2\/pages\/9251","targetHints":{"allow":["GET"]}}],"collection":[{"href":"https:\/\/herik.nl\/de\/wp-json\/wp\/v2\/pages"}],"about":[{"href":"https:\/\/herik.nl\/de\/wp-json\/wp\/v2\/types\/page"}],"author":[{"embeddable":true,"href":"https:\/\/herik.nl\/de\/wp-json\/wp\/v2\/users\/3"}],"replies":[{"embeddable":true,"href":"https:\/\/herik.nl\/de\/wp-json\/wp\/v2\/comments?post=9251"}],"version-history":[{"count":4,"href":"https:\/\/herik.nl\/de\/wp-json\/wp\/v2\/pages\/9251\/revisions"}],"predecessor-version":[{"id":10058,"href":"https:\/\/herik.nl\/de\/wp-json\/wp\/v2\/pages\/9251\/revisions\/10058"}],"up":[{"embeddable":true,"href":"https:\/\/herik.nl\/de\/wp-json\/wp\/v2\/pages\/9411"}],"wp:attachment":[{"href":"https:\/\/herik.nl\/de\/wp-json\/wp\/v2\/media?parent=9251"}],"curies":[{"name":"wp","href":"https:\/\/api.w.org\/{rel}","templated":true}]}}