{"id":9244,"date":"2024-07-15T09:49:57","date_gmt":"2024-07-15T09:49:57","guid":{"rendered":"https:\/\/herik.nl\/wasserbauwerke-und-ingenieurbauwerke\/"},"modified":"2026-01-07T15:45:22","modified_gmt":"2026-01-07T15:45:22","slug":"wasserbauwerke-und-ingenieurbauwerke","status":"publish","type":"page","link":"https:\/\/herik.nl\/de\/aktivitaeten\/wasserbauwerke-und-ingenieurbauwerke\/","title":{"rendered":"Wasserbauwerke und Ingenieurbauwerke"},"content":{"rendered":"\n<section class=\"section-afbeelding-met-golfscheiding\">\n    \t\t<div data-elementor-type=\"section\" data-elementor-id=\"9435\" class=\"elementor elementor-9435 elementor-1442\" data-elementor-post-type=\"elementor_library\">\n\t\t\t<div class=\"elementor-element elementor-element-2c557bc e-con-full e-flex aw-Hintergrundnormal e-con e-parent\" data-id=\"2c557bc\" data-element_type=\"container\" data-e-type=\"container\" id=\"aw-hero-img\" data-settings=\"{&quot;background_background&quot;:&quot;classic&quot;}\">\n\t\t\t\t<div class=\"elementor-element elementor-element-7dc8102 elementor-widget elementor-widget-image\" data-id=\"7dc8102\" data-element_type=\"widget\" data-e-type=\"widget\" data-widget_type=\"image.default\">\n\t\t\t\t<div class=\"elementor-widget-container\">\n\t\t\t\t\t\t\t\t\t\t\t\t\t\t\t<img decoding=\"async\" width=\"2560\" height=\"933\" src=\"https:\/\/herik.nl\/wp-content\/uploads\/2024\/12\/Van-den-Herik-kunstwerken.jpg\" class=\"attachment-full size-full wp-image-8584\" alt=\"\" srcset=\"https:\/\/herik.nl\/wp-content\/uploads\/2024\/12\/Van-den-Herik-kunstwerken.jpg 2560w, https:\/\/herik.nl\/wp-content\/uploads\/2024\/12\/Van-den-Herik-kunstwerken-300x109.jpg 300w, https:\/\/herik.nl\/wp-content\/uploads\/2024\/12\/Van-den-Herik-kunstwerken-1024x373.jpg 1024w, https:\/\/herik.nl\/wp-content\/uploads\/2024\/12\/Van-den-Herik-kunstwerken-768x280.jpg 768w, https:\/\/herik.nl\/wp-content\/uploads\/2024\/12\/Van-den-Herik-kunstwerken-1536x560.jpg 1536w, https:\/\/herik.nl\/wp-content\/uploads\/2024\/12\/Van-den-Herik-kunstwerken-2048x746.jpg 2048w, https:\/\/herik.nl\/wp-content\/uploads\/2024\/12\/Van-den-Herik-kunstwerken-574x209.jpg 574w, https:\/\/herik.nl\/wp-content\/uploads\/2024\/12\/Van-den-Herik-kunstwerken-1918x699.jpg 1918w\" sizes=\"(max-width: 2560px) 100vw, 2560px\" \/>\t\t\t\t\t\t\t\t\t\t\t\t\t\t\t<\/div>\n\t\t\t\t<\/div>\n\t\t\t\t<\/div>\n\t\t\t\t<\/div>\n\t\t<\/section>\n<section class=\"section-titel-met-tekst-en-button-volledige-breedte\">\n    \t\t<div data-elementor-type=\"section\" data-elementor-id=\"9544\" class=\"elementor elementor-9544 elementor-297\" data-elementor-post-type=\"elementor_library\">\n\t\t\t<div class=\"elementor-element elementor-element-a15b6c7 e-con-full aw-kleur-wei\u00df  e-flex e-con e-parent\" data-id=\"a15b6c7\" data-element_type=\"container\" data-e-type=\"container\" id=\"possibleHomepageGolf  Leerraum am unteren Rand ausschalten\" data-settings=\"{&quot;background_background&quot;:&quot;classic&quot;}\">\n\t\t<div class=\"elementor-element elementor-element-61b1760 aw-subtext-container awBlok1 e-flex e-con-boxed e-con e-child\" data-id=\"61b1760\" data-element_type=\"container\" data-e-type=\"container\">\n\t\t\t\t\t<div class=\"e-con-inner\">\n\t\t\t\t<div class=\"elementor-element elementor-element-d5de06c Titel Links elementor-widget elementor-widget-heading\" data-id=\"d5de06c\" data-element_type=\"widget\" data-e-type=\"widget\" data-widget_type=\"heading.default\">\n\t\t\t\t<div class=\"elementor-widget-container\">\n\t\t\t\t\t<h1 class=\"elementor-heading-title elementor-size-default\">WASSERBAUTEN UND KUNSTWERKE<\/h1>\t\t\t\t<\/div>\n\t\t\t\t<\/div>\n\t\t\t\t<div class=\"elementor-element elementor-element-7b12747 contentBlok1 elementor-widget elementor-widget-text-editor\" data-id=\"7b12747\" data-element_type=\"widget\" data-e-type=\"widget\" data-widget_type=\"text-editor.default\">\n\t\t\t\t<div class=\"elementor-widget-container\">\n\t\t\t\t\t\t\t\t\t<p><strong>Wasserbauwerke und Ingenieurbauwerke sind wichtige Bestandteile der (Wasser-)Infrastruktur. Ein wachsendes Problem ist, dass die Bauwerke und Ingenieurbauwerke veraltet sind und ersetzt oder renoviert werden m\u00fcssen.<br \/>\n<\/strong><br \/>\nSo ersetzen wir zum Beispiel Holz- und Stahlstege, Anlegepf\u00e4hle in verschiedenen Gr\u00f6\u00dfen, Spundw\u00e4nde und Fenderarbeiten. In unserer gro\u00dfen Halle in Sliedrecht verf\u00fcgen wir \u00fcber den n\u00f6tigen Platz und die Einrichtungen f\u00fcr die Renovierung und den Bau solcher Strukturen. Die Arbeiten sind oft komplex und verursachen oft mehr oder weniger Unannehmlichkeiten f\u00fcr die Schifffahrt, den Stra\u00dfenverkehr, Unternehmen oder Anwohner.<br \/>\n<strong class=\"aw-title\" style=\"font-size: 25px\"><br \/>\nFlexibilit\u00e4t und Mitdenken<\/strong><br \/>\nAuch vor dringenden Auftr\u00e4gen schrecken wir nicht zur\u00fcck. Im 2. Hafen von Scheveningen entdeckten sie im Fr\u00fchjahr 2023, dass die Kaimauer der Dr. Lelykade instabil war. Der Wunsch: bis zum Start des Volvo Ocean Race am 11. Juni wieder eine stabile und sichere Kaimauer. test   <\/p>\n<p><img loading=\"lazy\" decoding=\"async\" class=\"alignnone wp-image-7687 size-full\" src=\"https:\/\/herik.nl\/wp-content\/uploads\/2025\/08\/plaatsen-zinkmatten-2.jpg\" alt=\"\" width=\"3000\" height=\"2250\" srcset=\"https:\/\/herik.nl\/wp-content\/uploads\/2025\/08\/plaatsen-zinkmatten-2.jpg 3000w, https:\/\/herik.nl\/wp-content\/uploads\/2025\/08\/plaatsen-zinkmatten-2-300x225.jpg 300w, https:\/\/herik.nl\/wp-content\/uploads\/2025\/08\/plaatsen-zinkmatten-2-1024x768.jpg 1024w, https:\/\/herik.nl\/wp-content\/uploads\/2025\/08\/plaatsen-zinkmatten-2-768x576.jpg 768w, https:\/\/herik.nl\/wp-content\/uploads\/2025\/08\/plaatsen-zinkmatten-2-1536x1152.jpg 1536w, https:\/\/herik.nl\/wp-content\/uploads\/2025\/08\/plaatsen-zinkmatten-2-2048x1536.jpg 2048w, https:\/\/herik.nl\/wp-content\/uploads\/2025\/08\/plaatsen-zinkmatten-2-574x431.jpg 574w, https:\/\/herik.nl\/wp-content\/uploads\/2025\/08\/plaatsen-zinkmatten-2-1918x1439.jpg 1918w\" sizes=\"(max-width: 3000px) 100vw, 3000px\" \/><\/p>\n<p>Ab Anfang Mai wurden in Zusammenarbeit mit der Stadtverwaltung das Engineering und die Arbeitsvorbereitung innerhalb von drei Wochen abgeschlossen. Anschlie\u00dfend wurde der Kai u.a. mit Bodenschutzma\u00dfnahmen stabilisiert. Dank der schnellen Interaktion mit dem Auftraggeber und Dritten konnte die \u00d6ffentlichkeit das Segelspektakel auch von der Dr. Lelykade aus genie\u00dfen.  <\/p>\n\t\t\t\t\t\t\t\t<\/div>\n\t\t\t\t<\/div>\n\t\t\t\t\t<\/div>\n\t\t\t\t<\/div>\n\t\t\t\t<\/div>\n\t\t\t\t<\/div>\n\t\t<\/section>\n<section class=\"section-afbeelding-met-tekst-rechts\">\n    \t\t<div data-elementor-type=\"section\" data-elementor-id=\"9476\" class=\"elementor elementor-9476 elementor-907\" data-elementor-post-type=\"elementor_library\">\n\t\t\t<div class=\"elementor-element elementor-element-72e6b7c e-flex e-con-boxed aw-kleur-hellgr\u00fcn Golf onder  e-con e-parent\" data-id=\"72e6b7c\" data-element_type=\"container\" data-e-type=\"container\">\n\t\t\t\t\t<div class=\"e-con-inner\">\n\t\t<div class=\"elementor-element elementor-element-8376fad e-con-full e-flex e-con e-child\" data-id=\"8376fad\" data-element_type=\"container\" data-e-type=\"container\" data-settings=\"{&quot;background_background&quot;:&quot;classic&quot;}\">\n\t\t\t\t<div class=\"elementor-element elementor-element-dff795c elementor-widget elementor-widget-image\" data-id=\"dff795c\" data-element_type=\"widget\" data-e-type=\"widget\" data-widget_type=\"image.default\">\n\t\t\t\t<div class=\"elementor-widget-container\">\n\t\t\t\t\t\t\t\t\t\t\t\t\t\t\t<img loading=\"lazy\" decoding=\"async\" width=\"850\" height=\"889\" src=\"https:\/\/herik.nl\/wp-content\/uploads\/2025\/02\/koninginnensluis_tcm26-327127.jpg\" class=\"attachment-large size-large wp-image-8738\" alt=\"\" srcset=\"https:\/\/herik.nl\/wp-content\/uploads\/2025\/02\/koninginnensluis_tcm26-327127.jpg 850w, https:\/\/herik.nl\/wp-content\/uploads\/2025\/02\/koninginnensluis_tcm26-327127-287x300.jpg 287w, https:\/\/herik.nl\/wp-content\/uploads\/2025\/02\/koninginnensluis_tcm26-327127-768x803.jpg 768w, https:\/\/herik.nl\/wp-content\/uploads\/2025\/02\/koninginnensluis_tcm26-327127-574x600.jpg 574w\" sizes=\"(max-width: 850px) 100vw, 850px\" \/>\t\t\t\t\t\t\t\t\t\t\t\t\t\t\t<\/div>\n\t\t\t\t<\/div>\n\t\t\t\t<\/div>\n\t\t<div class=\"elementor-element elementor-element-5a8be55 e-con-full e-flex e-con e-child\" data-id=\"5a8be55\" data-element_type=\"container\" data-e-type=\"container\">\n\t\t\t\t<div class=\"elementor-element elementor-element-5997e56 elementor-widget elementor-widget-text-editor\" data-id=\"5997e56\" data-element_type=\"widget\" data-e-type=\"widget\" data-widget_type=\"text-editor.default\">\n\t\t\t\t<div class=\"elementor-widget-container\">\n\t\t\t\t\t\t\t\t\t<h3 class=\"aw-subkop\"><strong>Renovieren und schnell handeln<\/strong><\/h3>\n<p>Unser Fachwissen haben wir zum Beispiel bei der Renovierung der Koninginnensluis Teil A unter Beweis gestellt, bei der wir Teile der Schleuse renoviert und die Schleusentore durch neue ersetzt haben, mitten in einem Wohngebiet in Nieuwegein.<\/p>\n<p>Dank guter Kommunikation und Ma\u00dfnahmen zur Aufrechterhaltung der Sicherheit und Zug\u00e4nglichkeit wurde das Projekt mit minimaler Beeintr\u00e4chtigung der Umgebung durchgef\u00fchrt.<\/p>\n<p><em>Foto: Queen&#8217;s Lock in Vreeswijk, Nieuwegein. \u00a9 Rijkswaterstaat <\/em><\/p>\n<p><a class=\"btn btn--primary\" href=\"https:\/\/herik.nl\/de\/projecten_\/\">Mehr Wasserbauten? Klicken Sie hier <\/a><\/p>\n<p>&nbsp;<\/p>\n\t\t\t\t\t\t\t\t<\/div>\n\t\t\t\t<\/div>\n\t\t\t\t<div class=\"elementor-element elementor-element-d3590eb elementor-widget elementor-widget-shortcode\" data-id=\"d3590eb\" data-element_type=\"widget\" data-e-type=\"widget\" data-widget_type=\"shortcode.default\">\n\t\t\t\t<div class=\"elementor-widget-container\">\n\t\t\t\t\t\t\t<div class=\"elementor-shortcode\"><\/div>\n\t\t\t\t\t\t<\/div>\n\t\t\t\t<\/div>\n\t\t\t\t<\/div>\n\t\t\t\t\t<\/div>\n\t\t\t\t<\/div>\n\t\t\t\t<\/div>\n\t\t<\/section>\n<section class=\"section-titel-met-tekst-en-button-volledige-breedte\">\n    \t\t<div data-elementor-type=\"section\" data-elementor-id=\"9544\" class=\"elementor elementor-9544 elementor-297\" data-elementor-post-type=\"elementor_library\">\n\t\t\t<div class=\"elementor-element elementor-element-a15b6c7 e-con-full aw-kleur-wei\u00df  e-flex e-con e-parent\" data-id=\"a15b6c7\" data-element_type=\"container\" data-e-type=\"container\" data-settings=\"{&quot;background_background&quot;:&quot;classic&quot;}\">\n\t\t<div class=\"elementor-element elementor-element-61b1760 aw-subtext-container awBlok1 e-flex e-con-boxed e-con e-child\" data-id=\"61b1760\" data-element_type=\"container\" data-e-type=\"container\">\n\t\t\t\t\t<div class=\"e-con-inner\">\n\t\t\t\t<div class=\"elementor-element elementor-element-d5de06c Titel Links elementor-widget elementor-widget-heading\" data-id=\"d5de06c\" data-element_type=\"widget\" data-e-type=\"widget\" data-widget_type=\"heading.default\">\n\t\t\t\t<div class=\"elementor-widget-container\">\n\t\t\t\t\t<h3 class=\"elementor-heading-title elementor-size-default\">Umweltmanagement und Kommunikation<\/h3>\t\t\t\t<\/div>\n\t\t\t\t<\/div>\n\t\t\t\t<div class=\"elementor-element elementor-element-7b12747 contentBlok1 elementor-widget elementor-widget-text-editor\" data-id=\"7b12747\" data-element_type=\"widget\" data-e-type=\"widget\" data-widget_type=\"text-editor.default\">\n\t\t\t\t<div class=\"elementor-widget-container\">\n\t\t\t\t\t\t\t\t\t<p>Wir verf\u00fcgen \u00fcber umfangreiche Erfahrungen und Fachkenntnisse bei der Arbeit an und um Ingenieurbauwerke und tragen gerne zu deren Planung, Renovierung oder Realisierung bei, damit unsere Infrastruktur sicher und zug\u00e4nglich bleibt. Bei solchen Projekten k\u00fcmmern wir uns auch um Themen wie Umweltmanagement und Kommunikation mit den Anwohnern. <\/p>\n<p><img loading=\"lazy\" decoding=\"async\" class=\"alignnone wp-image-6876 size-full\" src=\"https:\/\/herik.nl\/wp-content\/uploads\/2025\/02\/Van-den-Herik-Hero-projecten-Cortenoever3.jpg\" alt=\"\" width=\"1920\" height=\"700\" srcset=\"https:\/\/herik.nl\/wp-content\/uploads\/2025\/02\/Van-den-Herik-Hero-projecten-Cortenoever3.jpg 1920w, https:\/\/herik.nl\/wp-content\/uploads\/2025\/02\/Van-den-Herik-Hero-projecten-Cortenoever3-300x109.jpg 300w, https:\/\/herik.nl\/wp-content\/uploads\/2025\/02\/Van-den-Herik-Hero-projecten-Cortenoever3-1024x373.jpg 1024w, https:\/\/herik.nl\/wp-content\/uploads\/2025\/02\/Van-den-Herik-Hero-projecten-Cortenoever3-768x280.jpg 768w, https:\/\/herik.nl\/wp-content\/uploads\/2025\/02\/Van-den-Herik-Hero-projecten-Cortenoever3-1536x560.jpg 1536w, https:\/\/herik.nl\/wp-content\/uploads\/2025\/02\/Van-den-Herik-Hero-projecten-Cortenoever3-574x209.jpg 574w, https:\/\/herik.nl\/wp-content\/uploads\/2025\/02\/Van-den-Herik-Hero-projecten-Cortenoever3-1918x699.jpg 1918w\" sizes=\"(max-width: 1920px) 100vw, 1920px\" \/><\/p>\n<p><a class=\"btn btn--primary btn--fw\" href=\"https:\/\/herik.nl\/de\/projecten_\/\">Sehen Sie hier alle unsere aktuellen Projekte<\/a><\/p>\n\t\t\t\t\t\t\t\t<\/div>\n\t\t\t\t<\/div>\n\t\t\t\t\t<\/div>\n\t\t\t\t<\/div>\n\t\t\t\t<\/div>\n\t\t\t\t<\/div>\n\t\t<\/section>","protected":false},"excerpt":{"rendered":"","protected":false},"author":3,"featured_media":0,"parent":9411,"menu_order":89,"comment_status":"closed","ping_status":"closed","template":"","meta":{"_acf_changed":false,"footnotes":""},"class_list":["post-9244","page","type-page","status-publish","hentry"],"acf":[],"yoast_head":"<!-- This site is optimized with the Yoast SEO plugin v27.3 - https:\/\/yoast.com\/product\/yoast-seo-wordpress\/ -->\n<title>Wasserbauwerke und Ingenieurbauwerke - van den Herik Sliedrecht<\/title>\n<meta name=\"robots\" content=\"index, follow, max-snippet:-1, max-image-preview:large, max-video-preview:-1\" \/>\n<link rel=\"canonical\" href=\"https:\/\/herik.nl\/de\/aktivitaeten\/wasserbauwerke-und-ingenieurbauwerke\/\" \/>\n<meta property=\"og:locale\" content=\"de_DE\" \/>\n<meta property=\"og:type\" content=\"article\" \/>\n<meta property=\"og:title\" content=\"Wasserbauwerke und Ingenieurbauwerke - van den Herik Sliedrecht\" \/>\n<meta property=\"og:url\" content=\"https:\/\/herik.nl\/de\/aktivitaeten\/wasserbauwerke-und-ingenieurbauwerke\/\" \/>\n<meta property=\"og:site_name\" content=\"van den Herik Sliedrecht\" \/>\n<meta property=\"article:modified_time\" content=\"2026-01-07T15:45:22+00:00\" \/>\n<meta name=\"twitter:card\" content=\"summary_large_image\" \/>\n<script type=\"application\/ld+json\" class=\"yoast-schema-graph\">{\"@context\":\"https:\\\/\\\/schema.org\",\"@graph\":[{\"@type\":\"WebPage\",\"@id\":\"https:\\\/\\\/herik.nl\\\/de\\\/aktivitaeten\\\/wasserbauwerke-und-ingenieurbauwerke\\\/\",\"url\":\"https:\\\/\\\/herik.nl\\\/de\\\/aktivitaeten\\\/wasserbauwerke-und-ingenieurbauwerke\\\/\",\"name\":\"Wasserbauwerke und Ingenieurbauwerke - van den Herik Sliedrecht\",\"isPartOf\":{\"@id\":\"https:\\\/\\\/herik.nl\\\/de\\\/#website\"},\"datePublished\":\"2024-07-15T09:49:57+00:00\",\"dateModified\":\"2026-01-07T15:45:22+00:00\",\"breadcrumb\":{\"@id\":\"https:\\\/\\\/herik.nl\\\/de\\\/aktivitaeten\\\/wasserbauwerke-und-ingenieurbauwerke\\\/#breadcrumb\"},\"inLanguage\":\"de\",\"potentialAction\":[{\"@type\":\"ReadAction\",\"target\":[\"https:\\\/\\\/herik.nl\\\/de\\\/aktivitaeten\\\/wasserbauwerke-und-ingenieurbauwerke\\\/\"]}]},{\"@type\":\"BreadcrumbList\",\"@id\":\"https:\\\/\\\/herik.nl\\\/de\\\/aktivitaeten\\\/wasserbauwerke-und-ingenieurbauwerke\\\/#breadcrumb\",\"itemListElement\":[{\"@type\":\"ListItem\",\"position\":1,\"name\":\"Home\",\"item\":\"https:\\\/\\\/herik.nl\\\/de\\\/\"},{\"@type\":\"ListItem\",\"position\":2,\"name\":\"Aktivit\u00e4ten\",\"item\":\"https:\\\/\\\/herik.nl\\\/de\\\/aktivitaeten\\\/\"},{\"@type\":\"ListItem\",\"position\":3,\"name\":\"Wasserbauwerke und Ingenieurbauwerke\"}]},{\"@type\":\"WebSite\",\"@id\":\"https:\\\/\\\/herik.nl\\\/de\\\/#website\",\"url\":\"https:\\\/\\\/herik.nl\\\/de\\\/\",\"name\":\"van den Herik Sliedrecht\",\"description\":\"\",\"potentialAction\":[{\"@type\":\"SearchAction\",\"target\":{\"@type\":\"EntryPoint\",\"urlTemplate\":\"https:\\\/\\\/herik.nl\\\/de\\\/?s={search_term_string}\"},\"query-input\":{\"@type\":\"PropertyValueSpecification\",\"valueRequired\":true,\"valueName\":\"search_term_string\"}}],\"inLanguage\":\"de\"}]}<\/script>\n<!-- \/ Yoast SEO plugin. -->","yoast_head_json":{"title":"Wasserbauwerke und Ingenieurbauwerke - van den Herik Sliedrecht","robots":{"index":"index","follow":"follow","max-snippet":"max-snippet:-1","max-image-preview":"max-image-preview:large","max-video-preview":"max-video-preview:-1"},"canonical":"https:\/\/herik.nl\/de\/aktivitaeten\/wasserbauwerke-und-ingenieurbauwerke\/","og_locale":"de_DE","og_type":"article","og_title":"Wasserbauwerke und Ingenieurbauwerke - van den Herik Sliedrecht","og_url":"https:\/\/herik.nl\/de\/aktivitaeten\/wasserbauwerke-und-ingenieurbauwerke\/","og_site_name":"van den Herik Sliedrecht","article_modified_time":"2026-01-07T15:45:22+00:00","twitter_card":"summary_large_image","schema":{"@context":"https:\/\/schema.org","@graph":[{"@type":"WebPage","@id":"https:\/\/herik.nl\/de\/aktivitaeten\/wasserbauwerke-und-ingenieurbauwerke\/","url":"https:\/\/herik.nl\/de\/aktivitaeten\/wasserbauwerke-und-ingenieurbauwerke\/","name":"Wasserbauwerke und Ingenieurbauwerke - van den Herik Sliedrecht","isPartOf":{"@id":"https:\/\/herik.nl\/de\/#website"},"datePublished":"2024-07-15T09:49:57+00:00","dateModified":"2026-01-07T15:45:22+00:00","breadcrumb":{"@id":"https:\/\/herik.nl\/de\/aktivitaeten\/wasserbauwerke-und-ingenieurbauwerke\/#breadcrumb"},"inLanguage":"de","potentialAction":[{"@type":"ReadAction","target":["https:\/\/herik.nl\/de\/aktivitaeten\/wasserbauwerke-und-ingenieurbauwerke\/"]}]},{"@type":"BreadcrumbList","@id":"https:\/\/herik.nl\/de\/aktivitaeten\/wasserbauwerke-und-ingenieurbauwerke\/#breadcrumb","itemListElement":[{"@type":"ListItem","position":1,"name":"Home","item":"https:\/\/herik.nl\/de\/"},{"@type":"ListItem","position":2,"name":"Aktivit\u00e4ten","item":"https:\/\/herik.nl\/de\/aktivitaeten\/"},{"@type":"ListItem","position":3,"name":"Wasserbauwerke und Ingenieurbauwerke"}]},{"@type":"WebSite","@id":"https:\/\/herik.nl\/de\/#website","url":"https:\/\/herik.nl\/de\/","name":"van den Herik Sliedrecht","description":"","potentialAction":[{"@type":"SearchAction","target":{"@type":"EntryPoint","urlTemplate":"https:\/\/herik.nl\/de\/?s={search_term_string}"},"query-input":{"@type":"PropertyValueSpecification","valueRequired":true,"valueName":"search_term_string"}}],"inLanguage":"de"}]}},"_links":{"self":[{"href":"https:\/\/herik.nl\/de\/wp-json\/wp\/v2\/pages\/9244","targetHints":{"allow":["GET"]}}],"collection":[{"href":"https:\/\/herik.nl\/de\/wp-json\/wp\/v2\/pages"}],"about":[{"href":"https:\/\/herik.nl\/de\/wp-json\/wp\/v2\/types\/page"}],"author":[{"embeddable":true,"href":"https:\/\/herik.nl\/de\/wp-json\/wp\/v2\/users\/3"}],"replies":[{"embeddable":true,"href":"https:\/\/herik.nl\/de\/wp-json\/wp\/v2\/comments?post=9244"}],"version-history":[{"count":4,"href":"https:\/\/herik.nl\/de\/wp-json\/wp\/v2\/pages\/9244\/revisions"}],"predecessor-version":[{"id":9982,"href":"https:\/\/herik.nl\/de\/wp-json\/wp\/v2\/pages\/9244\/revisions\/9982"}],"up":[{"embeddable":true,"href":"https:\/\/herik.nl\/de\/wp-json\/wp\/v2\/pages\/9411"}],"wp:attachment":[{"href":"https:\/\/herik.nl\/de\/wp-json\/wp\/v2\/media?parent=9244"}],"curies":[{"name":"wp","href":"https:\/\/api.w.org\/{rel}","templated":true}]}}