{"id":9239,"date":"2024-07-15T09:49:01","date_gmt":"2024-07-15T09:49:01","guid":{"rendered":"https:\/\/herik.nl\/ausbaggern-und-wiederauffuellen\/"},"modified":"2025-09-16T09:31:56","modified_gmt":"2025-09-16T09:31:56","slug":"ausbaggern-und-wiederauffuellen","status":"publish","type":"page","link":"https:\/\/herik.nl\/de\/aktivitaeten\/ausbaggern-und-wiederauffuellen\/","title":{"rendered":"Ausbaggern und Wiederauff\u00fcllen"},"content":{"rendered":"\n<section class=\"section-afbeelding-met-golfscheiding\">\n    \t\t<div data-elementor-type=\"section\" data-elementor-id=\"9435\" class=\"elementor elementor-9435 elementor-1442\" data-elementor-post-type=\"elementor_library\">\n\t\t\t<div class=\"elementor-element elementor-element-2c557bc e-con-full e-flex aw-Hintergrundnormal e-con e-parent\" data-id=\"2c557bc\" data-element_type=\"container\" data-e-type=\"container\" id=\"aw-hero-img\" data-settings=\"{&quot;background_background&quot;:&quot;classic&quot;}\">\n\t\t\t\t<div class=\"elementor-element elementor-element-7dc8102 elementor-widget elementor-widget-image\" data-id=\"7dc8102\" data-element_type=\"widget\" data-e-type=\"widget\" data-widget_type=\"image.default\">\n\t\t\t\t<div class=\"elementor-widget-container\">\n\t\t\t\t\t\t\t\t\t\t\t\t\t\t\t<img fetchpriority=\"high\" decoding=\"async\" width=\"1920\" height=\"665\" src=\"https:\/\/herik.nl\/wp-content\/uploads\/2025\/02\/Van-den-Herik-strand-opspuiten-2.jpg\" class=\"attachment-full size-full wp-image-8734\" alt=\"\" srcset=\"https:\/\/herik.nl\/wp-content\/uploads\/2025\/02\/Van-den-Herik-strand-opspuiten-2.jpg 1920w, https:\/\/herik.nl\/wp-content\/uploads\/2025\/02\/Van-den-Herik-strand-opspuiten-2-300x104.jpg 300w, https:\/\/herik.nl\/wp-content\/uploads\/2025\/02\/Van-den-Herik-strand-opspuiten-2-1024x355.jpg 1024w, https:\/\/herik.nl\/wp-content\/uploads\/2025\/02\/Van-den-Herik-strand-opspuiten-2-768x266.jpg 768w, https:\/\/herik.nl\/wp-content\/uploads\/2025\/02\/Van-den-Herik-strand-opspuiten-2-1536x532.jpg 1536w, https:\/\/herik.nl\/wp-content\/uploads\/2025\/02\/Van-den-Herik-strand-opspuiten-2-574x199.jpg 574w, https:\/\/herik.nl\/wp-content\/uploads\/2025\/02\/Van-den-Herik-strand-opspuiten-2-1918x664.jpg 1918w\" sizes=\"(max-width: 1920px) 100vw, 1920px\" \/>\t\t\t\t\t\t\t\t\t\t\t\t\t\t\t<\/div>\n\t\t\t\t<\/div>\n\t\t\t\t<\/div>\n\t\t\t\t<\/div>\n\t\t<\/section>\n<section class=\"section-titel-met-tekst-en-button-volledige-breedte\">\n    \t\t<div data-elementor-type=\"section\" data-elementor-id=\"9544\" class=\"elementor elementor-9544 elementor-297\" data-elementor-post-type=\"elementor_library\">\n\t\t\t<div class=\"elementor-element elementor-element-a15b6c7 e-con-full aw-kleur-wei\u00df  e-flex e-con e-parent\" data-id=\"a15b6c7\" data-element_type=\"container\" data-e-type=\"container\" data-settings=\"{&quot;background_background&quot;:&quot;classic&quot;}\">\n\t\t<div class=\"elementor-element elementor-element-61b1760 aw-subtext-container awBlok1 e-flex e-con-boxed e-con e-child\" data-id=\"61b1760\" data-element_type=\"container\" data-e-type=\"container\">\n\t\t\t\t\t<div class=\"e-con-inner\">\n\t\t\t\t<div class=\"elementor-element elementor-element-d5de06c Titel Links elementor-widget elementor-widget-heading\" data-id=\"d5de06c\" data-element_type=\"widget\" data-e-type=\"widget\" data-widget_type=\"heading.default\">\n\t\t\t\t<div class=\"elementor-widget-container\">\n\t\t\t\t\t<h1 class=\"elementor-heading-title elementor-size-default\">AUSBAGGERN UND AUFF\u00dcLLEN HALTEN DAS LAND ZUG\u00c4NGLICH UND SICHER<\/h1>\t\t\t\t<\/div>\n\t\t\t\t<\/div>\n\t\t\t\t<div class=\"elementor-element elementor-element-7b12747 contentBlok1 elementor-widget elementor-widget-text-editor\" data-id=\"7b12747\" data-element_type=\"widget\" data-e-type=\"widget\" data-widget_type=\"text-editor.default\">\n\t\t\t\t<div class=\"elementor-widget-container\">\n\t\t\t\t\t\t\t\t\t<p><strong>In Wasserstra\u00dfen und H\u00e4fen lagern sich st\u00e4ndig Sand und Schlick ab. Das Ausbaggern ist notwendig, um die Wasserstra\u00dfen und H\u00e4fen f\u00fcr Schiffe zug\u00e4nglich und sicher zu halten und um sicherzustellen, dass das Wasser richtig flie\u00dfen kann, um \u00dcberschwemmungen zu verhindern. Die Auff\u00fcllung hingegen ist das Auff\u00fcllen von Sand an Stellen, an denen er ben\u00f6tigt wird. Zum Beispiel am Strand oder in den D\u00fcnen, um uns vor dem Meer zu sch\u00fctzen.   <\/strong><\/p>\n<p><strong>Spezialist f\u00fcr Baggerarbeiten<\/strong><br \/>\nBaggerarbeiten und Strandauff\u00fcllungen geh\u00f6ren zu unseren Spezialgebieten. Wir f\u00fchren Bagger- und Auff\u00fcllungsprojekte nicht nur in den Niederlanden, sondern in ganz Europa durch. Wir sind unter anderem in Frankreich, dem Vereinigten K\u00f6nigreich, Irland, Polen und Deutschland t\u00e4tig. Sowohl auf Binnengew\u00e4ssern als auch auf See.   <\/p>\n<p><strong>Gro\u00dfe Vielfalt an Ausr\u00fcstung<\/strong><br \/>\nDie verschiedenen Baggerarbeiten erfordern jeweils einen einzigartigen Ansatz. Die Umgebung und der Raum f\u00fcr die Ausf\u00fchrung bestimmen ma\u00dfgeblich unsere Arbeitsmethode. Unsere breite Palette an Ausr\u00fcstung erm\u00f6glicht es uns, praktisch jede Art von Baggerarbeiten durchzuf\u00fchren. Auch in (kleineren) H\u00e4fen und flachen Kan\u00e4len, zum Beispiel. Zu unserer Flotte geh\u00f6ren Hopper- und Cutter-Saugbagger, aber auch Kranschiffe, Arbeitsboote und Hydraulikkr\u00e4ne auf Pontons. Aufgrund unserer langj\u00e4hrigen Erfahrung wissen wir genau, welche Ausr\u00fcstung am besten geeignet ist, um ein Baggerprojekt richtig anzugehen.     <\/p>\n<p><strong>Baggerarbeiten in Binnengew\u00e4ssern<\/strong><br \/>\nNeben den Baggerarbeiten auf See mit unseren Hoppern f\u00fchren wir einen gro\u00dfen Teil unserer Baggerarbeiten auf Fl\u00fcssen und Kan\u00e4len durch. Die Liste der europ\u00e4ischen Wasserstra\u00dfen, auf denen wir derzeit aktiv baggern oder gebaggert haben, ist endlos. Wir halten sie das ganze Jahr \u00fcber durch Baggerarbeiten auf Tiefe.  <\/p>\n<p><strong><em>Selbstverst\u00e4ndlich k\u00fcmmern wir uns um den gesamten Prozess, wie z.B. die Durchf\u00fchrung von Wasserbodenuntersuchungen und Lotungen. Zu diesem Zweck haben wir bei Van den Herik eine eigene Vermessungsabteilung. <\/em>.<\/strong><\/p>\n<p>&nbsp;<\/p>\n\t\t\t\t\t\t\t\t<\/div>\n\t\t\t\t<\/div>\n\t\t\t\t\t<\/div>\n\t\t\t\t<\/div>\n\t\t\t\t<\/div>\n\t\t\t\t<\/div>\n\t\t<\/section>\n<section class=\"section-afbeelding-centraal-met-tekst\">\n    \t\t<div data-elementor-type=\"section\" data-elementor-id=\"9458\" class=\"elementor elementor-9458 elementor-638\" data-elementor-post-type=\"elementor_library\">\n\t\t\t<div class=\"elementor-element elementor-element-9da3d48 e-flex e-con-boxed aw-Farbe-gr\u00fcn e-con e-parent\" data-id=\"9da3d48\" data-element_type=\"container\" data-e-type=\"container\" id=\"aw-afbeelding-met-tekst\" data-settings=\"{&quot;background_background&quot;:&quot;classic&quot;}\">\n\t\t\t\t\t<div class=\"e-con-inner\">\n\t\t<div class=\"elementor-element elementor-element-b4729a8 e-con-full e-flex e-con e-child\" data-id=\"b4729a8\" data-element_type=\"container\" data-e-type=\"container\" data-settings=\"{&quot;background_background&quot;:&quot;classic&quot;}\">\n\t\t<div class=\"elementor-element elementor-element-c2064c3 e-con-full awTekstvlakBlok6 e-flex e-con e-child\" data-id=\"c2064c3\" data-element_type=\"container\" data-e-type=\"container\" id=\"aw-afbeelding-banner\" data-settings=\"{&quot;background_background&quot;:&quot;classic&quot;}\">\n\t\t\t\t<div class=\"elementor-element elementor-element-1cdc4eb elementor-widget elementor-widget-heading\" data-id=\"1cdc4eb\" data-element_type=\"widget\" data-e-type=\"widget\" data-widget_type=\"heading.default\">\n\t\t\t\t<div class=\"elementor-widget-container\">\n\t\t\t\t\t<h3 class=\"elementor-heading-title elementor-size-default\">Wussten Sie das?  <\/h3>\t\t\t\t<\/div>\n\t\t\t\t<\/div>\n\t\t\t\t<div class=\"elementor-element elementor-element-24a8bac elementor-widget elementor-widget-text-editor\" data-id=\"24a8bac\" data-element_type=\"widget\" data-e-type=\"widget\" data-widget_type=\"text-editor.default\">\n\t\t\t\t<div class=\"elementor-widget-container\">\n\t\t\t\t\t\t\t\t\t<p>Unsere seeg\u00e4ngigen Hopperbagger, die T.S.H.D. Charlock und die T.S.H.D Christophorus, sind aufgrund ihres geringen Tiefgangs und ihrer Man\u00f6vrierf\u00e4higkeit ideal f\u00fcr Bagger- und Auff\u00fcllarbeiten in K\u00fcstenn\u00e4he geeignet.<\/p>\n\t\t\t\t\t\t\t\t<\/div>\n\t\t\t\t<\/div>\n\t\t\t\t<div class=\"elementor-element elementor-element-790a76e elementor-align-left aw-text-button elementor-widget elementor-widget-button\" data-id=\"790a76e\" data-element_type=\"widget\" data-e-type=\"widget\" data-widget_type=\"button.default\">\n\t\t\t\t<div class=\"elementor-widget-container\">\n\t\t\t\t\t\t\t\t\t<div class=\"elementor-button-wrapper\">\n\t\t\t\t\t<a class=\"elementor-button elementor-button-link elementor-size-sm\" href=\"https:\/\/herik.nl\/projecten\/selectieve-onttrekking-ijmuiden\/\">\n\t\t\t\t\t\t<span class=\"elementor-button-content-wrapper\">\n\t\t\t\t\t\t<span class=\"elementor-button-icon\">\n\t\t\t\t<svg xmlns=\"http:\/\/www.w3.org\/2000\/svg\" viewBox=\"0 0 32 32\"><title>92-Arrow Right<\/title><g id=\"_92-Arrow_Right\" data-name=\"92-Arrow Right\"><path d=\"M16,32A16,16,0,1,1,32,16,16,16,0,0,1,16,32ZM16,2A14,14,0,1,0,30,16,14,14,0,0,0,16,2Z\"><\/path><path d=\"M13.71,24.71l-1.41-1.41L19.59,16,12.29,8.71l1.41-1.41,8,8a1,1,0,0,1,0,1.41Z\"><\/path><\/g><\/svg>\t\t\t<\/span>\n\t\t\t\t\t\t\t\t\t<span class=\"elementor-button-text\">Lesen Sie hier alles \u00fcber unsere Baggerarbeiten in IJmuiden<\/span>\n\t\t\t\t\t<\/span>\n\t\t\t\t\t<\/a>\n\t\t\t\t<\/div>\n\t\t\t\t\t\t\t\t<\/div>\n\t\t\t\t<\/div>\n\t\t<div class=\"elementor-element elementor-element-b9363d4 e-con-full blok6Img e-flex e-con e-child\" data-id=\"b9363d4\" data-element_type=\"container\" data-e-type=\"container\" data-settings=\"{&quot;position&quot;:&quot;absolute&quot;}\">\n\t\t\t\t<\/div>\n\t\t\t\t<\/div>\n\t\t\t\t<\/div>\n\t\t\t\t\t<\/div>\n\t\t\t\t<\/div>\n\t\t\t\t<\/div>\n\t\t<\/section>\n<section class=\"section-titel-met-tekst-en-button-volledige-breedte\">\n    \t\t<div data-elementor-type=\"section\" data-elementor-id=\"9544\" class=\"elementor elementor-9544 elementor-297\" data-elementor-post-type=\"elementor_library\">\n\t\t\t<div class=\"elementor-element elementor-element-a15b6c7 e-con-full aw-kleur-wei\u00df  e-flex e-con e-parent\" data-id=\"a15b6c7\" data-element_type=\"container\" data-e-type=\"container\" data-settings=\"{&quot;background_background&quot;:&quot;classic&quot;}\">\n\t\t<div class=\"elementor-element elementor-element-61b1760 aw-subtext-container awBlok1 e-flex e-con-boxed e-con e-child\" data-id=\"61b1760\" data-element_type=\"container\" data-e-type=\"container\">\n\t\t\t\t\t<div class=\"e-con-inner\">\n\t\t\t\t<div class=\"elementor-element elementor-element-d5de06c Titel-zentriert elementor-widget elementor-widget-heading\" data-id=\"d5de06c\" data-element_type=\"widget\" data-e-type=\"widget\" data-widget_type=\"heading.default\">\n\t\t\t\t<div class=\"elementor-widget-container\">\n\t\t\t\t\t<h3 class=\"elementor-heading-title elementor-size-default\">Baggerarbeiten im Ausland<\/h3>\t\t\t\t<\/div>\n\t\t\t\t<\/div>\n\t\t\t\t<div class=\"elementor-element elementor-element-7b12747 contentBlok1 elementor-widget elementor-widget-text-editor\" data-id=\"7b12747\" data-element_type=\"widget\" data-e-type=\"widget\" data-widget_type=\"text-editor.default\">\n\t\t\t\t<div class=\"elementor-widget-container\">\n\t\t\t\t\t\t\t\t\t<p><strong>Unsere Baggerkompetenz kommt zum Beispiel auch in Frankreich zum Tragen. Gemeinsam mit unserer franz\u00f6sischen Tochtergesellschaft <a href=\"https:\/\/ecodragage.com\" target=\"_blank\" rel=\"noopener\">Eco Syst\u00e8mes de Dragage<\/a> haben wir in den letzten Jahren mehrere Seeh\u00e4fen in der Normandie auf Tiefe gehalten. <\/strong><\/p>\n<p>Dazu geh\u00f6ren die H\u00e4fen von: <em>Dieppe, Ouistreham, F\u00e9camp, Deauville-Trouville, Port-en-Bessin-Huppain, Grandcamp-Maisy und Le Tr\u00e9port.<\/em><\/p>\n<p>Die Arbeiten wurden mit einem Hopperbagger und einem Kranponton durchgef\u00fchrt. In diesen H\u00e4fen gibt es viele Hafenaktivit\u00e4ten, die nicht gest\u00f6rt werden durften. Au\u00dferdem gibt es dort einen gro\u00dfen Tidenunterschied: durchschnittlich 5 bis 6 Meter! Die Arbeiten erforderten daher eine straffe logistische Planung   <\/p>\n\t\t\t\t\t\t\t\t<\/div>\n\t\t\t\t<\/div>\n\t\t\t\t\t<\/div>\n\t\t\t\t<\/div>\n\t\t\t\t<\/div>\n\t\t\t\t<\/div>\n\t\t<\/section>\n<section class=\"section-afbeelding-met-tekst-rechts\">\n    \t\t<div data-elementor-type=\"section\" data-elementor-id=\"9476\" class=\"elementor elementor-9476 elementor-907\" data-elementor-post-type=\"elementor_library\">\n\t\t\t<div class=\"elementor-element elementor-element-72e6b7c e-flex e-con-boxed aw-kleur-wei\u00df  e-con e-parent\" data-id=\"72e6b7c\" data-element_type=\"container\" data-e-type=\"container\">\n\t\t\t\t\t<div class=\"e-con-inner\">\n\t\t<div class=\"elementor-element elementor-element-8376fad e-con-full e-flex e-con e-child\" data-id=\"8376fad\" data-element_type=\"container\" data-e-type=\"container\" data-settings=\"{&quot;background_background&quot;:&quot;classic&quot;}\">\n\t\t\t\t<div class=\"elementor-element elementor-element-dff795c elementor-widget elementor-widget-image\" data-id=\"dff795c\" data-element_type=\"widget\" data-e-type=\"widget\" data-widget_type=\"image.default\">\n\t\t\t\t<div class=\"elementor-widget-container\">\n\t\t\t\t\t\t\t\t\t\t\t\t\t\t\t<img decoding=\"async\" width=\"1024\" height=\"768\" src=\"https:\/\/herik.nl\/wp-content\/uploads\/2024\/08\/Zinkstuk-Domphoorn-Prins-6-N307-Roggebot-1024x768.jpg\" class=\"attachment-large size-large wp-image-8398\" alt=\"\" srcset=\"https:\/\/herik.nl\/wp-content\/uploads\/2024\/08\/Zinkstuk-Domphoorn-Prins-6-N307-Roggebot-1024x768.jpg 1024w, https:\/\/herik.nl\/wp-content\/uploads\/2024\/08\/Zinkstuk-Domphoorn-Prins-6-N307-Roggebot-300x225.jpg 300w, https:\/\/herik.nl\/wp-content\/uploads\/2024\/08\/Zinkstuk-Domphoorn-Prins-6-N307-Roggebot-768x576.jpg 768w, https:\/\/herik.nl\/wp-content\/uploads\/2024\/08\/Zinkstuk-Domphoorn-Prins-6-N307-Roggebot-1536x1152.jpg 1536w, https:\/\/herik.nl\/wp-content\/uploads\/2024\/08\/Zinkstuk-Domphoorn-Prins-6-N307-Roggebot-2048x1536.jpg 2048w, https:\/\/herik.nl\/wp-content\/uploads\/2024\/08\/Zinkstuk-Domphoorn-Prins-6-N307-Roggebot-574x431.jpg 574w, https:\/\/herik.nl\/wp-content\/uploads\/2024\/08\/Zinkstuk-Domphoorn-Prins-6-N307-Roggebot-1918x1439.jpg 1918w\" sizes=\"(max-width: 1024px) 100vw, 1024px\" \/>\t\t\t\t\t\t\t\t\t\t\t\t\t\t\t<\/div>\n\t\t\t\t<\/div>\n\t\t\t\t<\/div>\n\t\t<div class=\"elementor-element elementor-element-5a8be55 e-con-full e-flex e-con e-child\" data-id=\"5a8be55\" data-element_type=\"container\" data-e-type=\"container\">\n\t\t\t\t<div class=\"elementor-element elementor-element-a03c5b5 elementor-widget elementor-widget-heading\" data-id=\"a03c5b5\" data-element_type=\"widget\" data-e-type=\"widget\" data-widget_type=\"heading.default\">\n\t\t\t\t<div class=\"elementor-widget-container\">\n\t\t\t\t\t<h2 class=\"elementor-heading-title elementor-size-default\">Gro\u00df angelegte Infrastrukturprojekte<\/h2>\t\t\t\t<\/div>\n\t\t\t\t<\/div>\n\t\t\t\t<div class=\"elementor-element elementor-element-5997e56 elementor-widget elementor-widget-text-editor\" data-id=\"5997e56\" data-element_type=\"widget\" data-e-type=\"widget\" data-widget_type=\"text-editor.default\">\n\t\t\t\t<div class=\"elementor-widget-container\">\n\t\t\t\t\t\t\t\t\t<p>Neben der Wartung f\u00fchren wir auch projektbezogene Baggerarbeiten durch. Ein aktuelles Beispiel ist unsere Arbeit im Rahmen der Roggebot-Kombination, die f\u00fcr die Sanierung des Gebiets um die N307 Roggebot bei Kampen verantwortlich ist. <\/p>\n<p>Bei diesem Projekt f\u00fchrten wir die Baggerarbeiten w\u00e4hrend des Baus einer neuen Br\u00fccke und Schleuse durch, wobei mehrere unserer Kranschiffe und Baggerpontons zum Einsatz kamen.<\/p>\n<p><a class=\"btn btn--primary\" href=\"https:\/\/herik.nl\/projecten\/n0307-roggebot-kampen\/\">Sehen Sie sich den Fall Roggebot hier an<\/a><\/p>\n\t\t\t\t\t\t\t\t<\/div>\n\t\t\t\t<\/div>\n\t\t\t\t<div class=\"elementor-element elementor-element-d3590eb elementor-widget elementor-widget-shortcode\" data-id=\"d3590eb\" data-element_type=\"widget\" data-e-type=\"widget\" data-widget_type=\"shortcode.default\">\n\t\t\t\t<div class=\"elementor-widget-container\">\n\t\t\t\t\t\t\t<div class=\"elementor-shortcode\"><\/div>\n\t\t\t\t\t\t<\/div>\n\t\t\t\t<\/div>\n\t\t\t\t<\/div>\n\t\t\t\t\t<\/div>\n\t\t\t\t<\/div>\n\t\t\t\t<\/div>\n\t\t<\/section>\n<section class=\"section-afbeelding-rechts-tekst-links\">\n    \t\t<div data-elementor-type=\"section\" data-elementor-id=\"9644\" class=\"elementor elementor-9644 elementor-3441\" data-elementor-post-type=\"elementor_library\">\n\t\t\t<div class=\"elementor-element elementor-element-f16f88e e-flex e-con-boxed aw-kleur-wei\u00df  e-con e-parent\" data-id=\"f16f88e\" data-element_type=\"container\" data-e-type=\"container\">\n\t\t\t\t\t<div class=\"e-con-inner\">\n\t\t<div class=\"elementor-element elementor-element-4d66ba4 e-con-full e-flex e-con e-child\" data-id=\"4d66ba4\" data-element_type=\"container\" data-e-type=\"container\">\n\t\t\t\t<div class=\"elementor-element elementor-element-fcdbb85 elementor-widget elementor-widget-heading\" data-id=\"fcdbb85\" data-element_type=\"widget\" data-e-type=\"widget\" data-widget_type=\"heading.default\">\n\t\t\t\t<div class=\"elementor-widget-container\">\n\t\t\t\t\t<h2 class=\"elementor-heading-title elementor-size-default\">Urbarmachung von Land<\/h2>\t\t\t\t<\/div>\n\t\t\t\t<\/div>\n\t\t\t\t<div class=\"elementor-element elementor-element-54287dc elementor-widget elementor-widget-text-editor\" data-id=\"54287dc\" data-element_type=\"widget\" data-e-type=\"widget\" data-widget_type=\"text-editor.default\">\n\t\t\t\t<div class=\"elementor-widget-container\">\n\t\t\t\t\t\t\t\t\t<p>An der seel\u00e4ndischen K\u00fcste haben wir unter anderem in Dishoek, Zoutelande und Julianadorp Auff\u00fcllungsarbeiten durchgef\u00fchrt. Im Auftrag von Rijkswaterstaat hat einer unserer Hopperbagger dort insgesamt 3 Millionen Kubikmeter Sand verspr\u00fcht. <\/p>\n<p>Sowohl vor der K\u00fcste und im Kanal vorhanden (Vorlandauff\u00fcllung) als auch an den Str\u00e4nden selbst mit Hilfe von Druckrohren (Strandauff\u00fcllung). So wird die K\u00fcste gest\u00e4rkt und unser Land bleibt vor dem Meer gesch\u00fctzt. <\/p>\n<p><a class=\"btn btn--primary\" href=\"https:\/\/herik.nl\/markten\/hoogwaterbescherming\/\">Was wir alle f\u00fcr den Hochwasserschutz tun<\/a><\/p>\n\t\t\t\t\t\t\t\t<\/div>\n\t\t\t\t<\/div>\n\t\t\t\t<\/div>\n\t\t<div class=\"elementor-element elementor-element-98972d8 e-con-full e-flex e-con e-child\" data-id=\"98972d8\" data-element_type=\"container\" data-e-type=\"container\" data-settings=\"{&quot;background_background&quot;:&quot;classic&quot;}\">\n\t\t\t\t<div class=\"elementor-element elementor-element-80e5166 elementor-widget elementor-widget-image\" data-id=\"80e5166\" data-element_type=\"widget\" data-e-type=\"widget\" data-widget_type=\"image.default\">\n\t\t\t\t<div class=\"elementor-widget-container\">\n\t\t\t\t\t\t\t\t\t\t\t\t\t\t\t<img decoding=\"async\" width=\"1024\" height=\"823\" src=\"https:\/\/herik.nl\/wp-content\/uploads\/2024\/08\/Suppletie-Zeeuws-Vlaanderen-e1740584745751-1024x823.jpg\" class=\"attachment-large size-large wp-image-8138\" alt=\"\" srcset=\"https:\/\/herik.nl\/wp-content\/uploads\/2024\/08\/Suppletie-Zeeuws-Vlaanderen-e1740584745751-1024x823.jpg 1024w, https:\/\/herik.nl\/wp-content\/uploads\/2024\/08\/Suppletie-Zeeuws-Vlaanderen-e1740584745751-300x241.jpg 300w, https:\/\/herik.nl\/wp-content\/uploads\/2024\/08\/Suppletie-Zeeuws-Vlaanderen-e1740584745751-768x617.jpg 768w, https:\/\/herik.nl\/wp-content\/uploads\/2024\/08\/Suppletie-Zeeuws-Vlaanderen-e1740584745751-574x461.jpg 574w, https:\/\/herik.nl\/wp-content\/uploads\/2024\/08\/Suppletie-Zeeuws-Vlaanderen-e1740584745751.jpg 1050w\" sizes=\"(max-width: 1024px) 100vw, 1024px\" \/>\t\t\t\t\t\t\t\t\t\t\t\t\t\t\t<\/div>\n\t\t\t\t<\/div>\n\t\t\t\t<\/div>\n\t\t\t\t\t<\/div>\n\t\t\t\t<\/div>\n\t\t\t\t<\/div>\n\t\t<\/section>","protected":false},"excerpt":{"rendered":"","protected":false},"author":3,"featured_media":0,"parent":9411,"menu_order":80,"comment_status":"closed","ping_status":"closed","template":"","meta":{"_acf_changed":false,"footnotes":""},"class_list":["post-9239","page","type-page","status-publish","hentry"],"acf":[],"yoast_head":"<!-- This site is optimized with the Yoast SEO plugin v27.3 - https:\/\/yoast.com\/product\/yoast-seo-wordpress\/ -->\n<title>Ausbaggern und Wiederauff\u00fcllen - van den Herik Sliedrecht<\/title>\n<meta name=\"robots\" content=\"index, follow, max-snippet:-1, max-image-preview:large, max-video-preview:-1\" \/>\n<link rel=\"canonical\" href=\"https:\/\/herik.nl\/de\/aktivitaeten\/ausbaggern-und-wiederauffuellen\/\" \/>\n<meta property=\"og:locale\" content=\"de_DE\" \/>\n<meta property=\"og:type\" content=\"article\" \/>\n<meta property=\"og:title\" content=\"Ausbaggern und Wiederauff\u00fcllen - van den Herik Sliedrecht\" \/>\n<meta property=\"og:url\" content=\"https:\/\/herik.nl\/de\/aktivitaeten\/ausbaggern-und-wiederauffuellen\/\" \/>\n<meta property=\"og:site_name\" content=\"van den Herik Sliedrecht\" \/>\n<meta property=\"article:modified_time\" content=\"2025-09-16T09:31:56+00:00\" \/>\n<meta name=\"twitter:card\" content=\"summary_large_image\" \/>\n<script type=\"application\/ld+json\" class=\"yoast-schema-graph\">{\"@context\":\"https:\\\/\\\/schema.org\",\"@graph\":[{\"@type\":\"WebPage\",\"@id\":\"https:\\\/\\\/herik.nl\\\/de\\\/aktivitaeten\\\/ausbaggern-und-wiederauffuellen\\\/\",\"url\":\"https:\\\/\\\/herik.nl\\\/de\\\/aktivitaeten\\\/ausbaggern-und-wiederauffuellen\\\/\",\"name\":\"Ausbaggern und Wiederauff\u00fcllen - van den Herik Sliedrecht\",\"isPartOf\":{\"@id\":\"https:\\\/\\\/herik.nl\\\/de\\\/#website\"},\"datePublished\":\"2024-07-15T09:49:01+00:00\",\"dateModified\":\"2025-09-16T09:31:56+00:00\",\"breadcrumb\":{\"@id\":\"https:\\\/\\\/herik.nl\\\/de\\\/aktivitaeten\\\/ausbaggern-und-wiederauffuellen\\\/#breadcrumb\"},\"inLanguage\":\"de\",\"potentialAction\":[{\"@type\":\"ReadAction\",\"target\":[\"https:\\\/\\\/herik.nl\\\/de\\\/aktivitaeten\\\/ausbaggern-und-wiederauffuellen\\\/\"]}]},{\"@type\":\"BreadcrumbList\",\"@id\":\"https:\\\/\\\/herik.nl\\\/de\\\/aktivitaeten\\\/ausbaggern-und-wiederauffuellen\\\/#breadcrumb\",\"itemListElement\":[{\"@type\":\"ListItem\",\"position\":1,\"name\":\"Home\",\"item\":\"https:\\\/\\\/herik.nl\\\/de\\\/\"},{\"@type\":\"ListItem\",\"position\":2,\"name\":\"Aktivit\u00e4ten\",\"item\":\"https:\\\/\\\/herik.nl\\\/de\\\/aktivitaeten\\\/\"},{\"@type\":\"ListItem\",\"position\":3,\"name\":\"Ausbaggern und Wiederauff\u00fcllen\"}]},{\"@type\":\"WebSite\",\"@id\":\"https:\\\/\\\/herik.nl\\\/de\\\/#website\",\"url\":\"https:\\\/\\\/herik.nl\\\/de\\\/\",\"name\":\"van den Herik Sliedrecht\",\"description\":\"\",\"potentialAction\":[{\"@type\":\"SearchAction\",\"target\":{\"@type\":\"EntryPoint\",\"urlTemplate\":\"https:\\\/\\\/herik.nl\\\/de\\\/?s={search_term_string}\"},\"query-input\":{\"@type\":\"PropertyValueSpecification\",\"valueRequired\":true,\"valueName\":\"search_term_string\"}}],\"inLanguage\":\"de\"}]}<\/script>\n<!-- \/ Yoast SEO plugin. -->","yoast_head_json":{"title":"Ausbaggern und Wiederauff\u00fcllen - van den Herik Sliedrecht","robots":{"index":"index","follow":"follow","max-snippet":"max-snippet:-1","max-image-preview":"max-image-preview:large","max-video-preview":"max-video-preview:-1"},"canonical":"https:\/\/herik.nl\/de\/aktivitaeten\/ausbaggern-und-wiederauffuellen\/","og_locale":"de_DE","og_type":"article","og_title":"Ausbaggern und Wiederauff\u00fcllen - van den Herik Sliedrecht","og_url":"https:\/\/herik.nl\/de\/aktivitaeten\/ausbaggern-und-wiederauffuellen\/","og_site_name":"van den Herik Sliedrecht","article_modified_time":"2025-09-16T09:31:56+00:00","twitter_card":"summary_large_image","schema":{"@context":"https:\/\/schema.org","@graph":[{"@type":"WebPage","@id":"https:\/\/herik.nl\/de\/aktivitaeten\/ausbaggern-und-wiederauffuellen\/","url":"https:\/\/herik.nl\/de\/aktivitaeten\/ausbaggern-und-wiederauffuellen\/","name":"Ausbaggern und Wiederauff\u00fcllen - van den Herik Sliedrecht","isPartOf":{"@id":"https:\/\/herik.nl\/de\/#website"},"datePublished":"2024-07-15T09:49:01+00:00","dateModified":"2025-09-16T09:31:56+00:00","breadcrumb":{"@id":"https:\/\/herik.nl\/de\/aktivitaeten\/ausbaggern-und-wiederauffuellen\/#breadcrumb"},"inLanguage":"de","potentialAction":[{"@type":"ReadAction","target":["https:\/\/herik.nl\/de\/aktivitaeten\/ausbaggern-und-wiederauffuellen\/"]}]},{"@type":"BreadcrumbList","@id":"https:\/\/herik.nl\/de\/aktivitaeten\/ausbaggern-und-wiederauffuellen\/#breadcrumb","itemListElement":[{"@type":"ListItem","position":1,"name":"Home","item":"https:\/\/herik.nl\/de\/"},{"@type":"ListItem","position":2,"name":"Aktivit\u00e4ten","item":"https:\/\/herik.nl\/de\/aktivitaeten\/"},{"@type":"ListItem","position":3,"name":"Ausbaggern und Wiederauff\u00fcllen"}]},{"@type":"WebSite","@id":"https:\/\/herik.nl\/de\/#website","url":"https:\/\/herik.nl\/de\/","name":"van den Herik Sliedrecht","description":"","potentialAction":[{"@type":"SearchAction","target":{"@type":"EntryPoint","urlTemplate":"https:\/\/herik.nl\/de\/?s={search_term_string}"},"query-input":{"@type":"PropertyValueSpecification","valueRequired":true,"valueName":"search_term_string"}}],"inLanguage":"de"}]}},"_links":{"self":[{"href":"https:\/\/herik.nl\/de\/wp-json\/wp\/v2\/pages\/9239","targetHints":{"allow":["GET"]}}],"collection":[{"href":"https:\/\/herik.nl\/de\/wp-json\/wp\/v2\/pages"}],"about":[{"href":"https:\/\/herik.nl\/de\/wp-json\/wp\/v2\/types\/page"}],"author":[{"embeddable":true,"href":"https:\/\/herik.nl\/de\/wp-json\/wp\/v2\/users\/3"}],"replies":[{"embeddable":true,"href":"https:\/\/herik.nl\/de\/wp-json\/wp\/v2\/comments?post=9239"}],"version-history":[{"count":3,"href":"https:\/\/herik.nl\/de\/wp-json\/wp\/v2\/pages\/9239\/revisions"}],"predecessor-version":[{"id":9242,"href":"https:\/\/herik.nl\/de\/wp-json\/wp\/v2\/pages\/9239\/revisions\/9242"}],"up":[{"embeddable":true,"href":"https:\/\/herik.nl\/de\/wp-json\/wp\/v2\/pages\/9411"}],"wp:attachment":[{"href":"https:\/\/herik.nl\/de\/wp-json\/wp\/v2\/media?parent=9239"}],"curies":[{"name":"wp","href":"https:\/\/api.w.org\/{rel}","templated":true}]}}