{"id":9233,"date":"2024-07-15T09:48:36","date_gmt":"2024-07-15T09:48:36","guid":{"rendered":"https:\/\/herik.nl\/buhnen-und-hafendaemme\/"},"modified":"2026-01-06T16:41:18","modified_gmt":"2026-01-06T16:41:18","slug":"buhnen-und-hafendaemme","status":"publish","type":"page","link":"https:\/\/herik.nl\/de\/aktivitaeten\/buhnen-und-hafendaemme\/","title":{"rendered":"Buhnen und Hafend\u00e4mme"},"content":{"rendered":"\n<section class=\"section-afbeelding-met-golfscheiding\">\n    \t\t<div data-elementor-type=\"section\" data-elementor-id=\"9435\" class=\"elementor elementor-9435 elementor-1442\" data-elementor-post-type=\"elementor_library\">\n\t\t\t<div class=\"elementor-element elementor-element-2c557bc e-con-full e-flex aw-Hintergrundnormal e-con e-parent\" data-id=\"2c557bc\" data-element_type=\"container\" data-e-type=\"container\" id=\"aw-hero-img\" data-settings=\"{&quot;background_background&quot;:&quot;classic&quot;}\">\n\t\t\t\t<div class=\"elementor-element elementor-element-7dc8102 elementor-widget elementor-widget-image\" data-id=\"7dc8102\" data-element_type=\"widget\" data-e-type=\"widget\" data-widget_type=\"image.default\">\n\t\t\t\t<div class=\"elementor-widget-container\">\n\t\t\t\t\t\t\t\t\t\t\t\t\t\t\t<img fetchpriority=\"high\" decoding=\"async\" width=\"2560\" height=\"933\" src=\"https:\/\/herik.nl\/wp-content\/uploads\/2024\/12\/Van-den-Herik-Langsdam-Waal.jpg\" class=\"attachment-full size-full wp-image-8546\" alt=\"\" srcset=\"https:\/\/herik.nl\/wp-content\/uploads\/2024\/12\/Van-den-Herik-Langsdam-Waal.jpg 2560w, https:\/\/herik.nl\/wp-content\/uploads\/2024\/12\/Van-den-Herik-Langsdam-Waal-300x109.jpg 300w, https:\/\/herik.nl\/wp-content\/uploads\/2024\/12\/Van-den-Herik-Langsdam-Waal-1024x373.jpg 1024w, https:\/\/herik.nl\/wp-content\/uploads\/2024\/12\/Van-den-Herik-Langsdam-Waal-768x280.jpg 768w, https:\/\/herik.nl\/wp-content\/uploads\/2024\/12\/Van-den-Herik-Langsdam-Waal-1536x560.jpg 1536w, https:\/\/herik.nl\/wp-content\/uploads\/2024\/12\/Van-den-Herik-Langsdam-Waal-2048x746.jpg 2048w, https:\/\/herik.nl\/wp-content\/uploads\/2024\/12\/Van-den-Herik-Langsdam-Waal-574x209.jpg 574w, https:\/\/herik.nl\/wp-content\/uploads\/2024\/12\/Van-den-Herik-Langsdam-Waal-1918x699.jpg 1918w\" sizes=\"(max-width: 2560px) 100vw, 2560px\" \/>\t\t\t\t\t\t\t\t\t\t\t\t\t\t\t<\/div>\n\t\t\t\t<\/div>\n\t\t\t\t<\/div>\n\t\t\t\t<\/div>\n\t\t<\/section>\n<section class=\"section-titel-met-tekst-en-button-volledige-breedte\">\n    \t\t<div data-elementor-type=\"section\" data-elementor-id=\"9544\" class=\"elementor elementor-9544 elementor-297\" data-elementor-post-type=\"elementor_library\">\n\t\t\t<div class=\"elementor-element elementor-element-a15b6c7 e-con-full aw-kleur-wei\u00df  e-flex e-con e-parent\" data-id=\"a15b6c7\" data-element_type=\"container\" data-e-type=\"container\" data-settings=\"{&quot;background_background&quot;:&quot;classic&quot;}\">\n\t\t<div class=\"elementor-element elementor-element-61b1760 aw-subtext-container awBlok1 e-flex e-con-boxed e-con e-child\" data-id=\"61b1760\" data-element_type=\"container\" data-e-type=\"container\">\n\t\t\t\t\t<div class=\"e-con-inner\">\n\t\t\t\t<div class=\"elementor-element elementor-element-d5de06c Titel Links elementor-widget elementor-widget-heading\" data-id=\"d5de06c\" data-element_type=\"widget\" data-e-type=\"widget\" data-widget_type=\"heading.default\">\n\t\t\t\t<div class=\"elementor-widget-container\">\n\t\t\t\t\t<h1 class=\"elementor-heading-title elementor-size-default\">BUHNEN UND HAFEND\u00c4MME LEITEN DAS WASSER<\/h1>\t\t\t\t<\/div>\n\t\t\t\t<\/div>\n\t\t\t\t<div class=\"elementor-element elementor-element-7b12747 contentBlok1 elementor-widget elementor-widget-text-editor\" data-id=\"7b12747\" data-element_type=\"widget\" data-e-type=\"widget\" data-widget_type=\"text-editor.default\">\n\t\t\t\t<div class=\"elementor-widget-container\">\n\t\t\t\t\t\t\t\t\t<p><strong>Buhnen und Hafend\u00e4mme sind wichtige Bestandteile der Wasserinfrastruktur. Sie dienen nicht nur dem Schutz vor Erosion, Str\u00f6mungen und Gezeiten, sondern erleichtern auch die sichere Schifffahrt und den Hafenbetrieb. <\/strong><\/p>\n<p>Als Wasserbauunternehmen sind wir seit vielen Jahren mit dem Bau oder der \u00c4nderung von Buhnen besch\u00e4ftigt. So haben wir ab 2012 im Rahmen des nationalen Hochwassersicherheitsprogramms Raum f\u00fcr den Fluss 250 Buhnen abgesenkt und L\u00e4ngsd\u00e4mme gebaut. Das Absenken von Buhnen und L\u00e4ngsd\u00e4mmen erleichtert es dem Wasser der Waal, sich seinen Weg zu bahnen, w\u00e4hrend die Fahrrinne erhalten bleibt.  <\/p>\n<p><strong>Piloten mit flexiblen Buhnen<\/strong><br \/>\nIn den letzten Jahren haben wir mehrere Piloten mit dem Bau von flexiblen Buhnen aus Xstream-Bl\u00f6cken durchgef\u00fchrt. Eine Initiative im Rahmen des Innovationsprogramms &#8220;Self Supporting River System&#8220; in Zusammenarbeit mit Rijkswaterstaat und anderen. <\/p>\n\t\t\t\t\t\t\t\t<\/div>\n\t\t\t\t<\/div>\n\t\t\t\t\t<\/div>\n\t\t\t\t<\/div>\n\t\t\t\t<\/div>\n\t\t\t\t<\/div>\n\t\t<\/section>\n<section class=\"section-afbeelding-centraal-met-tekst\">\n    \t\t<div data-elementor-type=\"section\" data-elementor-id=\"9458\" class=\"elementor elementor-9458 elementor-638\" data-elementor-post-type=\"elementor_library\">\n\t\t\t<div class=\"elementor-element elementor-element-9da3d48 e-flex e-con-boxed aw-Farbe-gr\u00fcn e-con e-parent\" data-id=\"9da3d48\" data-element_type=\"container\" data-e-type=\"container\" id=\"aw-afbeelding-met-tekst\" data-settings=\"{&quot;background_background&quot;:&quot;classic&quot;}\">\n\t\t\t\t\t<div class=\"e-con-inner\">\n\t\t<div class=\"elementor-element elementor-element-b4729a8 e-con-full e-flex e-con e-child\" data-id=\"b4729a8\" data-element_type=\"container\" data-e-type=\"container\" data-settings=\"{&quot;background_background&quot;:&quot;classic&quot;}\">\n\t\t<div class=\"elementor-element elementor-element-c2064c3 e-con-full awTekstvlakBlok6 e-flex e-con e-child\" data-id=\"c2064c3\" data-element_type=\"container\" data-e-type=\"container\" id=\"aw-afbeelding-banner\" data-settings=\"{&quot;background_background&quot;:&quot;classic&quot;}\">\n\t\t\t\t<div class=\"elementor-element elementor-element-1cdc4eb elementor-widget elementor-widget-heading\" data-id=\"1cdc4eb\" data-element_type=\"widget\" data-e-type=\"widget\" data-widget_type=\"heading.default\">\n\t\t\t\t<div class=\"elementor-widget-container\">\n\t\t\t\t\t<h3 class=\"elementor-heading-title elementor-size-default\">flexible Buhnen<\/h3>\t\t\t\t<\/div>\n\t\t\t\t<\/div>\n\t\t\t\t<div class=\"elementor-element elementor-element-24a8bac elementor-widget elementor-widget-text-editor\" data-id=\"24a8bac\" data-element_type=\"widget\" data-e-type=\"widget\" data-widget_type=\"text-editor.default\">\n\t\t\t\t<div class=\"elementor-widget-container\">\n\t\t\t\t\t\t\t\t\t<p>Die flexible Buhne ist aus sogenannten Xstream-Bl\u00f6cken aufgebaut, einem modularen und anpassungsf\u00e4higen System. Wenn die Bl\u00f6cke angebracht werden, haken sie sich zusammen und bilden eine stabile Struktur. Eine Verankerung ist nicht erforderlich. Die Bl\u00f6cke k\u00f6nnen leicht aufgenommen werden, so dass Sie die Buhne einfach verl\u00e4ngern oder anheben k\u00f6nnen.   <\/p>\n\t\t\t\t\t\t\t\t<\/div>\n\t\t\t\t<\/div>\n\t\t\t\t<div class=\"elementor-element elementor-element-790a76e elementor-align-left aw-text-button elementor-widget elementor-widget-button\" data-id=\"790a76e\" data-element_type=\"widget\" data-e-type=\"widget\" data-widget_type=\"button.default\">\n\t\t\t\t<div class=\"elementor-widget-container\">\n\t\t\t\t\t\t\t\t\t<div class=\"elementor-button-wrapper\">\n\t\t\t\t\t<a class=\"elementor-button elementor-button-link elementor-size-sm\" href=\"#\">\n\t\t\t\t\t\t<span class=\"elementor-button-content-wrapper\">\n\t\t\t\t\t\t<span class=\"elementor-button-icon\">\n\t\t\t\t<svg xmlns=\"http:\/\/www.w3.org\/2000\/svg\" viewBox=\"0 0 32 32\"><title>92-Arrow Right<\/title><g id=\"_92-Arrow_Right\" data-name=\"92-Arrow Right\"><path d=\"M16,32A16,16,0,1,1,32,16,16,16,0,0,1,16,32ZM16,2A14,14,0,1,0,30,16,14,14,0,0,0,16,2Z\"><\/path><path d=\"M13.71,24.71l-1.41-1.41L19.59,16,12.29,8.71l1.41-1.41,8,8a1,1,0,0,1,0,1.41Z\"><\/path><\/g><\/svg>\t\t\t<\/span>\n\t\t\t\t\t\t\t\t\t<span class=\"elementor-button-text\">Lesen Sie mehr \u00fcber unsere Xstream-Bl\u00f6cke<\/span>\n\t\t\t\t\t<\/span>\n\t\t\t\t\t<\/a>\n\t\t\t\t<\/div>\n\t\t\t\t\t\t\t\t<\/div>\n\t\t\t\t<\/div>\n\t\t<div class=\"elementor-element elementor-element-b9363d4 e-con-full blok6Img e-flex e-con e-child\" data-id=\"b9363d4\" data-element_type=\"container\" data-e-type=\"container\" data-settings=\"{&quot;position&quot;:&quot;absolute&quot;}\">\n\t\t\t\t<\/div>\n\t\t\t\t<\/div>\n\t\t\t\t<\/div>\n\t\t\t\t\t<\/div>\n\t\t\t\t<\/div>\n\t\t\t\t<\/div>\n\t\t<\/section>\n<section class=\"section-titel-met-tekst-en-button-volledige-breedte\">\n    \t\t<div data-elementor-type=\"section\" data-elementor-id=\"9544\" class=\"elementor elementor-9544 elementor-297\" data-elementor-post-type=\"elementor_library\">\n\t\t\t<div class=\"elementor-element elementor-element-a15b6c7 e-con-full aw-kleur-wei\u00df  e-flex e-con e-parent\" data-id=\"a15b6c7\" data-element_type=\"container\" data-e-type=\"container\" data-settings=\"{&quot;background_background&quot;:&quot;classic&quot;}\">\n\t\t<div class=\"elementor-element elementor-element-61b1760 aw-subtext-container awBlok1 e-flex e-con-boxed e-con e-child\" data-id=\"61b1760\" data-element_type=\"container\" data-e-type=\"container\">\n\t\t\t\t\t<div class=\"e-con-inner\">\n\t\t\t\t<div class=\"elementor-element elementor-element-d5de06c Titel-zentriert elementor-widget elementor-widget-heading\" data-id=\"d5de06c\" data-element_type=\"widget\" data-e-type=\"widget\" data-widget_type=\"heading.default\">\n\t\t\t\t<div class=\"elementor-widget-container\">\n\t\t\t\t\t<h3 class=\"elementor-heading-title elementor-size-default\">Sicherer Hafen im Wattenmeer und Zeeland<\/h3>\t\t\t\t<\/div>\n\t\t\t\t<\/div>\n\t\t\t\t<div class=\"elementor-element elementor-element-7b12747 contentBlok1 elementor-widget elementor-widget-text-editor\" data-id=\"7b12747\" data-element_type=\"widget\" data-e-type=\"widget\" data-widget_type=\"text-editor.default\">\n\t\t\t\t<div class=\"elementor-widget-container\">\n\t\t\t\t\t\t\t\t\t<p>Van den Herik sch\u00fctzt H\u00e4fen und Hafenaktivit\u00e4ten durch den Bau und die Verst\u00e4rkung von Hafend\u00e4mmen. In Harlingen zum Beispiel haben wir den 350 Meter langen Abschnitt des Hafendamms verst\u00e4rkt, indem wir unter Wasser Bruchstein gegen ihn gesch\u00fcttet haben. Dadurch wird die Fahrrinne unmittelbar neben dem Noorderpier an Ort und Stelle gehalten und verhindert, dass sie sich in Richtung der Pier verschiebt.  <\/p>\n<p>Au\u00dferdem wurden hier Gezeitent\u00fcmpel eingerichtet. Diese Becken lassen das Wasser nach der Flut stehen und erh\u00f6hen so die Artenvielfalt, indem sie allen Arten von Organismen Schutz bieten. Au\u00dferdem sind diese Pools eine Nahrungsquelle f\u00fcr V\u00f6gel.  <\/p>\n<p><strong>Beratung und Realisierung<\/strong><br \/>\nAls Van den Herik realisieren wir nicht nur, wir beraten auch bei m\u00f6glichen L\u00f6sungen f\u00fcr Hafend\u00e4mme und entwickeln diese intern zu einem realistischen Entwurf mit zugeh\u00f6rigen Kostensch\u00e4tzungen. Als Partner des Bauteams der Gemeinde Reimerswaal haben wir zun\u00e4chst den endg\u00fcltigen Entwurf f\u00fcr den Hafen von Yerseke ausgearbeitet. Anschlie\u00dfend haben wir auch eine Realisierungsvereinbarung getroffen. Gerade wegen unserer Umsetzungskompetenz wurde daraus ein realisierbarer Entwurf.   <\/p>\n\t\t\t\t\t\t\t\t<\/div>\n\t\t\t\t<\/div>\n\t\t\t\t\t<\/div>\n\t\t\t\t<\/div>\n\t\t\t\t<\/div>\n\t\t\t\t<\/div>\n\t\t<\/section>\n<section class=\"section-titel-met-video-simpel\">\n    \t\t<div data-elementor-type=\"section\" data-elementor-id=\"9517\" class=\"elementor elementor-9517 elementor-3940\" data-elementor-post-type=\"elementor_library\">\n\t\t\t<div class=\"elementor-element elementor-element-a104b63 e-flex e-con-boxed e-con e-parent\" data-id=\"a104b63\" data-element_type=\"container\" data-e-type=\"container\">\n\t\t\t\t\t<div class=\"e-con-inner\">\n\t\t\t\t<div class=\"elementor-element elementor-element-080a9ef Titel Links elementor-widget elementor-widget-heading\" data-id=\"080a9ef\" data-element_type=\"widget\" data-e-type=\"widget\" data-widget_type=\"heading.default\">\n\t\t\t\t<div class=\"elementor-widget-container\">\n\t\t\t\t\t<h3 class=\"elementor-heading-title elementor-size-default\">Verst\u00e4rkung des Hafendamms in Harlingen<\/h3>\t\t\t\t<\/div>\n\t\t\t\t<\/div>\n\t\t\t\t<div class=\"elementor-element elementor-element-22bac03 elementor-widget elementor-widget-video\" data-id=\"22bac03\" data-element_type=\"widget\" data-e-type=\"widget\" data-settings=\"{&quot;youtube_url&quot;:&quot;https:\\\/\\\/youtu.be\\\/U2RjwagVrCQ&quot;,&quot;video_type&quot;:&quot;youtube&quot;,&quot;controls&quot;:&quot;yes&quot;}\" data-widget_type=\"video.default\">\n\t\t\t\t<div class=\"elementor-widget-container\">\n\t\t\t\t\t\t\t<div class=\"elementor-wrapper elementor-open-inline\">\n\t\t\t<div class=\"elementor-video\"><\/div>\t\t<\/div>\n\t\t\t\t\t\t<\/div>\n\t\t\t\t<\/div>\n\t\t\t\t\t<\/div>\n\t\t\t\t<\/div>\n\t\t\t\t<\/div>\n\t\t<\/section>","protected":false},"excerpt":{"rendered":"","protected":false},"author":3,"featured_media":0,"parent":9411,"menu_order":74,"comment_status":"closed","ping_status":"closed","template":"","meta":{"_acf_changed":false,"footnotes":""},"class_list":["post-9233","page","type-page","status-publish","hentry"],"acf":[],"yoast_head":"<!-- This site is optimized with the Yoast SEO plugin v27.3 - https:\/\/yoast.com\/product\/yoast-seo-wordpress\/ -->\n<title>Buhnen und Hafend\u00e4mme - van den Herik Sliedrecht<\/title>\n<meta name=\"robots\" content=\"index, follow, max-snippet:-1, max-image-preview:large, max-video-preview:-1\" \/>\n<link rel=\"canonical\" href=\"https:\/\/herik.nl\/de\/aktivitaeten\/buhnen-und-hafendaemme\/\" \/>\n<meta property=\"og:locale\" content=\"de_DE\" \/>\n<meta property=\"og:type\" content=\"article\" \/>\n<meta property=\"og:title\" content=\"Buhnen und Hafend\u00e4mme - van den Herik Sliedrecht\" \/>\n<meta property=\"og:url\" content=\"https:\/\/herik.nl\/de\/aktivitaeten\/buhnen-und-hafendaemme\/\" \/>\n<meta property=\"og:site_name\" content=\"van den Herik Sliedrecht\" \/>\n<meta property=\"article:modified_time\" content=\"2026-01-06T16:41:18+00:00\" \/>\n<meta name=\"twitter:card\" content=\"summary_large_image\" \/>\n<script type=\"application\/ld+json\" class=\"yoast-schema-graph\">{\"@context\":\"https:\\\/\\\/schema.org\",\"@graph\":[{\"@type\":\"WebPage\",\"@id\":\"https:\\\/\\\/herik.nl\\\/de\\\/aktivitaeten\\\/buhnen-und-hafendaemme\\\/\",\"url\":\"https:\\\/\\\/herik.nl\\\/de\\\/aktivitaeten\\\/buhnen-und-hafendaemme\\\/\",\"name\":\"Buhnen und Hafend\u00e4mme - van den Herik Sliedrecht\",\"isPartOf\":{\"@id\":\"https:\\\/\\\/herik.nl\\\/de\\\/#website\"},\"datePublished\":\"2024-07-15T09:48:36+00:00\",\"dateModified\":\"2026-01-06T16:41:18+00:00\",\"breadcrumb\":{\"@id\":\"https:\\\/\\\/herik.nl\\\/de\\\/aktivitaeten\\\/buhnen-und-hafendaemme\\\/#breadcrumb\"},\"inLanguage\":\"de\",\"potentialAction\":[{\"@type\":\"ReadAction\",\"target\":[\"https:\\\/\\\/herik.nl\\\/de\\\/aktivitaeten\\\/buhnen-und-hafendaemme\\\/\"]}]},{\"@type\":\"BreadcrumbList\",\"@id\":\"https:\\\/\\\/herik.nl\\\/de\\\/aktivitaeten\\\/buhnen-und-hafendaemme\\\/#breadcrumb\",\"itemListElement\":[{\"@type\":\"ListItem\",\"position\":1,\"name\":\"Home\",\"item\":\"https:\\\/\\\/herik.nl\\\/de\\\/\"},{\"@type\":\"ListItem\",\"position\":2,\"name\":\"Aktivit\u00e4ten\",\"item\":\"https:\\\/\\\/herik.nl\\\/de\\\/aktivitaeten\\\/\"},{\"@type\":\"ListItem\",\"position\":3,\"name\":\"Buhnen und Hafend\u00e4mme\"}]},{\"@type\":\"WebSite\",\"@id\":\"https:\\\/\\\/herik.nl\\\/de\\\/#website\",\"url\":\"https:\\\/\\\/herik.nl\\\/de\\\/\",\"name\":\"van den Herik Sliedrecht\",\"description\":\"\",\"potentialAction\":[{\"@type\":\"SearchAction\",\"target\":{\"@type\":\"EntryPoint\",\"urlTemplate\":\"https:\\\/\\\/herik.nl\\\/de\\\/?s={search_term_string}\"},\"query-input\":{\"@type\":\"PropertyValueSpecification\",\"valueRequired\":true,\"valueName\":\"search_term_string\"}}],\"inLanguage\":\"de\"}]}<\/script>\n<!-- \/ Yoast SEO plugin. -->","yoast_head_json":{"title":"Buhnen und Hafend\u00e4mme - van den Herik Sliedrecht","robots":{"index":"index","follow":"follow","max-snippet":"max-snippet:-1","max-image-preview":"max-image-preview:large","max-video-preview":"max-video-preview:-1"},"canonical":"https:\/\/herik.nl\/de\/aktivitaeten\/buhnen-und-hafendaemme\/","og_locale":"de_DE","og_type":"article","og_title":"Buhnen und Hafend\u00e4mme - van den Herik Sliedrecht","og_url":"https:\/\/herik.nl\/de\/aktivitaeten\/buhnen-und-hafendaemme\/","og_site_name":"van den Herik Sliedrecht","article_modified_time":"2026-01-06T16:41:18+00:00","twitter_card":"summary_large_image","schema":{"@context":"https:\/\/schema.org","@graph":[{"@type":"WebPage","@id":"https:\/\/herik.nl\/de\/aktivitaeten\/buhnen-und-hafendaemme\/","url":"https:\/\/herik.nl\/de\/aktivitaeten\/buhnen-und-hafendaemme\/","name":"Buhnen und Hafend\u00e4mme - van den Herik Sliedrecht","isPartOf":{"@id":"https:\/\/herik.nl\/de\/#website"},"datePublished":"2024-07-15T09:48:36+00:00","dateModified":"2026-01-06T16:41:18+00:00","breadcrumb":{"@id":"https:\/\/herik.nl\/de\/aktivitaeten\/buhnen-und-hafendaemme\/#breadcrumb"},"inLanguage":"de","potentialAction":[{"@type":"ReadAction","target":["https:\/\/herik.nl\/de\/aktivitaeten\/buhnen-und-hafendaemme\/"]}]},{"@type":"BreadcrumbList","@id":"https:\/\/herik.nl\/de\/aktivitaeten\/buhnen-und-hafendaemme\/#breadcrumb","itemListElement":[{"@type":"ListItem","position":1,"name":"Home","item":"https:\/\/herik.nl\/de\/"},{"@type":"ListItem","position":2,"name":"Aktivit\u00e4ten","item":"https:\/\/herik.nl\/de\/aktivitaeten\/"},{"@type":"ListItem","position":3,"name":"Buhnen und Hafend\u00e4mme"}]},{"@type":"WebSite","@id":"https:\/\/herik.nl\/de\/#website","url":"https:\/\/herik.nl\/de\/","name":"van den Herik Sliedrecht","description":"","potentialAction":[{"@type":"SearchAction","target":{"@type":"EntryPoint","urlTemplate":"https:\/\/herik.nl\/de\/?s={search_term_string}"},"query-input":{"@type":"PropertyValueSpecification","valueRequired":true,"valueName":"search_term_string"}}],"inLanguage":"de"}]}},"_links":{"self":[{"href":"https:\/\/herik.nl\/de\/wp-json\/wp\/v2\/pages\/9233","targetHints":{"allow":["GET"]}}],"collection":[{"href":"https:\/\/herik.nl\/de\/wp-json\/wp\/v2\/pages"}],"about":[{"href":"https:\/\/herik.nl\/de\/wp-json\/wp\/v2\/types\/page"}],"author":[{"embeddable":true,"href":"https:\/\/herik.nl\/de\/wp-json\/wp\/v2\/users\/3"}],"replies":[{"embeddable":true,"href":"https:\/\/herik.nl\/de\/wp-json\/wp\/v2\/comments?post=9233"}],"version-history":[{"count":2,"href":"https:\/\/herik.nl\/de\/wp-json\/wp\/v2\/pages\/9233\/revisions"}],"predecessor-version":[{"id":9908,"href":"https:\/\/herik.nl\/de\/wp-json\/wp\/v2\/pages\/9233\/revisions\/9908"}],"up":[{"embeddable":true,"href":"https:\/\/herik.nl\/de\/wp-json\/wp\/v2\/pages\/9411"}],"wp:attachment":[{"href":"https:\/\/herik.nl\/de\/wp-json\/wp\/v2\/media?parent=9233"}],"curies":[{"name":"wp","href":"https:\/\/api.w.org\/{rel}","templated":true}]}}