{"id":9225,"date":"2024-07-05T09:10:26","date_gmt":"2024-07-05T09:10:26","guid":{"rendered":"https:\/\/herik.nl\/sinkerbuendel-kabel-und-rohre\/"},"modified":"2026-05-04T17:43:15","modified_gmt":"2026-05-04T17:43:15","slug":"sinkerbuendel-kabel-und-rohre","status":"publish","type":"page","link":"https:\/\/herik.nl\/de\/maerkte\/sinkerbuendel-kabel-und-rohre\/","title":{"rendered":"Sinkerb\u00fcndel, Kabel und Rohre"},"content":{"rendered":"\n<section class=\"section-afbeelding-met-golfscheiding\">\n    \t\t<div data-elementor-type=\"section\" data-elementor-id=\"9435\" class=\"elementor elementor-9435 elementor-1442\" data-elementor-post-type=\"elementor_library\">\n\t\t\t<div class=\"elementor-element elementor-element-2c557bc e-con-full e-flex aw-Hintergrundnormal e-con e-parent\" data-id=\"2c557bc\" data-element_type=\"container\" data-e-type=\"container\" id=\"aw-hero-img\" data-settings=\"{&quot;background_background&quot;:&quot;classic&quot;}\">\n\t\t\t\t<div class=\"elementor-element elementor-element-7dc8102 elementor-widget elementor-widget-image\" data-id=\"7dc8102\" data-element_type=\"widget\" data-e-type=\"widget\" data-widget_type=\"image.default\">\n\t\t\t\t<div class=\"elementor-widget-container\">\n\t\t\t\t\t\t\t\t\t\t\t\t\t\t\t<img decoding=\"async\" width=\"2560\" height=\"933\" src=\"https:\/\/herik.nl\/wp-content\/uploads\/2024\/12\/Van-den-Herik-Holands-Diep.jpg\" class=\"attachment-full size-full wp-image-8544\" alt=\"\" srcset=\"https:\/\/herik.nl\/wp-content\/uploads\/2024\/12\/Van-den-Herik-Holands-Diep.jpg 2560w, https:\/\/herik.nl\/wp-content\/uploads\/2024\/12\/Van-den-Herik-Holands-Diep-300x109.jpg 300w, https:\/\/herik.nl\/wp-content\/uploads\/2024\/12\/Van-den-Herik-Holands-Diep-1024x373.jpg 1024w, https:\/\/herik.nl\/wp-content\/uploads\/2024\/12\/Van-den-Herik-Holands-Diep-768x280.jpg 768w, https:\/\/herik.nl\/wp-content\/uploads\/2024\/12\/Van-den-Herik-Holands-Diep-1536x560.jpg 1536w, https:\/\/herik.nl\/wp-content\/uploads\/2024\/12\/Van-den-Herik-Holands-Diep-2048x746.jpg 2048w, https:\/\/herik.nl\/wp-content\/uploads\/2024\/12\/Van-den-Herik-Holands-Diep-574x209.jpg 574w, https:\/\/herik.nl\/wp-content\/uploads\/2024\/12\/Van-den-Herik-Holands-Diep-1918x699.jpg 1918w\" sizes=\"(max-width: 2560px) 100vw, 2560px\" \/>\t\t\t\t\t\t\t\t\t\t\t\t\t\t\t<\/div>\n\t\t\t\t<\/div>\n\t\t\t\t<\/div>\n\t\t\t\t<\/div>\n\t\t<\/section>\n<section class=\"section-titel-met-tekst-en-button-volledige-breedte\">\n    \t\t<div data-elementor-type=\"section\" data-elementor-id=\"9544\" class=\"elementor elementor-9544 elementor-297\" data-elementor-post-type=\"elementor_library\">\n\t\t\t<div class=\"elementor-element elementor-element-a15b6c7 e-con-full aw-kleur-wei\u00df  e-flex e-con e-parent\" data-id=\"a15b6c7\" data-element_type=\"container\" data-e-type=\"container\" data-settings=\"{&quot;background_background&quot;:&quot;classic&quot;}\">\n\t\t<div class=\"elementor-element elementor-element-61b1760 aw-subtext-container awBlok1 e-flex e-con-boxed e-con e-child\" data-id=\"61b1760\" data-element_type=\"container\" data-e-type=\"container\">\n\t\t\t\t\t<div class=\"e-con-inner\">\n\t\t\t\t<div class=\"elementor-element elementor-element-d5de06c Titel Links elementor-widget elementor-widget-heading\" data-id=\"d5de06c\" data-element_type=\"widget\" data-e-type=\"widget\" data-widget_type=\"heading.default\">\n\t\t\t\t<div class=\"elementor-widget-container\">\n\t\t\t\t\t<h1 class=\"elementor-heading-title elementor-size-default\">PLATINENB\u00dcNDEL, KABEL UND ROHRE<\/h1>\t\t\t\t<\/div>\n\t\t\t\t<\/div>\n\t\t\t\t<div class=\"elementor-element elementor-element-7b12747 contentBlok1 elementor-widget elementor-widget-text-editor\" data-id=\"7b12747\" data-element_type=\"widget\" data-e-type=\"widget\" data-widget_type=\"text-editor.default\">\n\t\t\t\t<div class=\"elementor-widget-container\">\n\t\t\t\t\t\t\t\t\t<p>Kabels en leidingen vormen een belangrijk onderdeel van onze infrastructuur en energienetwerken. Om schade door stroming, scheepvaart of mechanische belasting te voorkomen, is een goede bescherming onder water essentieel. Van den Herik verzorgt het afdekken of herstellen van de beschermlaag.<\/p>\n<p><strong>Op zee<\/strong><br \/>\nOp zee beschermen we kabels en leidingen door ze af te dekken met een beschermende laag. Op de Waddenzee gebeurt dit meestal met zand en klei. In andere gebieden passen we daarnaast stortsteen of betonblokkenmatten toe voor extra bescherming. Onze hoppers storten het zand via de bodemdeuren nauwkeurig over het trac\u00e9 van de kabel of leiding. Ook voeren we regelmatig <em>backfilling<\/em> uit. Daarbij vullen we ontstane kuilen of sleuven zeer precies op door zand met de zuigbuis van onze baggerschepen terug te storten op de juiste locatie.<\/p>\n<p>Onze hoppers zijn door hun geringe diepgang van circa zes meter en hun grote laadvermogen zeer geschikt voor werkzaamheden dicht langs de kust. Dankzij roerpropellers kunnen ze bovendien goed manoeuvreren.<\/p>\n<p><img decoding=\"async\" class=\"alignnone wp-image-5466 size-full\" src=\"https:\/\/herik.nl\/wp-content\/uploads\/2024\/08\/Windmolens-op-zee-e1741268577746.jpg\" alt=\"\" width=\"3000\" height=\"1265\" srcset=\"https:\/\/herik.nl\/wp-content\/uploads\/2024\/08\/Windmolens-op-zee-e1741268577746.jpg 3000w, https:\/\/herik.nl\/wp-content\/uploads\/2024\/08\/Windmolens-op-zee-e1741268577746-300x127.jpg 300w, https:\/\/herik.nl\/wp-content\/uploads\/2024\/08\/Windmolens-op-zee-e1741268577746-1024x432.jpg 1024w, https:\/\/herik.nl\/wp-content\/uploads\/2024\/08\/Windmolens-op-zee-e1741268577746-768x324.jpg 768w, https:\/\/herik.nl\/wp-content\/uploads\/2024\/08\/Windmolens-op-zee-e1741268577746-1536x648.jpg 1536w, https:\/\/herik.nl\/wp-content\/uploads\/2024\/08\/Windmolens-op-zee-e1741268577746-2048x864.jpg 2048w, https:\/\/herik.nl\/wp-content\/uploads\/2024\/08\/Windmolens-op-zee-e1741268577746-574x242.jpg 574w, https:\/\/herik.nl\/wp-content\/uploads\/2024\/08\/Windmolens-op-zee-e1741268577746-1918x809.jpg 1918w\" sizes=\"(max-width: 3000px) 100vw, 3000px\" \/><em>Onze schepen zijn zeer wendbaar en kunnen goed manoeuvreren in windmolenparken.<\/em><\/p>\n\t\t\t\t\t\t\t\t<\/div>\n\t\t\t\t<\/div>\n\t\t\t\t\t<\/div>\n\t\t\t\t<\/div>\n\t\t\t\t<\/div>\n\t\t\t\t<\/div>\n\t\t<\/section>\n<section class=\"section-afbeelding-met-tekst-rechts\">\n    \t\t<div data-elementor-type=\"section\" data-elementor-id=\"9476\" class=\"elementor elementor-9476 elementor-907\" data-elementor-post-type=\"elementor_library\">\n\t\t\t<div class=\"elementor-element elementor-element-72e6b7c e-flex e-con-boxed aw-kleur-gelb  e-con e-parent\" data-id=\"72e6b7c\" data-element_type=\"container\" data-e-type=\"container\">\n\t\t\t\t\t<div class=\"e-con-inner\">\n\t\t<div class=\"elementor-element elementor-element-8376fad e-con-full e-flex e-con e-child\" data-id=\"8376fad\" data-element_type=\"container\" data-e-type=\"container\" data-settings=\"{&quot;background_background&quot;:&quot;classic&quot;}\">\n\t\t\t\t<div class=\"elementor-element elementor-element-dff795c elementor-widget elementor-widget-image\" data-id=\"dff795c\" data-element_type=\"widget\" data-e-type=\"widget\" data-widget_type=\"image.default\">\n\t\t\t\t<div class=\"elementor-widget-container\">\n\t\t\t\t\t\t\t\t\t\t\t\t\t\t\t<img loading=\"lazy\" decoding=\"async\" width=\"1024\" height=\"576\" src=\"https:\/\/herik.nl\/wp-content\/uploads\/2026\/01\/YUN00045-1024x576.jpg\" class=\"attachment-large size-large wp-image-9999\" alt=\"\" srcset=\"https:\/\/herik.nl\/wp-content\/uploads\/2026\/01\/YUN00045-1024x576.jpg 1024w, https:\/\/herik.nl\/wp-content\/uploads\/2026\/01\/YUN00045-300x169.jpg 300w, https:\/\/herik.nl\/wp-content\/uploads\/2026\/01\/YUN00045-768x432.jpg 768w, https:\/\/herik.nl\/wp-content\/uploads\/2026\/01\/YUN00045-1536x864.jpg 1536w, https:\/\/herik.nl\/wp-content\/uploads\/2026\/01\/YUN00045-2048x1152.jpg 2048w, https:\/\/herik.nl\/wp-content\/uploads\/2026\/01\/YUN00045-574x323.jpg 574w, https:\/\/herik.nl\/wp-content\/uploads\/2026\/01\/YUN00045-1918x1079.jpg 1918w\" sizes=\"(max-width: 1024px) 100vw, 1024px\" \/>\t\t\t\t\t\t\t\t\t\t\t\t\t\t\t<\/div>\n\t\t\t\t<\/div>\n\t\t\t\t<\/div>\n\t\t<div class=\"elementor-element elementor-element-5a8be55 e-con-full e-flex e-con e-child\" data-id=\"5a8be55\" data-element_type=\"container\" data-e-type=\"container\">\n\t\t\t\t<div class=\"elementor-element elementor-element-5997e56 elementor-widget elementor-widget-text-editor\" data-id=\"5997e56\" data-element_type=\"widget\" data-e-type=\"widget\" data-widget_type=\"text-editor.default\">\n\t\t\t\t<div class=\"elementor-widget-container\">\n\t\t\t\t\t\t\t\t\t<p><strong>Arbeiten in flachem Wasser<\/strong><br \/>\nWenn ein Gebiet zu flach ist, um es mit einem Trichter zu erreichen, setzen wir einen Spritzponton ein. Der Sand wird dann \u00fcber eine schwimmende Rohrleitung vom Trichter zum Ponton transportiert und von dort aus an der gew\u00fcnschten Stelle ausgebracht. <\/p>\n<p>Ein solches Setup mit der Herik 33 als Spritzponton und der T.S.H.D. Charlock im Hintergrund ist hier zu sehen. Sie sind im Emskanal im Einsatz. <\/p>\n\t\t\t\t\t\t\t\t<\/div>\n\t\t\t\t<\/div>\n\t\t\t\t<div class=\"elementor-element elementor-element-d3590eb elementor-widget elementor-widget-shortcode\" data-id=\"d3590eb\" data-element_type=\"widget\" data-e-type=\"widget\" data-widget_type=\"shortcode.default\">\n\t\t\t\t<div class=\"elementor-widget-container\">\n\t\t\t\t\t\t\t<div class=\"elementor-shortcode\"><\/div>\n\t\t\t\t\t\t<\/div>\n\t\t\t\t<\/div>\n\t\t\t\t<\/div>\n\t\t\t\t\t<\/div>\n\t\t\t\t<\/div>\n\t\t\t\t<\/div>\n\t\t<\/section>\n<section class=\"section-afbeelding-rechts-tekst-links\">\n    \t\t<div data-elementor-type=\"section\" data-elementor-id=\"9644\" class=\"elementor elementor-9644 elementor-3441\" data-elementor-post-type=\"elementor_library\">\n\t\t\t<div class=\"elementor-element elementor-element-f16f88e e-flex e-con-boxed aw-kleur-wei\u00df  e-con e-parent\" data-id=\"f16f88e\" data-element_type=\"container\" data-e-type=\"container\">\n\t\t\t\t\t<div class=\"e-con-inner\">\n\t\t<div class=\"elementor-element elementor-element-4d66ba4 e-con-full e-flex e-con e-child\" data-id=\"4d66ba4\" data-element_type=\"container\" data-e-type=\"container\">\n\t\t\t\t<div class=\"elementor-element elementor-element-54287dc elementor-widget elementor-widget-text-editor\" data-id=\"54287dc\" data-element_type=\"widget\" data-e-type=\"widget\" data-widget_type=\"text-editor.default\">\n\t\t\t\t<div class=\"elementor-widget-container\">\n\t\t\t\t\t\t\t\t\t<p><strong>Auf Binnenwasserstra\u00dfen<br \/>\n<\/strong>In Fl\u00fcssen und Kan\u00e4len installieren wir regelm\u00e4\u00dfig Durchl\u00e4sse f\u00fcr Kabel und Rohre, zum Beispiel an Br\u00fccken und Schleusen. Dazu baggern wir zun\u00e4chst einen Graben aus, in den wir die Rohrleitung versenken. Anschlie\u00dfend decken wir den D\u00fcker mit Sand, Stein oder Betonblockmatten ab. Wir entfernen auch Kabel und Rohre, die nicht mehr in Gebrauch sind.   <\/p>\n<p><strong>Restaurierung bestehender Durchlassbauwerke<br \/>\n<\/strong>Ein Beispiel ist die Restaurierung des Hemelbeek-Durchlasses in Zusammenarbeit mit Van Vulpen unter dem Juliana-Kanal bei Elsloo. Dieses ca. 100 Meter lange Betonbauwerk aus den 1930er Jahren dient der Entw\u00e4sserung der Hemelbeek und als Durchlass f\u00fcr die Rohre des Industriekomplexes Chemelot. Im Zusammenhang mit der Verbreiterung des Kanals wurde das Bauwerk modifiziert und verst\u00e4rkt, damit es wieder jahrzehntelang sicher funktionieren kann.  <\/p>\n\t\t\t\t\t\t\t\t<\/div>\n\t\t\t\t<\/div>\n\t\t\t\t<\/div>\n\t\t<div class=\"elementor-element elementor-element-98972d8 e-con-full e-flex e-con e-child\" data-id=\"98972d8\" data-element_type=\"container\" data-e-type=\"container\" data-settings=\"{&quot;background_background&quot;:&quot;classic&quot;}\">\n\t\t\t\t<div class=\"elementor-element elementor-element-80e5166 elementor-widget elementor-widget-image\" data-id=\"80e5166\" data-element_type=\"widget\" data-e-type=\"widget\" data-widget_type=\"image.default\">\n\t\t\t\t<div class=\"elementor-widget-container\">\n\t\t\t\t\t\t\t\t\t\t\t\t\t\t\t<img loading=\"lazy\" decoding=\"async\" width=\"768\" height=\"1024\" src=\"https:\/\/herik.nl\/wp-content\/uploads\/2024\/08\/Verwijderen-zinkerleiding-Bokhoven-water--768x1024.jpg\" class=\"attachment-large size-large wp-image-8092\" alt=\"\" srcset=\"https:\/\/herik.nl\/wp-content\/uploads\/2024\/08\/Verwijderen-zinkerleiding-Bokhoven-water--768x1024.jpg 768w, https:\/\/herik.nl\/wp-content\/uploads\/2024\/08\/Verwijderen-zinkerleiding-Bokhoven-water--225x300.jpg 225w, https:\/\/herik.nl\/wp-content\/uploads\/2024\/08\/Verwijderen-zinkerleiding-Bokhoven-water--1152x1536.jpg 1152w, https:\/\/herik.nl\/wp-content\/uploads\/2024\/08\/Verwijderen-zinkerleiding-Bokhoven-water--574x765.jpg 574w, https:\/\/herik.nl\/wp-content\/uploads\/2024\/08\/Verwijderen-zinkerleiding-Bokhoven-water-.jpg 1536w\" sizes=\"(max-width: 768px) 100vw, 768px\" \/>\t\t\t\t\t\t\t\t\t\t\t\t\t\t\t<\/div>\n\t\t\t\t<\/div>\n\t\t\t\t<\/div>\n\t\t\t\t\t<\/div>\n\t\t\t\t<\/div>\n\t\t\t\t<\/div>\n\t\t<\/section>\n<section class=\"section-titel-met-video-simpel\">\n    \t\t<div data-elementor-type=\"section\" data-elementor-id=\"9517\" class=\"elementor elementor-9517 elementor-3940\" data-elementor-post-type=\"elementor_library\">\n\t\t\t<div class=\"elementor-element elementor-element-a104b63 e-flex e-con-boxed e-con e-parent\" data-id=\"a104b63\" data-element_type=\"container\" data-e-type=\"container\">\n\t\t\t\t\t<div class=\"e-con-inner\">\n\t\t\t\t<div class=\"elementor-element elementor-element-080a9ef Titel-zentriert elementor-widget elementor-widget-heading\" data-id=\"080a9ef\" data-element_type=\"widget\" data-e-type=\"widget\" data-widget_type=\"heading.default\">\n\t\t\t\t<div class=\"elementor-widget-container\">\n\t\t\t\t\t<h3 class=\"elementor-heading-title elementor-size-default\">Verst\u00e4rkung des Hemelbeek-D\u00fckers Julianakanaal Elsloo<\/h3>\t\t\t\t<\/div>\n\t\t\t\t<\/div>\n\t\t\t\t<div class=\"elementor-element elementor-element-22bac03 elementor-widget elementor-widget-video\" data-id=\"22bac03\" data-element_type=\"widget\" data-e-type=\"widget\" data-settings=\"{&quot;youtube_url&quot;:&quot;https:\\\/\\\/youtu.be\\\/dD05MPvoWzM?si=hyrwsNMo0AwRhgwz&quot;,&quot;video_type&quot;:&quot;youtube&quot;,&quot;controls&quot;:&quot;yes&quot;}\" data-widget_type=\"video.default\">\n\t\t\t\t<div class=\"elementor-widget-container\">\n\t\t\t\t\t\t\t<div class=\"elementor-wrapper elementor-open-inline\">\n\t\t\t<div class=\"elementor-video\"><\/div>\t\t<\/div>\n\t\t\t\t\t\t<\/div>\n\t\t\t\t<\/div>\n\t\t\t\t\t<\/div>\n\t\t\t\t<\/div>\n\t\t\t\t<\/div>\n\t\t<\/section>\n<section class=\"section-afbeelding-centraal-met-tekst\">\n    \t\t<div data-elementor-type=\"section\" data-elementor-id=\"9458\" class=\"elementor elementor-9458 elementor-638\" data-elementor-post-type=\"elementor_library\">\n\t\t\t<div class=\"elementor-element elementor-element-9da3d48 e-flex e-con-boxed aw-Farbe-gr\u00fcn e-con e-parent\" data-id=\"9da3d48\" data-element_type=\"container\" data-e-type=\"container\" id=\"aw-afbeelding-met-tekst\" data-settings=\"{&quot;background_background&quot;:&quot;classic&quot;}\">\n\t\t\t\t\t<div class=\"e-con-inner\">\n\t\t<div class=\"elementor-element elementor-element-b4729a8 e-con-full e-flex e-con e-child\" data-id=\"b4729a8\" data-element_type=\"container\" data-e-type=\"container\" data-settings=\"{&quot;background_background&quot;:&quot;classic&quot;}\">\n\t\t<div class=\"elementor-element elementor-element-c2064c3 e-con-full awTekstvlakBlok6 e-flex e-con e-child\" data-id=\"c2064c3\" data-element_type=\"container\" data-e-type=\"container\" id=\"aw-afbeelding-banner\" data-settings=\"{&quot;background_background&quot;:&quot;classic&quot;}\">\n\t\t\t\t<div class=\"elementor-element elementor-element-1cdc4eb elementor-widget elementor-widget-heading\" data-id=\"1cdc4eb\" data-element_type=\"widget\" data-e-type=\"widget\" data-widget_type=\"heading.default\">\n\t\t\t\t<div class=\"elementor-widget-container\">\n\t\t\t\t\t<h3 class=\"elementor-heading-title elementor-size-default\">Wussten Sie das?<\/h3>\t\t\t\t<\/div>\n\t\t\t\t<\/div>\n\t\t\t\t<div class=\"elementor-element elementor-element-24a8bac elementor-widget elementor-widget-text-editor\" data-id=\"24a8bac\" data-element_type=\"widget\" data-e-type=\"widget\" data-widget_type=\"text-editor.default\">\n\t\t\t\t<div class=\"elementor-widget-container\">\n\t\t\t\t\t\t\t\t\t<p>Mit ihrem begrenzten Tiefgang und ihrer Man\u00f6vrierf\u00e4higkeit sind unsere seeg\u00e4ngigen Hopperbagger Charlock und Christophorus ideal f\u00fcr Bagger- und Auff\u00fcllungsarbeiten in K\u00fcstenn\u00e4he geeignet.<\/p>\n\t\t\t\t\t\t\t\t<\/div>\n\t\t\t\t<\/div>\n\t\t\t\t<div class=\"elementor-element elementor-element-790a76e elementor-align-left aw-text-button elementor-widget elementor-widget-button\" data-id=\"790a76e\" data-element_type=\"widget\" data-e-type=\"widget\" data-widget_type=\"button.default\">\n\t\t\t\t<div class=\"elementor-widget-container\">\n\t\t\t\t\t\t\t\t\t<div class=\"elementor-button-wrapper\">\n\t\t\t\t\t<a class=\"elementor-button elementor-button-link elementor-size-sm\" href=\"https:\/\/herik.nl\/de\/projecten\/selektive-extraktion-ijmuiden\/\">\n\t\t\t\t\t\t<span class=\"elementor-button-content-wrapper\">\n\t\t\t\t\t\t<span class=\"elementor-button-icon\">\n\t\t\t\t<svg xmlns=\"http:\/\/www.w3.org\/2000\/svg\" viewBox=\"0 0 32 32\"><title>92-Arrow Right<\/title><g id=\"_92-Arrow_Right\" data-name=\"92-Arrow Right\"><path d=\"M16,32A16,16,0,1,1,32,16,16,16,0,0,1,16,32ZM16,2A14,14,0,1,0,30,16,14,14,0,0,0,16,2Z\"><\/path><path d=\"M13.71,24.71l-1.41-1.41L19.59,16,12.29,8.71l1.41-1.41,8,8a1,1,0,0,1,0,1.41Z\"><\/path><\/g><\/svg>\t\t\t<\/span>\n\t\t\t\t\t\t\t\t\t<span class=\"elementor-button-text\">Lesen Sie mehr \u00fcber unsere Spezialbaggerarbeiten<\/span>\n\t\t\t\t\t<\/span>\n\t\t\t\t\t<\/a>\n\t\t\t\t<\/div>\n\t\t\t\t\t\t\t\t<\/div>\n\t\t\t\t<\/div>\n\t\t<div class=\"elementor-element elementor-element-b9363d4 e-con-full blok6Img e-flex e-con e-child\" data-id=\"b9363d4\" data-element_type=\"container\" data-e-type=\"container\" data-settings=\"{&quot;position&quot;:&quot;absolute&quot;}\">\n\t\t\t\t<\/div>\n\t\t\t\t<\/div>\n\t\t\t\t<\/div>\n\t\t\t\t\t<\/div>\n\t\t\t\t<\/div>\n\t\t\t\t<\/div>\n\t\t<\/section>\n<section class=\"section-afbeelding-met-golfscheiding\">\n    \t\t<div data-elementor-type=\"section\" data-elementor-id=\"9435\" class=\"elementor elementor-9435 elementor-1442\" data-elementor-post-type=\"elementor_library\">\n\t\t\t<div class=\"elementor-element elementor-element-2c557bc e-con-full e-flex aw-Hintergrundnormal e-con e-parent\" data-id=\"2c557bc\" data-element_type=\"container\" data-e-type=\"container\" id=\"aw-hero-img\" data-settings=\"{&quot;background_background&quot;:&quot;classic&quot;}\">\n\t\t\t\t<\/div>\n\t\t\t\t<\/div>\n\t\t<\/section>","protected":false},"excerpt":{"rendered":"","protected":false},"author":1,"featured_media":0,"parent":9422,"menu_order":105,"comment_status":"closed","ping_status":"closed","template":"","meta":{"_acf_changed":false,"footnotes":""},"class_list":["post-9225","page","type-page","status-publish","hentry"],"acf":[],"yoast_head":"<!-- This site is optimized with the Yoast SEO plugin v27.5 - https:\/\/yoast.com\/product\/yoast-seo-wordpress\/ -->\n<title>Sinkerb\u00fcndel, Kabel und Rohre - van den Herik Sliedrecht<\/title>\n<meta name=\"robots\" content=\"index, follow, max-snippet:-1, max-image-preview:large, max-video-preview:-1\" \/>\n<link rel=\"canonical\" href=\"https:\/\/herik.nl\/de\/maerkte\/sinkerbuendel-kabel-und-rohre\/\" \/>\n<meta property=\"og:locale\" content=\"de_DE\" \/>\n<meta property=\"og:type\" content=\"article\" \/>\n<meta property=\"og:title\" content=\"Sinkerb\u00fcndel, Kabel und Rohre - van den Herik Sliedrecht\" \/>\n<meta property=\"og:url\" content=\"https:\/\/herik.nl\/de\/maerkte\/sinkerbuendel-kabel-und-rohre\/\" \/>\n<meta property=\"og:site_name\" content=\"van den Herik Sliedrecht\" \/>\n<meta property=\"article:modified_time\" content=\"2026-05-04T17:43:15+00:00\" \/>\n<meta name=\"twitter:card\" content=\"summary_large_image\" \/>\n<script type=\"application\/ld+json\" class=\"yoast-schema-graph\">{\"@context\":\"https:\\\/\\\/schema.org\",\"@graph\":[{\"@type\":\"WebPage\",\"@id\":\"https:\\\/\\\/herik.nl\\\/de\\\/maerkte\\\/sinkerbuendel-kabel-und-rohre\\\/\",\"url\":\"https:\\\/\\\/herik.nl\\\/de\\\/maerkte\\\/sinkerbuendel-kabel-und-rohre\\\/\",\"name\":\"Sinkerb\u00fcndel, Kabel und Rohre - van den Herik Sliedrecht\",\"isPartOf\":{\"@id\":\"https:\\\/\\\/herik.nl\\\/de\\\/#website\"},\"datePublished\":\"2024-07-05T09:10:26+00:00\",\"dateModified\":\"2026-05-04T17:43:15+00:00\",\"breadcrumb\":{\"@id\":\"https:\\\/\\\/herik.nl\\\/de\\\/maerkte\\\/sinkerbuendel-kabel-und-rohre\\\/#breadcrumb\"},\"inLanguage\":\"de\",\"potentialAction\":[{\"@type\":\"ReadAction\",\"target\":[\"https:\\\/\\\/herik.nl\\\/de\\\/maerkte\\\/sinkerbuendel-kabel-und-rohre\\\/\"]}]},{\"@type\":\"BreadcrumbList\",\"@id\":\"https:\\\/\\\/herik.nl\\\/de\\\/maerkte\\\/sinkerbuendel-kabel-und-rohre\\\/#breadcrumb\",\"itemListElement\":[{\"@type\":\"ListItem\",\"position\":1,\"name\":\"Home\",\"item\":\"https:\\\/\\\/herik.nl\\\/de\\\/voorbeeld-pagina\\\/\"},{\"@type\":\"ListItem\",\"position\":2,\"name\":\"M\u00e4rkte\",\"item\":\"https:\\\/\\\/herik.nl\\\/de\\\/maerkte\\\/\"},{\"@type\":\"ListItem\",\"position\":3,\"name\":\"Sinkerb\u00fcndel, Kabel und Rohre\"}]},{\"@type\":\"WebSite\",\"@id\":\"https:\\\/\\\/herik.nl\\\/de\\\/#website\",\"url\":\"https:\\\/\\\/herik.nl\\\/de\\\/\",\"name\":\"van den Herik Sliedrecht\",\"description\":\"\",\"potentialAction\":[{\"@type\":\"SearchAction\",\"target\":{\"@type\":\"EntryPoint\",\"urlTemplate\":\"https:\\\/\\\/herik.nl\\\/de\\\/?s={search_term_string}\"},\"query-input\":{\"@type\":\"PropertyValueSpecification\",\"valueRequired\":true,\"valueName\":\"search_term_string\"}}],\"inLanguage\":\"de\"}]}<\/script>\n<!-- \/ Yoast SEO plugin. -->","yoast_head_json":{"title":"Sinkerb\u00fcndel, Kabel und Rohre - van den Herik Sliedrecht","robots":{"index":"index","follow":"follow","max-snippet":"max-snippet:-1","max-image-preview":"max-image-preview:large","max-video-preview":"max-video-preview:-1"},"canonical":"https:\/\/herik.nl\/de\/maerkte\/sinkerbuendel-kabel-und-rohre\/","og_locale":"de_DE","og_type":"article","og_title":"Sinkerb\u00fcndel, Kabel und Rohre - van den Herik Sliedrecht","og_url":"https:\/\/herik.nl\/de\/maerkte\/sinkerbuendel-kabel-und-rohre\/","og_site_name":"van den Herik Sliedrecht","article_modified_time":"2026-05-04T17:43:15+00:00","twitter_card":"summary_large_image","schema":{"@context":"https:\/\/schema.org","@graph":[{"@type":"WebPage","@id":"https:\/\/herik.nl\/de\/maerkte\/sinkerbuendel-kabel-und-rohre\/","url":"https:\/\/herik.nl\/de\/maerkte\/sinkerbuendel-kabel-und-rohre\/","name":"Sinkerb\u00fcndel, Kabel und Rohre - van den Herik Sliedrecht","isPartOf":{"@id":"https:\/\/herik.nl\/de\/#website"},"datePublished":"2024-07-05T09:10:26+00:00","dateModified":"2026-05-04T17:43:15+00:00","breadcrumb":{"@id":"https:\/\/herik.nl\/de\/maerkte\/sinkerbuendel-kabel-und-rohre\/#breadcrumb"},"inLanguage":"de","potentialAction":[{"@type":"ReadAction","target":["https:\/\/herik.nl\/de\/maerkte\/sinkerbuendel-kabel-und-rohre\/"]}]},{"@type":"BreadcrumbList","@id":"https:\/\/herik.nl\/de\/maerkte\/sinkerbuendel-kabel-und-rohre\/#breadcrumb","itemListElement":[{"@type":"ListItem","position":1,"name":"Home","item":"https:\/\/herik.nl\/de\/voorbeeld-pagina\/"},{"@type":"ListItem","position":2,"name":"M\u00e4rkte","item":"https:\/\/herik.nl\/de\/maerkte\/"},{"@type":"ListItem","position":3,"name":"Sinkerb\u00fcndel, Kabel und Rohre"}]},{"@type":"WebSite","@id":"https:\/\/herik.nl\/de\/#website","url":"https:\/\/herik.nl\/de\/","name":"van den Herik Sliedrecht","description":"","potentialAction":[{"@type":"SearchAction","target":{"@type":"EntryPoint","urlTemplate":"https:\/\/herik.nl\/de\/?s={search_term_string}"},"query-input":{"@type":"PropertyValueSpecification","valueRequired":true,"valueName":"search_term_string"}}],"inLanguage":"de"}]}},"_links":{"self":[{"href":"https:\/\/herik.nl\/de\/wp-json\/wp\/v2\/pages\/9225","targetHints":{"allow":["GET"]}}],"collection":[{"href":"https:\/\/herik.nl\/de\/wp-json\/wp\/v2\/pages"}],"about":[{"href":"https:\/\/herik.nl\/de\/wp-json\/wp\/v2\/types\/page"}],"author":[{"embeddable":true,"href":"https:\/\/herik.nl\/de\/wp-json\/wp\/v2\/users\/1"}],"replies":[{"embeddable":true,"href":"https:\/\/herik.nl\/de\/wp-json\/wp\/v2\/comments?post=9225"}],"version-history":[{"count":5,"href":"https:\/\/herik.nl\/de\/wp-json\/wp\/v2\/pages\/9225\/revisions"}],"predecessor-version":[{"id":11204,"href":"https:\/\/herik.nl\/de\/wp-json\/wp\/v2\/pages\/9225\/revisions\/11204"}],"up":[{"embeddable":true,"href":"https:\/\/herik.nl\/de\/wp-json\/wp\/v2\/pages\/9422"}],"wp:attachment":[{"href":"https:\/\/herik.nl\/de\/wp-json\/wp\/v2\/media?parent=9225"}],"curies":[{"name":"wp","href":"https:\/\/api.w.org\/{rel}","templated":true}]}}