{"id":11206,"date":"2026-03-02T17:08:58","date_gmt":"2026-03-02T17:08:58","guid":{"rendered":"https:\/\/herik.nl\/stahlkonstruktionen\/"},"modified":"2026-05-04T17:43:15","modified_gmt":"2026-05-04T17:43:15","slug":"stahlkonstruktionen","status":"publish","type":"page","link":"https:\/\/herik.nl\/de\/stahlkonstruktionen\/","title":{"rendered":"Stahlkonstruktionen"},"content":{"rendered":"\n<section class=\"section-afbeelding-met-golfscheiding\">\n    \t\t<div data-elementor-type=\"section\" data-elementor-id=\"9435\" class=\"elementor elementor-9435 elementor-1442\" data-elementor-post-type=\"elementor_library\">\n\t\t\t<div class=\"elementor-element elementor-element-2c557bc e-con-full e-flex aw-Hintergrundnormal e-con e-parent\" data-id=\"2c557bc\" data-element_type=\"container\" data-e-type=\"container\" id=\"aw-hero-img\" data-settings=\"{&quot;background_background&quot;:&quot;classic&quot;}\">\n\t\t\t\t<div class=\"elementor-element elementor-element-7dc8102 elementor-widget elementor-widget-image\" data-id=\"7dc8102\" data-element_type=\"widget\" data-e-type=\"widget\" data-widget_type=\"image.default\">\n\t\t\t\t<div class=\"elementor-widget-container\">\n\t\t\t\t\t\t\t\t\t\t\t\t\t\t\t<img decoding=\"async\" width=\"1920\" height=\"700\" src=\"https:\/\/herik.nl\/wp-content\/uploads\/2026\/03\/loopbrug-julianakanaal.jpg\" class=\"attachment-full size-full wp-image-10288\" alt=\"\" srcset=\"https:\/\/herik.nl\/wp-content\/uploads\/2026\/03\/loopbrug-julianakanaal.jpg 1920w, https:\/\/herik.nl\/wp-content\/uploads\/2026\/03\/loopbrug-julianakanaal-300x109.jpg 300w, https:\/\/herik.nl\/wp-content\/uploads\/2026\/03\/loopbrug-julianakanaal-1024x373.jpg 1024w, https:\/\/herik.nl\/wp-content\/uploads\/2026\/03\/loopbrug-julianakanaal-768x280.jpg 768w, https:\/\/herik.nl\/wp-content\/uploads\/2026\/03\/loopbrug-julianakanaal-1536x560.jpg 1536w, https:\/\/herik.nl\/wp-content\/uploads\/2026\/03\/loopbrug-julianakanaal-574x209.jpg 574w, https:\/\/herik.nl\/wp-content\/uploads\/2026\/03\/loopbrug-julianakanaal-1918x699.jpg 1918w\" sizes=\"(max-width: 1920px) 100vw, 1920px\" \/>\t\t\t\t\t\t\t\t\t\t\t\t\t\t\t<\/div>\n\t\t\t\t<\/div>\n\t\t\t\t<\/div>\n\t\t\t\t<\/div>\n\t\t<\/section>\n<section class=\"section-titel-met-tekst-en-button-volledige-breedte\">\n    \t\t<div data-elementor-type=\"section\" data-elementor-id=\"9544\" class=\"elementor elementor-9544 elementor-297\" data-elementor-post-type=\"elementor_library\">\n\t\t\t<div class=\"elementor-element elementor-element-a15b6c7 e-con-full aw-kleur-wei\u00df  e-flex e-con e-parent\" data-id=\"a15b6c7\" data-element_type=\"container\" data-e-type=\"container\" id=\"possibleHomepageGolf  Leerraum am unteren Rand ausschalten\" data-settings=\"{&quot;background_background&quot;:&quot;classic&quot;}\">\n\t\t<div class=\"elementor-element elementor-element-61b1760 aw-subtext-container awBlok1 e-flex e-con-boxed e-con e-child\" data-id=\"61b1760\" data-element_type=\"container\" data-e-type=\"container\">\n\t\t\t\t\t<div class=\"e-con-inner\">\n\t\t\t\t<div class=\"elementor-element elementor-element-d5de06c Titel Links elementor-widget elementor-widget-heading\" data-id=\"d5de06c\" data-element_type=\"widget\" data-e-type=\"widget\" data-widget_type=\"heading.default\">\n\t\t\t\t<div class=\"elementor-widget-container\">\n\t\t\t\t\t<h1 class=\"elementor-heading-title elementor-size-default\">Zivile Stahlkonstruktionen<\/h1>\t\t\t\t<\/div>\n\t\t\t\t<\/div>\n\t\t\t\t<div class=\"elementor-element elementor-element-7b12747 contentBlok1 elementor-widget elementor-widget-text-editor\" data-id=\"7b12747\" data-element_type=\"widget\" data-e-type=\"widget\" data-widget_type=\"text-editor.default\">\n\t\t\t\t<div class=\"elementor-widget-container\">\n\t\t\t\t\t\t\t\t\t<p><strong>Stahlkonstruktionen spielen bei unseren Projekten oft eine wichtige Rolle. Sie werden f\u00fcr Br\u00fccken, Schleusen, D\u00e4mme, Fender, Landungsbr\u00fccken und andere Wasserbau- und Infrastrukturbauten verwendet. In Anbetracht der Ersatz- und Renovierungsaufgaben, denen wir als Branche gegen\u00fcberstehen, steigt die Nachfrage nach Bauarbeiten.  <\/strong><\/p>\n<p>Seit 2025 verf\u00fcgen wir \u00fcber eine eigene Bauabteilung. Van den Herik baut zivile Stahlkonstruktionen f\u00fcr eine Vielzahl von Projekten im Bereich Wasserbau und Infrastruktur. Vom Neubau bis zum Ersatz oder der Renovierung bestehender Bauwerke. Wir arbeiten eng mit Kunden, Ingenieurb\u00fcros und anderen Partnern zusammen, um sichere, effiziente und nachhaltige L\u00f6sungen zu erzielen.    Indem wir den Stahlbau in unsere Projekte integrieren, bieten wir unseren Kunden maximale Sicherheit in Bezug auf Qualit\u00e4t, Planung und Lebensdauer.<\/p>\n\t\t\t\t\t\t\t\t<\/div>\n\t\t\t\t<\/div>\n\t\t\t\t\t<\/div>\n\t\t\t\t<\/div>\n\t\t\t\t<\/div>\n\t\t\t\t<\/div>\n\t\t<\/section>\n<section class=\"section-afbeelding-rechts-tekst-links\">\n    \t\t<div data-elementor-type=\"section\" data-elementor-id=\"9644\" class=\"elementor elementor-9644 elementor-3441\" data-elementor-post-type=\"elementor_library\">\n\t\t\t<div class=\"elementor-element elementor-element-f16f88e e-flex e-con-boxed aw-kleur-wei\u00df  e-con e-parent\" data-id=\"f16f88e\" data-element_type=\"container\" data-e-type=\"container\" id=\"Wei\u00dfen Raum oben ausschalten\">\n\t\t\t\t\t<div class=\"e-con-inner\">\n\t\t<div class=\"elementor-element elementor-element-4d66ba4 e-con-full e-flex e-con e-child\" data-id=\"4d66ba4\" data-element_type=\"container\" data-e-type=\"container\">\n\t\t\t\t<div class=\"elementor-element elementor-element-fcdbb85 elementor-widget elementor-widget-heading\" data-id=\"fcdbb85\" data-element_type=\"widget\" data-e-type=\"widget\" data-widget_type=\"heading.default\">\n\t\t\t\t<div class=\"elementor-widget-container\">\n\t\t\t\t\t<h2 class=\"elementor-heading-title elementor-size-default\">Vom Engineering bis zur Montage<\/h2>\t\t\t\t<\/div>\n\t\t\t\t<\/div>\n\t\t\t\t<div class=\"elementor-element elementor-element-54287dc elementor-widget elementor-widget-text-editor\" data-id=\"54287dc\" data-element_type=\"widget\" data-e-type=\"widget\" data-widget_type=\"text-editor.default\">\n\t\t\t\t<div class=\"elementor-widget-container\">\n\t\t\t\t\t\t\t\t\t<p>Stahl bietet gro\u00dfe Gestaltungsfreiheit, hohe Festigkeit und eine lange Lebensdauer. In Kombination mit unserem Wissen \u00fcber Wasserbau und Ausf\u00fchrung realisieren wir Konstruktionen, die schweren Lasten und intensiver Nutzung standhalten. <\/p>\n<p>Unsere Stahlbauprojekte beginnen mit einer gut durchdachten Tragwerksplanung. Wir f\u00fchren das Engineering und die Berechnungen in \u00dcbereinstimmung mit den geltenden Normen durch, einschlie\u00dflich Eurocode 3 (NEN-EN 1993). Je nach Projekt f\u00fchren wir es selbst mit unseren Spezialisten oder in enger Zusammenarbeit mit festen Kettenpartnern durch.  <\/p>\n\t\t\t\t\t\t\t\t<\/div>\n\t\t\t\t<\/div>\n\t\t\t\t<\/div>\n\t\t<div class=\"elementor-element elementor-element-98972d8 e-con-full e-flex e-con e-child\" data-id=\"98972d8\" data-element_type=\"container\" data-e-type=\"container\" data-settings=\"{&quot;background_background&quot;:&quot;classic&quot;}\">\n\t\t\t\t<div class=\"elementor-element elementor-element-80e5166 elementor-widget elementor-widget-image\" data-id=\"80e5166\" data-element_type=\"widget\" data-e-type=\"widget\" data-widget_type=\"image.default\">\n\t\t\t\t<div class=\"elementor-widget-container\">\n\t\t\t\t\t\t\t\t\t\t\t\t\t\t\t<img decoding=\"async\" width=\"600\" height=\"600\" src=\"https:\/\/herik.nl\/wp-content\/uploads\/2026\/03\/Loopbrug-Juka.jpg\" class=\"attachment-large size-large wp-image-10304\" alt=\"\" srcset=\"https:\/\/herik.nl\/wp-content\/uploads\/2026\/03\/Loopbrug-Juka.jpg 600w, https:\/\/herik.nl\/wp-content\/uploads\/2026\/03\/Loopbrug-Juka-300x300.jpg 300w, https:\/\/herik.nl\/wp-content\/uploads\/2026\/03\/Loopbrug-Juka-150x150.jpg 150w, https:\/\/herik.nl\/wp-content\/uploads\/2026\/03\/Loopbrug-Juka-574x574.jpg 574w\" sizes=\"(max-width: 600px) 100vw, 600px\" \/>\t\t\t\t\t\t\t\t\t\t\t\t\t\t\t<\/div>\n\t\t\t\t<\/div>\n\t\t\t\t<\/div>\n\t\t\t\t\t<\/div>\n\t\t\t\t<\/div>\n\t\t\t\t<\/div>\n\t\t<\/section>\n<section class=\"section-titel-met-tekst-en-button-volledige-breedte\">\n    \t\t<div data-elementor-type=\"section\" data-elementor-id=\"9544\" class=\"elementor elementor-9544 elementor-297\" data-elementor-post-type=\"elementor_library\">\n\t\t\t<div class=\"elementor-element elementor-element-a15b6c7 e-con-full aw-kleur-gr\u00fcn Golf onder  e-flex e-con e-parent\" data-id=\"a15b6c7\" data-element_type=\"container\" data-e-type=\"container\" data-settings=\"{&quot;background_background&quot;:&quot;classic&quot;}\">\n\t\t<div class=\"elementor-element elementor-element-61b1760 aw-subtext-container awBlok1 e-flex e-con-boxed e-con e-child\" data-id=\"61b1760\" data-element_type=\"container\" data-e-type=\"container\">\n\t\t\t\t\t<div class=\"e-con-inner\">\n\t\t\t\t<div class=\"elementor-element elementor-element-d5de06c Titel Links elementor-widget elementor-widget-heading\" data-id=\"d5de06c\" data-element_type=\"widget\" data-e-type=\"widget\" data-widget_type=\"heading.default\">\n\t\t\t\t<div class=\"elementor-widget-container\">\n\t\t\t\t\t<h3 class=\"elementor-heading-title elementor-size-default\">EN 1090 zertifizierte Stahlkonstruktion<\/h3>\t\t\t\t<\/div>\n\t\t\t\t<\/div>\n\t\t\t\t<div class=\"elementor-element elementor-element-7b12747 contentBlok1 elementor-widget elementor-widget-text-editor\" data-id=\"7b12747\" data-element_type=\"widget\" data-e-type=\"widget\" data-widget_type=\"text-editor.default\">\n\t\t\t\t<div class=\"elementor-widget-container\">\n\t\t\t\t\t\t\t\t\t<p>We werken volgens een gecertificeerd managementsysteem voor staalbouw. Onze staalconstructies worden gerealiseerd conform EN 1090\u20111.<\/p>\n<p>Dit betekent dat onder andere:<\/p>\n<ul>\n<li>materiaalkeuze en traceerbaarheid zijn geborgd<\/li>\n<li>lasprocessen aantoonbaar worden beheerst<\/li>\n<li>keuringen en controles zijn vastgelegd<\/li>\n<li>kwaliteit reproduceerbaar en verifieerbaar is<\/li>\n<\/ul>\n<p>Hiermee voldoen onze staalconstructies aan de hoge eisen die worden gesteld aan civiele kunstwerken en infrastructuurprojecten.<\/p>\n<p><strong>Duurzaam en toekomstgericht<br \/>\n<\/strong>Bij de inzet van staal kijken wij verder dan alleen de constructieve functie. Waar mogelijk houden we rekening met duurzaamheid, circulariteit en hergebruik van staalconstructies. Dit sluit aan bij onze bredere duurzaamheidsambities en bij actuele ontwikkelingen binnen de civiele sector. Door bewuste materiaalkeuzes en een doordacht ontwerp dragen onze staalconstructies bij aan een lange levensduur en een lagere milieubelasting.<\/p>\n<p><img loading=\"lazy\" decoding=\"async\" class=\"alignnone wp-image-10390 size-full\" src=\"https:\/\/herik.nl\/wp-content\/uploads\/2026\/03\/1100x500px.jpg\" alt=\"\" width=\"1200\" height=\"500\" srcset=\"https:\/\/herik.nl\/wp-content\/uploads\/2026\/03\/1100x500px.jpg 1200w, https:\/\/herik.nl\/wp-content\/uploads\/2026\/03\/1100x500px-300x125.jpg 300w, https:\/\/herik.nl\/wp-content\/uploads\/2026\/03\/1100x500px-1024x427.jpg 1024w, https:\/\/herik.nl\/wp-content\/uploads\/2026\/03\/1100x500px-768x320.jpg 768w, https:\/\/herik.nl\/wp-content\/uploads\/2026\/03\/1100x500px-574x239.jpg 574w\" sizes=\"(max-width: 1200px) 100vw, 1200px\" \/><\/p>\n\t\t\t\t\t\t\t\t<\/div>\n\t\t\t\t<\/div>\n\t\t\t\t\t<\/div>\n\t\t\t\t<\/div>\n\t\t\t\t<\/div>\n\t\t\t\t<\/div>\n\t\t<\/section>","protected":false},"excerpt":{"rendered":"","protected":false},"author":9,"featured_media":0,"parent":0,"menu_order":19,"comment_status":"closed","ping_status":"closed","template":"","meta":{"_acf_changed":false,"footnotes":""},"class_list":["post-11206","page","type-page","status-publish","hentry"],"acf":[],"yoast_head":"<!-- This site is optimized with the Yoast SEO plugin v27.5 - https:\/\/yoast.com\/product\/yoast-seo-wordpress\/ -->\n<title>Stahlkonstruktionen - van den Herik Sliedrecht<\/title>\n<meta name=\"description\" content=\"Stahlkonstruktionen spielen bei unseren Projekten oft eine wichtige Rolle. Seit 2025 verf\u00fcgt Van den Herik \u00fcber eine eigene Bauabteilung.\" \/>\n<meta name=\"robots\" content=\"index, follow, max-snippet:-1, max-image-preview:large, max-video-preview:-1\" \/>\n<link rel=\"canonical\" href=\"https:\/\/herik.nl\/de\/stahlkonstruktionen\/\" \/>\n<meta property=\"og:locale\" content=\"de_DE\" \/>\n<meta property=\"og:type\" content=\"article\" \/>\n<meta property=\"og:title\" content=\"Stahlkonstruktionen - van den Herik Sliedrecht\" \/>\n<meta property=\"og:description\" content=\"Stahlkonstruktionen spielen bei unseren Projekten oft eine wichtige Rolle. Seit 2025 verf\u00fcgt Van den Herik \u00fcber eine eigene Bauabteilung.\" \/>\n<meta property=\"og:url\" content=\"https:\/\/herik.nl\/de\/stahlkonstruktionen\/\" \/>\n<meta property=\"og:site_name\" content=\"van den Herik Sliedrecht\" \/>\n<meta property=\"article:modified_time\" content=\"2026-05-04T17:43:15+00:00\" \/>\n<meta name=\"twitter:card\" content=\"summary_large_image\" \/>\n<script type=\"application\/ld+json\" class=\"yoast-schema-graph\">{\"@context\":\"https:\\\/\\\/schema.org\",\"@graph\":[{\"@type\":\"WebPage\",\"@id\":\"https:\\\/\\\/herik.nl\\\/de\\\/stahlkonstruktionen\\\/\",\"url\":\"https:\\\/\\\/herik.nl\\\/de\\\/stahlkonstruktionen\\\/\",\"name\":\"Stahlkonstruktionen - van den Herik Sliedrecht\",\"isPartOf\":{\"@id\":\"https:\\\/\\\/herik.nl\\\/de\\\/#website\"},\"datePublished\":\"2026-03-02T17:08:58+00:00\",\"dateModified\":\"2026-05-04T17:43:15+00:00\",\"description\":\"Stahlkonstruktionen spielen bei unseren Projekten oft eine wichtige Rolle. Seit 2025 verf\u00fcgt Van den Herik \u00fcber eine eigene Bauabteilung.\",\"breadcrumb\":{\"@id\":\"https:\\\/\\\/herik.nl\\\/de\\\/stahlkonstruktionen\\\/#breadcrumb\"},\"inLanguage\":\"de\",\"potentialAction\":[{\"@type\":\"ReadAction\",\"target\":[\"https:\\\/\\\/herik.nl\\\/de\\\/stahlkonstruktionen\\\/\"]}]},{\"@type\":\"BreadcrumbList\",\"@id\":\"https:\\\/\\\/herik.nl\\\/de\\\/stahlkonstruktionen\\\/#breadcrumb\",\"itemListElement\":[{\"@type\":\"ListItem\",\"position\":1,\"name\":\"Home\",\"item\":\"https:\\\/\\\/herik.nl\\\/de\\\/voorbeeld-pagina\\\/\"},{\"@type\":\"ListItem\",\"position\":2,\"name\":\"Stahlkonstruktionen\"}]},{\"@type\":\"WebSite\",\"@id\":\"https:\\\/\\\/herik.nl\\\/de\\\/#website\",\"url\":\"https:\\\/\\\/herik.nl\\\/de\\\/\",\"name\":\"van den Herik Sliedrecht\",\"description\":\"\",\"potentialAction\":[{\"@type\":\"SearchAction\",\"target\":{\"@type\":\"EntryPoint\",\"urlTemplate\":\"https:\\\/\\\/herik.nl\\\/de\\\/?s={search_term_string}\"},\"query-input\":{\"@type\":\"PropertyValueSpecification\",\"valueRequired\":true,\"valueName\":\"search_term_string\"}}],\"inLanguage\":\"de\"}]}<\/script>\n<!-- \/ Yoast SEO plugin. -->","yoast_head_json":{"title":"Stahlkonstruktionen - van den Herik Sliedrecht","description":"Stahlkonstruktionen spielen bei unseren Projekten oft eine wichtige Rolle. Seit 2025 verf\u00fcgt Van den Herik \u00fcber eine eigene Bauabteilung.","robots":{"index":"index","follow":"follow","max-snippet":"max-snippet:-1","max-image-preview":"max-image-preview:large","max-video-preview":"max-video-preview:-1"},"canonical":"https:\/\/herik.nl\/de\/stahlkonstruktionen\/","og_locale":"de_DE","og_type":"article","og_title":"Stahlkonstruktionen - van den Herik Sliedrecht","og_description":"Stahlkonstruktionen spielen bei unseren Projekten oft eine wichtige Rolle. Seit 2025 verf\u00fcgt Van den Herik \u00fcber eine eigene Bauabteilung.","og_url":"https:\/\/herik.nl\/de\/stahlkonstruktionen\/","og_site_name":"van den Herik Sliedrecht","article_modified_time":"2026-05-04T17:43:15+00:00","twitter_card":"summary_large_image","schema":{"@context":"https:\/\/schema.org","@graph":[{"@type":"WebPage","@id":"https:\/\/herik.nl\/de\/stahlkonstruktionen\/","url":"https:\/\/herik.nl\/de\/stahlkonstruktionen\/","name":"Stahlkonstruktionen - van den Herik Sliedrecht","isPartOf":{"@id":"https:\/\/herik.nl\/de\/#website"},"datePublished":"2026-03-02T17:08:58+00:00","dateModified":"2026-05-04T17:43:15+00:00","description":"Stahlkonstruktionen spielen bei unseren Projekten oft eine wichtige Rolle. Seit 2025 verf\u00fcgt Van den Herik \u00fcber eine eigene Bauabteilung.","breadcrumb":{"@id":"https:\/\/herik.nl\/de\/stahlkonstruktionen\/#breadcrumb"},"inLanguage":"de","potentialAction":[{"@type":"ReadAction","target":["https:\/\/herik.nl\/de\/stahlkonstruktionen\/"]}]},{"@type":"BreadcrumbList","@id":"https:\/\/herik.nl\/de\/stahlkonstruktionen\/#breadcrumb","itemListElement":[{"@type":"ListItem","position":1,"name":"Home","item":"https:\/\/herik.nl\/de\/voorbeeld-pagina\/"},{"@type":"ListItem","position":2,"name":"Stahlkonstruktionen"}]},{"@type":"WebSite","@id":"https:\/\/herik.nl\/de\/#website","url":"https:\/\/herik.nl\/de\/","name":"van den Herik Sliedrecht","description":"","potentialAction":[{"@type":"SearchAction","target":{"@type":"EntryPoint","urlTemplate":"https:\/\/herik.nl\/de\/?s={search_term_string}"},"query-input":{"@type":"PropertyValueSpecification","valueRequired":true,"valueName":"search_term_string"}}],"inLanguage":"de"}]}},"_links":{"self":[{"href":"https:\/\/herik.nl\/de\/wp-json\/wp\/v2\/pages\/11206","targetHints":{"allow":["GET"]}}],"collection":[{"href":"https:\/\/herik.nl\/de\/wp-json\/wp\/v2\/pages"}],"about":[{"href":"https:\/\/herik.nl\/de\/wp-json\/wp\/v2\/types\/page"}],"author":[{"embeddable":true,"href":"https:\/\/herik.nl\/de\/wp-json\/wp\/v2\/users\/9"}],"replies":[{"embeddable":true,"href":"https:\/\/herik.nl\/de\/wp-json\/wp\/v2\/comments?post=11206"}],"version-history":[{"count":1,"href":"https:\/\/herik.nl\/de\/wp-json\/wp\/v2\/pages\/11206\/revisions"}],"predecessor-version":[{"id":11209,"href":"https:\/\/herik.nl\/de\/wp-json\/wp\/v2\/pages\/11206\/revisions\/11209"}],"wp:attachment":[{"href":"https:\/\/herik.nl\/de\/wp-json\/wp\/v2\/media?parent=11206"}],"curies":[{"name":"wp","href":"https:\/\/api.w.org\/{rel}","templated":true}]}}